{"id":761,"date":"2022-03-12T10:35:47","date_gmt":"2022-03-12T10:35:47","guid":{"rendered":"https:\/\/brotherootzsup.com\/the-crew\/"},"modified":"2026-01-13T23:05:26","modified_gmt":"2026-01-13T23:05:26","slug":"a-tripulacao","status":"publish","type":"page","link":"https:\/\/brotherootzsup.com\/pt-pt\/a-tripulacao\/","title":{"rendered":"A Tripula\u00e7\u00e3o"},"content":{"rendered":"<div class=\"wpb-content-wrapper\"><p>[vc_row][vc_column][vc_custom_heading text=&#8221;Conhe\u00e7a a Equipa&#8221; font_container=&#8221;tag:h1|text_align:center&#8221; use_theme_fonts=&#8221;yes&#8221; css_params=&#8221;&#8221;][\/vc_column][\/vc_row][vc_row content_placement=&#8221;middle&#8221; css=&#8221;.vc_custom_1647081407466{margin-top: 50px !important;}&#8221;][vc_column width=&#8221;1\/3&#8243;][vc_single_image image=&#8221;570&#8243; img_size=&#8221;full&#8221; alignment=&#8221;center&#8221;][\/vc_column][vc_column width=&#8221;2\/3&#8243;][vc_column_text]<\/p>\n<p style=\"text-align: left;\"><span style=\"font-size: 20px;\"><strong><span style=\"color: #20476b;\"><em>&#8220;Ol\u00e1, sou o Egas, a raiz art\u00edstica dos irm\u00e3os.<\/em><\/span><\/strong><\/span><\/p>\n<p style=\"text-align: left;\"><span style=\"font-size: 17px; color: #20476b;\"><em> Nasci e cresci na praia do Carvoeiro e remo estes mares desde crian\u00e7a. Durante a universidade e at\u00e9 antes, j\u00e1 trabalhava na praia e trabalhei como guia. Competi andebol toda a minha vida, formei-me em Medicina Dent\u00e1ria, mas decidi que preciso demasiado do oceano para ficar longe dele! Amante da m\u00fasica e das artes, adoro tocar guitarra, cantar, gosto de astrologia e espiritualidade. Sempre divertido e pronto para ajudar, tornarei a tua viagem divertida e educativa.<\/em><\/span><\/p>\n<p>[\/vc_column_text][vc_column_text css=&#8221;.vc_custom_1647081603243{margin-bottom: 0px !important;}&#8221;]<\/p>\n<p style=\"text-align: left;\"><strong>Follow Me<\/strong><\/p>\n<p>[\/vc_column_text]<div class=\"porto-u-icons\"><a class=\"porto-icon fab fa-facebook-f \"  style=\"color:#d0a370;font-size:16px;margin-right:5px;\" href=\"#\"><\/a><a class=\"porto-icon fab fa-instagram \"  style=\"color:#d0a370;font-size:16px;margin-right:5px;\" href=\"#\"><\/a><\/div>[\/vc_column][\/vc_row][vc_row content_placement=&#8221;middle&#8221; css=&#8221;.vc_custom_1647081407466{margin-top: 50px !important;}&#8221;][vc_column width=&#8221;1\/3&#8243;][vc_single_image image=&#8221;575&#8243; img_size=&#8221;full&#8221; alignment=&#8221;center&#8221;][\/vc_column][vc_column width=&#8221;2\/3&#8243;][vc_column_text]<\/p>\n<p style=\"text-align: left;\"><span style=\"font-size: 20px;\"><strong><span style=\"color: #20476b;\"><em>&#8220;Oi! Eu sou Caio, a raiz aventureira dos irm\u00e3os. <\/em><\/span><\/strong><\/span><\/p>\n<p style=\"text-align: left;\"><span style=\"font-size: 17px; color: #20476b;\"><em>Sou Ge\u00f3grafo nascido e criado no Rio de Janeiro, mas com fortes ra\u00edzes no Algarve. Cresci cercado pelo oceano e pelas montanhas, o que me deixou viciado em atividades ao ar livre, como remar canoa havaiana, escalada e surf. Este estilo de vida me fez querer levar as pessoas a experiment\u00e1-lo. Trabalho como guia de montanha e SUP h\u00e1 alguns anos, tendo habilidades e conhecimento suficiente para proporcionar a voc\u00ea uma experi\u00eancia divertida e segura com a BrotheRootz!&#8221;<\/em><\/span><\/p>\n<p>[\/vc_column_text][vc_column_text css=&#8221;.vc_custom_1647081603243{margin-bottom: 0px !important;}&#8221;]<\/p>\n<p style=\"text-align: left;\"><strong>Follow Me<\/strong><\/p>\n<p>[\/vc_column_text]<div class=\"porto-u-icons\"><a class=\"porto-icon fab fa-facebook-f \"  style=\"color:#d0a370;font-size:16px;margin-right:5px;\" href=\"#\"><\/a><a class=\"porto-icon fab fa-instagram \"  style=\"color:#d0a370;font-size:16px;margin-right:5px;\" href=\"#\"><\/a><\/div>[\/vc_column][\/vc_row][vc_row content_placement=&#8221;middle&#8221; css=&#8221;.vc_custom_1647081407466{margin-top: 50px !important;}&#8221;][vc_column width=&#8221;1\/3&#8243;][vc_single_image image=&#8221;578&#8243; img_size=&#8221;full&#8221; alignment=&#8221;center&#8221;][\/vc_column][vc_column width=&#8221;2\/3&#8243;][vc_column_text]<\/p>\n<p style=\"text-align: left;\"><span style=\"font-size: 20px; color: #20476b;\"><em>&#8220;<strong>Ol\u00e1, eu sou o Francisco, o anf\u00edbio dos irm\u00e3os. <\/strong><\/em><\/span><\/p>\n<p style=\"text-align: left;\"><span style=\"font-size: 17px; color: #20476b;\"><em>Nascido no Algarve e criado na praia de Vale Centeanes, o mar \u00e9 a minha casa. Desde crian\u00e7a que a nata\u00e7\u00e3o era meu principal desporto, onde competi at\u00e9 os 18 anos. Passei minha adolesc\u00eancia a trabalhar na praia e a navegar nas nossas \u00e1guas como guia tur\u00edstico. Enquanto isso, estive a viajar, depois de concluir uma licenciatura em engenharia. Agora estou de volta e pronto para fazer o que me faz feliz, compartilhar com os outros um peda\u00e7o do meu para\u00edso.&#8221;<\/em><\/span><\/p>\n<p>[\/vc_column_text][vc_column_text css=&#8221;.vc_custom_1647081603243{margin-bottom: 0px !important;}&#8221;]<\/p>\n<p style=\"text-align: left;\"><strong>Follow Me<\/strong><\/p>\n<p>[\/vc_column_text]<div class=\"porto-u-icons\"><a class=\"porto-icon fab fa-facebook-f \"  style=\"color:#d0a370;font-size:16px;margin-right:5px;\" href=\"#\"><\/a><a class=\"porto-icon fab fa-instagram \"  style=\"color:#d0a370;font-size:16px;margin-right:5px;\" href=\"#\"><\/a><\/div>[\/vc_column][\/vc_row]<\/p>\n<\/div>","protected":false},"excerpt":{"rendered":"<p>[vc_row][vc_column][vc_custom_heading text=&#8221;Conhe\u00e7a a Equipa&#8221; font_container=&#8221;tag:h1|text_align:center&#8221; use_theme_fonts=&#8221;yes&#8221; css_params=&#8221;&#8221;][\/vc_column][\/vc_row][vc_row content_placement=&#8221;middle&#8221; css=&#8221;.vc_custom_1647081407466{margin-top: 50px !important;}&#8221;][vc_column width=&#8221;1\/3&#8243;][vc_single_image image=&#8221;570&#8243; img_size=&#8221;full&#8221; alignment=&#8221;center&#8221;][\/vc_column][vc_column width=&#8221;2\/3&#8243;][vc_column_text] &#8220;Ol\u00e1, sou o Egas, a raiz art\u00edstica dos irm\u00e3os. Nasci e cresci na praia do Carvoeiro e remo estes mares desde crian\u00e7a. Durante a universidade e at\u00e9 antes, j\u00e1 trabalhava na praia e trabalhei como guia. Competi andebol toda [&hellip;]<\/p>\n","protected":false},"author":116,"featured_media":0,"parent":0,"menu_order":0,"comment_status":"closed","ping_status":"closed","template":"","meta":{"inline_featured_image":false,"footnotes":""},"class_list":["post-761","page","type-page","status-publish","hentry"],"_links":{"self":[{"href":"https:\/\/brotherootzsup.com\/pt-pt\/wp-json\/wp\/v2\/pages\/761","targetHints":{"allow":["GET"]}}],"collection":[{"href":"https:\/\/brotherootzsup.com\/pt-pt\/wp-json\/wp\/v2\/pages"}],"about":[{"href":"https:\/\/brotherootzsup.com\/pt-pt\/wp-json\/wp\/v2\/types\/page"}],"author":[{"embeddable":true,"href":"https:\/\/brotherootzsup.com\/pt-pt\/wp-json\/wp\/v2\/users\/116"}],"replies":[{"embeddable":true,"href":"https:\/\/brotherootzsup.com\/pt-pt\/wp-json\/wp\/v2\/comments?post=761"}],"version-history":[{"count":0,"href":"https:\/\/brotherootzsup.com\/pt-pt\/wp-json\/wp\/v2\/pages\/761\/revisions"}],"wp:attachment":[{"href":"https:\/\/brotherootzsup.com\/pt-pt\/wp-json\/wp\/v2\/media?parent=761"}],"curies":[{"name":"wp","href":"https:\/\/api.w.org\/{rel}","templated":true}]}}