{"id":692,"date":"2022-03-11T18:54:54","date_gmt":"2022-03-11T18:54:54","guid":{"rendered":"https:\/\/brotherootzsup.com\/about-us\/"},"modified":"2026-02-10T17:49:42","modified_gmt":"2026-02-10T17:49:42","slug":"sobre-nos","status":"publish","type":"page","link":"https:\/\/brotherootzsup.com\/pt-pt\/sobre-nos\/","title":{"rendered":"Sobre N\u00f3s"},"content":{"rendered":"<div class=\"wpb-content-wrapper\"><p>[vc_row css=&#8221;.vc_custom_1647001097736{margin-top: 50px !important;}&#8221;][vc_column][vc_single_image image=&#8221;602&#8243; img_size=&#8221;full&#8221;]<div class=\"porto-u-heading  wpb_custom_077a2d7ceeb32b2fc840a71236ec7bc3 porto-u-55ca8359258f9a412be7e73af65d2aac \"><div class=\"porto-u-main-heading\"><h1   style=\"margin-bottom: 10px;\">SOBRE N\u00d3S<\/h1><\/div><div class=\"porto-u-heading-spacer line_only\" style=\"margin-bottom: 10px;height:3px;\"><span class=\"porto-u-headings-line\" style=\"border-style:solid;border-bottom-width:3px;border-color:#d0a370;width:75px;\"><\/span><\/div><div class=\"porto-u-sub-heading\" style=\"color: #20476b;\"><span style=\"font-size: 35px;\">Somos <strong>BrotheRootz<\/strong><\/span><\/div><style>.porto-u-55ca8359258f9a412be7e73af65d2aac.porto-u-heading{text-align:center} .porto-u-55ca8359258f9a412be7e73af65d2aac .porto-u-headings-line{float: unset;}<\/style><\/div>[vc_column_text css=&#8221;.vc_custom_1647025261682{margin-top: 50px !important;}&#8221;]<\/p>\n<p style=\"text-align: center;\"><strong>Somos uma empresa de SUP amiga do ambiente que nasceu gra\u00e7as a 3 jovens locais que tiveram o mesmo sonho! Constru\u00edmos uma forma sustent\u00e1vel e alternativa de viver e fazer o que mais gostamos no lugar onde crescemos. Autenticidade, boas vibra\u00e7\u00f5es, Sol e \u00e1gua salgada \u00e9 o que nos define!<\/strong><\/p>\n<p style=\"text-align: center;\">Decidimos que ser\u00edamos a diferen\u00e7a, ser\u00edamos genu\u00ednos e manter\u00edamos as nossas ra\u00edzes, por isso escolhemos a Praia do Carvalho como nosso porto de partida para a gruta de Benagil, evitando as multid\u00f5es e a confus\u00e3o da \u00e9poca alta, assim como prepar\u00e1mos um percurso n\u00e3o convencional mais exclusivo .<br \/>\nLevamos apenas 10 pessoas por passeio, por isso \u00e9 mais intimista, divertido e seguro. BotheRootz \u00e9 composto por jovens guias locais com uma nova vis\u00e3o e abordagem ao Turismo do Algarve.<\/p>\n<p style=\"text-align: center;\">O nosso foco \u00e9 proporcionar uma experi\u00eancia \u00fanica no local onde crescemos, que \u00e9 reconhecido por muitos como uma das mais belas e surpreendentes maravilhas naturais de Portugal. A costa de Lagoa (Benagil) \u00e9 conhecida h\u00e1 d\u00e9cadas pelas suas maravilhosas grutas, praias secretas e impressionantes forma\u00e7\u00f5es rochosas fossilizadas, esculpidas ao longo dos s\u00e9culos pelas for\u00e7as naturais da m\u00e3e natureza.<\/p>\n<p style=\"text-align: center;\">Vimos com os nossos pr\u00f3prios olhos a deteriora\u00e7\u00e3o que as grandes massas podem trazer \u00e0s nossas \u00e1guas e florestas, incluindo a perda de qualidade de servi\u00e7os por parte das empresas tur\u00edsticas. \u00c9 por isso que queremos investir num turismo mais ECO e familiar, onde o impacto nos nossos ecossistemas seja significativamente reduzido, tendo uma rela\u00e7\u00e3o mais pessoal com os nossos clientes.<\/p>\n<p style=\"text-align: center;\">Na maior parte do ano o nosso oceano n\u00e3o tem ondas e as nossas pranchas tamb\u00e9m s\u00e3o extremamente est\u00e1veis, portanto, mesmo que seja a tua primeira vez, n\u00e3o haver\u00e1 problemas em ficar em p\u00e9 na prancha. Tamb\u00e9m poder\u00e1s ir sentado ou ajoelhado, se necess\u00e1rio. Al\u00e9m disso, ter\u00e1s ao teu lado um guia habilidoso que te dar\u00e1 todas as dicas e suporte para que te sintas seguro e confort\u00e1vel na \u00e1gua. Todos na nossa equipa cresceram na praia rodeados pelos turistas que visitam os nossos pontos m\u00e1gicos, ent\u00e3o o oceano \u00e9 a nossa casa e todos est\u00e3o acostumados a interagir com as diferentes culturas do mundo.<\/p>\n<p>[\/vc_column_text][\/vc_column][\/vc_row]<\/p>\n<\/div>","protected":false},"excerpt":{"rendered":"<p>[vc_row css=&#8221;.vc_custom_1647001097736{margin-top: 50px !important;}&#8221;][vc_column][vc_single_image image=&#8221;602&#8243; img_size=&#8221;full&#8221;][vc_column_text css=&#8221;.vc_custom_1647025261682{margin-top: 50px !important;}&#8221;] Somos uma empresa de SUP amiga do ambiente que nasceu gra\u00e7as a 3 jovens locais que tiveram o mesmo sonho! Constru\u00edmos uma forma sustent\u00e1vel e alternativa de viver e fazer o que mais gostamos no lugar onde crescemos. Autenticidade, boas vibra\u00e7\u00f5es, Sol e \u00e1gua salgada \u00e9 [&hellip;]<\/p>\n","protected":false},"author":116,"featured_media":0,"parent":0,"menu_order":0,"comment_status":"closed","ping_status":"closed","template":"","meta":{"inline_featured_image":false,"footnotes":""},"class_list":["post-692","page","type-page","status-publish","hentry"],"_links":{"self":[{"href":"https:\/\/brotherootzsup.com\/pt-pt\/wp-json\/wp\/v2\/pages\/692","targetHints":{"allow":["GET"]}}],"collection":[{"href":"https:\/\/brotherootzsup.com\/pt-pt\/wp-json\/wp\/v2\/pages"}],"about":[{"href":"https:\/\/brotherootzsup.com\/pt-pt\/wp-json\/wp\/v2\/types\/page"}],"author":[{"embeddable":true,"href":"https:\/\/brotherootzsup.com\/pt-pt\/wp-json\/wp\/v2\/users\/116"}],"replies":[{"embeddable":true,"href":"https:\/\/brotherootzsup.com\/pt-pt\/wp-json\/wp\/v2\/comments?post=692"}],"version-history":[{"count":0,"href":"https:\/\/brotherootzsup.com\/pt-pt\/wp-json\/wp\/v2\/pages\/692\/revisions"}],"wp:attachment":[{"href":"https:\/\/brotherootzsup.com\/pt-pt\/wp-json\/wp\/v2\/media?parent=692"}],"curies":[{"name":"wp","href":"https:\/\/api.w.org\/{rel}","templated":true}]}}