{"id":1682,"date":"2024-03-25T20:44:55","date_gmt":"2024-03-25T20:44:55","guid":{"rendered":"https:\/\/brotherootzsup.com\/private-kajaktour\/"},"modified":"2026-03-28T02:18:26","modified_gmt":"2026-03-28T02:18:26","slug":"caiaque-privado","status":"publish","type":"page","link":"https:\/\/brotherootzsup.com\/pt-pt\/caiaque-privado\/","title":{"rendered":"Caiaque Privado"},"content":{"rendered":"<div class=\"wpb-content-wrapper\"><p>[vc_row css=&#8221;.vc_custom_1647001097736{margin-top: 50px !important;}&#8221;][vc_column width=&#8221;1\/3&#8243; is_sticky=&#8221;yes&#8221; sticky_min_width=&#8221;767&#8243; sticky_top=&#8221;110&#8243; sticky_bottom=&#8221;0&#8243;][vc_single_image image=&#8221;1429&#8243; img_size=&#8221;full&#8221; alignment=&#8221;center&#8221;]<div class=\"porto-u-heading  wpb_custom_11ba6a5b91c64f88f77ecbcd092b17dd porto-u-55ca8359258f9a412be7e73af65d2aac \"><div class=\"porto-u-main-heading\"><h1   style=\"margin-bottom: 5px;\">Caiaque Privado<\/h1><\/div><div class=\"porto-u-sub-heading\" style=\"\"><strong>desde<\/strong> 106\u20ac 1 Pax | 2,5 Horas<\/div><style>.porto-u-55ca8359258f9a412be7e73af65d2aac.porto-u-heading{text-align:center}<\/style><\/div><div class=\"porto-btn-ctn-center \"><a class=\"porto-btn  vc_custom_1716483139464 porto-adjust-bottom-margin porto-btn-block porto-btn-top-bg   wpb_custom_75390352142225f56fd636bc4e71439d  porto-btn-center \"  rel='' href = \"#contact_form\"  data-hover=\"#ffffff\" data-border-color=\"\" data-bg=\"#20476b\" data-hover-bg=\"#507ba2\" data-border-hover=\"\" data-shadow-click=\"none\" data-shadow=\"\" style=\"border:none;background: #20476b;color: #ffffff;\"><span class=\"porto-btn-hover\" style=\"background-color:#507ba2\"><\/span><span class=\"porto-btn-data porto-btn-text \" >PEDIR MAIS INFORMA\u00c7\u00d5ES<\/span><\/a><\/div><div class=\"porto-btn-ctn-center \"><a class=\"porto-btn  vc_custom_1774663834047 porto-adjust-bottom-margin porto-btn-block porto-btn-top-bg   wpb_custom_75390352142225f56fd636bc4e71439d  porto-btn-center \" rel=\"noopener\" href=\"https:\/\/fareharbor.com\/embeds\/book\/brotherootzsup\/items\/374525\/?full-items=yes&#038;language=pt&#038;flow=730546_blank\" target=\"_blank\" data-hover=\"#ffffff\" data-border-color=\"\" data-bg=\"#d0a370\" data-hover-bg=\"#8c592d\" data-border-hover=\"\" data-shadow-click=\"none\" data-shadow=\"\" style=\"border:none;background: #d0a370;color: #ffffff;\"><span class=\"porto-btn-hover\" style=\"background-color:#8c592d\"><\/span><span class=\"porto-btn-data porto-btn-text \" >RESERVA AGORA<\/span><\/a><\/div><div class=\"porto-btn-ctn-center clique_telemovel\"><a class=\"porto-btn  vc_custom_1716515004889 porto-adjust-bottom-margin porto-btn-block porto-btn-top-bg   wpb_custom_75390352142225f56fd636bc4e71439d  porto-btn-center \"  rel='' href = \"tel:+351912042042\"  data-hover=\"#ffffff\" data-border-color=\"#20476b\" data-bg=\"\" data-hover-bg=\"#507ba2\" data-border-hover=\"#507ba2\" data-shadow-click=\"none\" data-shadow=\"\" style=\"border-width:1px;border-color:#20476b;border-style:solid;color: #20476b;\"><span class=\"porto-btn-hover\" style=\"background-color:#507ba2\"><\/span><span class=\"porto-btn-data porto-btn-text \" >LIGAR +351 912 042 042<\/span><\/a><\/div>[vc_column_text]<\/p>\n<div class=\"wpb_text_column wpb_content_element \">\n<div class=\"wpb_wrapper\">\n<p style=\"text-align: center;\">chamada para a rede m\u00f3vel nacional portuguesa<\/p>\n<\/div>\n<\/div>\n<p>[\/vc_column_text][vc_column_text css=&#8221;.vc_custom_1716482707260{margin-top: -15px !important;margin-bottom: 10px !important;}&#8221;]<strong>Partilhar em:<\/strong>[\/vc_column_text][\/vc_column][vc_column width=&#8221;2\/3&#8243;][vc_column_text css=&#8221;.vc_custom_1711540538765{margin-top: 50px !important;}&#8221;]<\/p>\n<h2 style=\"text-align: left;\"><span style=\"color: #20476b;\">Passeio de caiaque PRIVADO at\u00e9 \u00e0 gruta de Benagil a partir da Praia do Carvalho com Fotos em 4K GR\u00c1TIS<\/span><\/h2>\n<h3 style=\"text-align: left;\">Sinta as Ra\u00edzes Genu\u00ednas do Algarve<\/h3>\n<p>Passeio de caiaque privado e ecol\u00f3gico at\u00e9 \u00e0 gruta de Benagil e seus arredores com Fotos em 4K GR\u00c1TIS para que voc\u00ea visite as grutas com seu grupo e apenas o seu grupo. Desfrute de um passeio feito para pessoas que desejam mais aten\u00e7\u00e3o e servi\u00e7o personalizado.<\/p>\n<p>Aproveite ao m\u00e1ximo a sua estadia no Algarve fazendo um passeio de caiaque ecol\u00f3gico conosco!<br \/>\nInicie esta aventura na m\u00e1gica Praia do Carvalho, de onde o guiaremos por 2 horas ao longo da deslumbrante costa de Benagil. Nossos guias, uma equipe de jovens locais experientes, tornar\u00e3o seu dia divertido e tranquilo, mesmo que seja a sua primeira vez num caiaque.<\/p>\n<blockquote>\n<p>\u00c1gua salgada e boas vibra\u00e7\u00f5es definem quem somos.<\/p>\n<\/blockquote>\n<p>[\/vc_column_text]<div class=\"porto-block\" data-id=\"1636\"><style>.vc_custom_1711533141594{margin-top: 50px !important;}<\/style>[vc_row][vc_column][vc_column_text css=\".vc_custom_1711533141594{margin-top: 50px !important;}\"]<\/p>\r\n<h3>O que nos torna Especiais?<\/h3>\r\n<ol>\r\n<li><strong> Comece na Joia Escondida de Carvalho:<br \/>\r\n<\/strong>Sua jornada come\u00e7a na deslumbrante Praia de Carvalho, envolta por fal\u00e9sias de calc\u00e1rio e acess\u00edvel atrav\u00e9s de um t\u00fanel hist\u00f3rico, oferecendo um ponto de partida isolado e impressionante.<\/li>\r\n<li><strong>A<\/strong><strong>ventura de Caiaque Guiada por Especialistas:<br \/>\r\n<\/strong>Embarque numa inesquec\u00edvel viagem de caiaque liderada pelos nossos experientes guias, EGAS, CAIO &amp; FRANCISCO, garantindo seguran\u00e7a e emo\u00e7\u00e3o enquanto explora as grutas, \"algares\" e forma\u00e7\u00f5es naturais mais deslumbrantes ao longo da costa do Algarve.<\/li>\r\n<li><strong> Experi\u00eancia em Grupo Intima:<br \/>\r\n<\/strong>Junte-se aos nossos passeios em grupos pequenos, limitados a 12 participantes, para uma aventura personalizada onde voc\u00ea recebe aten\u00e7\u00e3o individual, promovendo uma conex\u00e3o mais pr\u00f3xima tanto com seus companheiros aventureiros quanto com os arredores deslumbrantes.<\/li>\r\n<li><strong> Escapar das Multid\u00f5es:<br \/>\r\n<\/strong>Experimente a tranquilidade da Praia de Carvalho, a apenas alguns minutos da movimentada Praia de Benagil, oferecendo um ambiente sereno e isolado longe das multid\u00f5es tur\u00edsticas t\u00edpicas.<\/li>\r\n<li><strong> Mem\u00f3rias Fotogr\u00e1ficas em 4K Gratuitas:<br \/>\r\n<\/strong>Capture suas mem\u00f3rias em detalhes impressionantes com fotos em 4K gratuitas tiradas na famosa gruta de Benagil \"Algar\" em Portugal e outros locais pitorescos, garantindo que suas experi\u00eancias sejam imortalizadas para compartilhar com seus entes queridos.<strong>\u00a0<\/strong><\/li>\r\n<li><strong> Relaxar na Praia de Carvalho:<br \/>\r\n<\/strong>Conclua sua aventura de volta \u00e0 Praia de Carvalho, onde voc\u00ea pode relaxar tomando sol ou dar um mergulho refrescante nas \u00e1guas cristalinas, cercado por fal\u00e9sias de calc\u00e1rio e uma paisagem pitoresca.<\/li>\r\n<li><strong>Valor e Conveni\u00eancia Imbat\u00edveis:<br \/>\r\n<\/strong>Experimente um valor incompar\u00e1vel com a Brotherootz, oferecendo experi\u00eancias de aventura de alta qualidade a pre\u00e7os b\u00e1sicos.<br \/>\r\nDesfrute de amenidades gratuitas, como roupas de mergulho, bolsas secas e assentos com suporte lombar para maior conforto e conveni\u00eancia.<br \/>\r\nBeneficie de transfer\u00eancias sem problemas dentro da \u00e1rea do Conselho de Lagoa, incluindo servi\u00e7os de busca e entrega em hot\u00e9is e casas em Lagoa, Carvoeiro, Porches, Est\u00f4mbar, Parchal e Ferragudo.<br \/>\r\nCapture suas mem\u00f3rias com fotos gratuitas tiradas durante o passeio, garantindo lembran\u00e7as duradouras da sua aventura.<br \/>\r\nReceba um servi\u00e7o de alta qualidade dos nossos guias especializados, que fornecem amplo conhecimento sobre hist\u00f3ria local, biodiversidade e geologia, garantindo tanto seguran\u00e7a quanto emo\u00e7\u00e3o durante toda a sua jornada.)<\/li>\r\n<\/ol>\r\n<p>&nbsp;[\/vc_column_text][\/vc_column][\/vc_row]<\/div>[vc_single_image image=&#8221;1661&#8243; img_size=&#8221;full&#8221; alignment=&#8221;center&#8221;][vc_column_text css=&#8221;.vc_custom_1774664047653{margin-top: 50px !important;}&#8221; css_params=&#8221;&#8221;]<\/p>\n<h3>Pre\u00e7os a partir de<\/h3>\n<p>106,00 \u20ac Uma pessoa<br \/>\n190,80 \u20ac Duas pessoas<br \/>\n270,30 \u20ac Tr\u00eas pessoas<br \/>\n339,20 \u20ac Quatro pessoas<br \/>\n397,50 \u20ac Cinco pessoas<br \/>\n445,20 \u20ac Seis pessoas<br \/>\n482,30 \u20ac Sete pessoas<br \/>\n508,80 \u20ac Oito pessoas<br \/>\n524,70 \u20ac Nove pessoas<br \/>\n530,00 \u20ac Dez pessoas<br \/>\n581,94 \u20ac Onze pessoas &#8211; 13+ anos<br \/>\n629,64 \u20ac Doze pessoas &#8211; 13+ anos<br \/>\n678,40 \u20ac Treze pessoas<br \/>\n726,10 \u20ac Catorze pessoas<br \/>\n773,80 \u20ac Quinze pessoas<br \/>\n816,20 \u20ac Dezasseis pessoas<br \/>\n863,90 \u20ac Dezassete pessoas<br \/>\n911,60 \u20ac Dezoito pessoas<br \/>\n943,40 \u20ac Dezanove pessoas<br \/>\n954,00 \u20ac Vinte pessoas<br \/>\n1001,70 \u20ac Vinte e uma pessoas<br \/>\n1049,40 \u20ac Vinte e duas Pessoas<br \/>\n1097,10 \u20ac Vinte e tr\u00eas pessoas<br \/>\n1144,80 \u20ac Vinte e quatro pessoas &#8211; 13+ anos[\/vc_column_text]<div class=\"porto-block\" data-id=\"1625\"><style>.vc_custom_1647026300243{margin-bottom: 50px !important;}<\/style>[vc_row][vc_column][vc_tta_accordion style=\"flat\" shape=\"square\" gap=\"5\" c_position=\"right\" active_section=\"150\" no_fill=\"true\" collapsible_all=\"true\" css=\".vc_custom_1647026300243{margin-bottom: 50px !important;}\"][vc_tta_section title=\"O que est\u00e1 inclu\u00eddo?\" tab_id=\"pt_1\"][vc_column_text]<\/p>\r\n<ul>\r\n<li>\u00a0Passeio de aproximadamente 2 horas<\/li>\r\n<li>\u00a0Guia local profissional<\/li>\r\n<li>\u00a0Todo o equipamento necess\u00e1rio para o passeio (caiaque, remos, colete salvavidas)<\/li>\r\n<li>\u00a0Bolsas secas para equipamentos essenciais (c\u00e2meras, celulares, chaves)<\/li>\r\n<li>\u00a0Fotos em 4K inclu\u00eddas<\/li>\r\n<li>\u00a0Seguro<\/li>\r\n<li>\u00a0Roupas de mergulho inclu\u00eddas se estiver frio<\/li>\r\n<li>\u00a0Assento com suporte lombar inclu\u00eddo<\/li>\r\n<li>\u00a0Transfer\u00eancia inclu\u00edda dentro do conselho de Lagoa (casas e hot\u00e9is)<\/li>\r\n<li>\u00a0Divers\u00e3o, boas vibra\u00e7\u00f5es e autenticidade<\/li>\r\n<\/ul>\r\n<p>[\/vc_column_text][\/vc_tta_section][vc_tta_section title=\"O que est\u00e1 exclu\u00eddo\" tab_id=\"pt_2\"][vc_column_text]<\/p>\r\n<ul>\r\n<li>Gorjetas<\/li>\r\n<\/ul>\r\n<p>[\/vc_column_text][\/vc_tta_section][vc_tta_section title=\"O que voc\u00ea vai fazer?\" tab_id=\"pt_3\"][vc_column_text]<\/p>\r\n<ul>\r\n<li>Briefing incluindo medidas de seguran\u00e7a e como usar o equipamento e comportamento no oceano<\/li>\r\n<li>\u00a0Partida da deslumbrante praia de Carvalho para o oceano com seu guia sempre ao seu lado, duas pessoas por caiaque.<\/li>\r\n<li>\u00a0Ap\u00f3s a partida, deslizamos ao longo da costa na dire\u00e7\u00e3o de Benagil, visitando as grutas e praias secretas ao longo desta rota \u00fanica e radical que preparamos para voc\u00ea, enquanto fotos s\u00e3o tiradas ao longo do caminho<\/li>\r\n<li>\u00a0Este passeio foi preparado com informa\u00e7\u00f5es hist\u00f3ricas, geol\u00f3gicas e biol\u00f3gicas sobre a \u00e1rea local, pois fazemos passeios dentro do Parque Natural Marinho do Recife Algarvio (Parque Natural Marinho do Recife Algarvio)<\/li>\r\n<li>\u00a0Depois de explorarmos algumas grutas, chegamos \u00e0 Gruta de Benagil e tiramos fotos l\u00e1 dentro, permanecendo l\u00e1 por um tempo<\/li>\r\n<li>\u00a0Em seguida, continuamos explorando as outras Grutas de Benagil e recintos secretos<\/li>\r\n<li>\u00a0Retorno remando da gruta de Benagil de volta \u00e0 praia de Carvalho onde come\u00e7amos.<\/li>\r\n<\/ul>\r\n<p>[\/vc_column_text][\/vc_tta_section][vc_tta_section title=\"O que esperar?\" tab_id=\"pt_4\"][vc_column_text]<\/p>\r\n<ul>\r\n<li>Passeio ecol\u00f3gico, sem motores na \u00e1gua<\/li>\r\n<li>\u00a0Espere um passeio do tamanho certo, com o n\u00famero certo de participantes, o passeio flui naturalmente<\/li>\r\n<li>\u00a0Vibra\u00e7\u00f5es felizes e amig\u00e1veis de uma equipe de guias jovens, locais e experientes, prontos para ajud\u00e1lo de qualquer maneira necess\u00e1ria<\/li>\r\n<li>\u00a0Explica\u00e7\u00f5es hist\u00f3ricas, geol\u00f3gicas e biol\u00f3gicas, bem como conscientiza\u00e7\u00e3o sobre ecoturismo e sustentabilidade<\/li>\r\n<li>\u00a0Grande aten\u00e7\u00e3o aos detalhes, em um servi\u00e7o relaxado, mas de alta qualidade<\/li>\r\n<li>\u00a0Todos os extras j\u00e1 inclu\u00eddos: fotos em 4k, roupas de mergulho, assento com suporte lombar, bolsas secas<\/li>\r\n<\/ul>\r\n<p>[\/vc_column_text][\/vc_tta_section][vc_tta_section title=\"Saiba antes de ir\" tab_id=\"pt_5\"][vc_column_text css=\"\" css_params=\"\"]<\/p>\r\n<ul>\r\n<li>\u00c9 necess\u00e1rio chegar ao parque de estacionamento da praia do Carvalho \u00e0 hora do seu passeio.<\/li>\r\n<li>O check-in termina 10 minutos ap\u00f3s a hora do seu passeio<\/li>\r\n<li>Os atrasados \u200b\u200b\u200b\u200bn\u00e3o poder\u00e3o participar no passeio.<\/li>\r\n<li>Encontre a nossa equipa ao lado da carrinha Fiat Ducato colorida.<\/li>\r\n<li>\u00c9 um parque de estacionamento com cal\u00e7ada de pedra e a rua que leva at\u00e9 ele tamb\u00e9m.<\/li>\r\n<li>Existem algumas aplica\u00e7\u00f5es de GPS que por vezes vos levam para o outro lado da praia, que \u00e9 uma estrada de terra batida que vos leva para mais perto da praia, mas n\u00e3o \u00e9 isso. Vai precisar de um 4x4 para voltar =) escreva estacionamento da praia do carvalho novamente e deve resolver, ou troque a aplica\u00e7\u00e3o GPS.<\/li>\r\n<li><\/li>\r\n<li>&nbsp;A capacidade m\u00e1xima do passeio \u00e9 de 12 pessoas, ent\u00e3o \u00e9 mais \u00edntimo, seguro e divertido<\/li>\r\n<li>&nbsp;Esta atividade n\u00e3o \u00e9 recomendada para n\u00e3o nadadores e pessoas com mobilidade reduzida.<\/li>\r\n<li>&nbsp;Traga trajes de banho\/roupas de praia e uma toalha para secar no final do passeio.<\/li>\r\n<li>&nbsp;Traga \u00e1gua<\/li>\r\n<li>&nbsp;Estacionamento gratuito<\/li>\r\n<li>&nbsp;Deve assinar um termo de responsabilidade ao chegar<\/li>\r\n<\/ul>\r\n<p>[\/vc_column_text][\/vc_tta_section][\/vc_tta_accordion][vc_column_text css=\"\" css_params=\"\"]<\/p>\r\n<h3><span style=\"color: #20476b;\">Localiza\u00e7\u00e3o<\/span><\/h3>\r\n<p>Lat 37.087413 long 8.432903<br \/>\r\nEstacionamento Praia de Carvalho, rua Algarve Clube Atl\u00e2ntico,<br \/>\r\n8400 Lagoa<\/p>\r\n<p>&nbsp;<\/p>\r\n<h3><span style=\"color: #20476b;\">Google Map Link<\/span><\/h3>\r\n<p><a href=\"https:\/\/www.google.com\/maps\/place\/Brotherootz+Sup+Tours\/@37.0874208,-8.4329101,17z\/data=!3m1!4b1!4m6!3m5!1s0xd1ad7ea1995297f:0xe93ded80efaaca44!8m2!3d37.0874208!4d-8.4329101!16s%2Fg%2F11rv3vpqqx?entry=ttu\" target=\"_blank\" rel=\"noopener\">Clique aqui<\/a><\/p>\r\n<p>&nbsp;<\/p>\r\n<h3><span style=\"color: #20476b;\">Dicas \u00fateis<\/span><\/h3>\r\n<ul>\r\n<li>\u00c9 necess\u00e1rio chegar ao parque de estacionamento da praia do Carvalho \u00e0 hora do seu passeio.<\/li>\r\n<li>O check-in termina 10 minutos ap\u00f3s a hora do seu passeio<\/li>\r\n<li>Os atrasados \u200b\u200b\u200b\u200bn\u00e3o poder\u00e3o participar no passeio.<\/li>\r\n<li>Encontre a nossa equipa ao lado da carrinha Fiat Ducato colorida.<\/li>\r\n<li>\u00c9 um parque de estacionamento com cal\u00e7ada de pedra e a rua que leva at\u00e9 ele tamb\u00e9m.<\/li>\r\n<li>Existem algumas aplica\u00e7\u00f5es de GPS que por vezes vos levam para o outro lado da praia, que \u00e9 uma estrada de terra batida que vos leva para mais perto da praia, mas n\u00e3o \u00e9 isso. Vai precisar de um 4x4 para voltar =) escreva estacionamento da praia do carvalho novamente e deve resolver, ou troque a aplica\u00e7\u00e3o GPS.<\/li>\r\n<li>&nbsp;O estacionamento fica no final da estrada do Algarve Clube Atl\u00e2ntico<\/li>\r\n<li>&nbsp;Traga \u00e1gua<\/li>\r\n<li>&nbsp;Tente sempre reservar os passeios mais cedo, porque todos os fatores diferentes s\u00e3o muito melhores de manh\u00e3, como nenhum vento, sem ondas e sem barcos!<\/li>\r\n<li>&nbsp;H\u00e1 uma parada de \u00f4nibus a apenas 5 minutos a p\u00e9 do estacionamento de Carvalho chamada parada de \u00f4nibus Praia do Carvalho<\/li>\r\n<li>&nbsp;Transfer inclu\u00eddo na \u00e1rea de Carvoeiro e Lagoa<\/li>\r\n<li>&nbsp;Se estiver em Lagos, Albufeira ou em qualquer outra parte, pegue um \u00f4nibus para a esta\u00e7\u00e3o de \u00f4nibus ou trem de Lagoa e n\u00f3s o levaremos at\u00e9 a praia e de volta ap\u00f3s o passeio!<\/li>\r\n<li>&nbsp;Estas s\u00e3o as linhas de \u00f4nibus para a Praia de Carvalho:<br \/>\r\n52|Linha de Cliffs EVA<br \/>\r\n107|Portim\u00e3o &nbsp;Praia do Carvalho<\/li>\r\n<\/ul>\r\n<p>[\/vc_column_text][\/vc_column][\/vc_row]<\/div>[vc_single_image image=&#8221;1667&#8243; img_size=&#8221;full&#8221; alignment=&#8221;center&#8221;]<div class=\"porto-block\" data-id=\"2298\"><style>.vc_custom_1716483266566{margin-top: 25px !important;}.vc_custom_1716483091402{margin-bottom: 25px !important;}.wpb_custom_4e9d5829ddba4152f8f39aee9c77adcb.porto-u-heading .porto-u-main-heading > *{font-size:13px;}<\/style>[vc_section css=\".vc_custom_1716483266566{margin-top: 25px !important;}\" conditional_render=\"%5B%7B%22value_role%22%3A%22administrator%22%7D%5D\" el_id=\"contact_form\"][vc_row][vc_column][vc_separator color=\"custom\" el_width=\"70\" accent_color=\"#20476b\" css=\".vc_custom_1716483091402{margin-bottom: 25px !important;}\"][\/vc_column][\/vc_row][vc_row][vc_column text_align=\"center\" conditional_render=\"%5B%7B%22value_role%22%3A%22administrator%22%7D%5D\"]<div class=\"porto-u-heading  wpb_custom_4e9d5829ddba4152f8f39aee9c77adcb porto-u-55ca8359258f9a412be7e73af65d2aac \"><div class=\"porto-u-main-heading\"><h2   style=\"margin-bottom: 10px;\">PRECISA DE MAIS INFORMA\u00c7\u00d5ES?<\/h2><\/div><div class=\"porto-u-heading-spacer line_only\" style=\"margin-bottom: 10px;height:3px;\"><span class=\"porto-u-headings-line\" style=\"border-style:solid;border-bottom-width:3px;border-color:#d0a370;width:75px;\"><\/span><\/div><div class=\"porto-u-sub-heading\" style=\"color: #20476b;margin-bottom:25px;\"><span style=\"font-size: 35px;\">Envie-nos uma <strong>mensagem<\/strong><\/span><\/div><style>.porto-u-55ca8359258f9a412be7e73af65d2aac.porto-u-heading{text-align:center} .porto-u-55ca8359258f9a412be7e73af65d2aac .porto-u-headings-line{float: unset;}<\/style><\/div>[\/vc_column][\/vc_row][vc_row conditional_render=\"%5B%7B%22value_role%22%3A%22administrator%22%7D%5D\"][vc_column text_align=\"center\" conditional_render=\"%5B%7B%22value_role%22%3A%22administrator%22%7D%5D\"]<div class=\"wpb_custom_8e39365fa00ded789edeaf348f33ca36\">\n<div class=\"wpcf7 no-js\" id=\"wpcf7-f2257-o1\" lang=\"pt-PT\" dir=\"ltr\" data-wpcf7-id=\"2257\">\n<div class=\"screen-reader-response\"><p role=\"status\" aria-live=\"polite\" aria-atomic=\"true\"><\/p> <ul><\/ul><\/div>\n<form action=\"\/pt-pt\/wp-json\/wp\/v2\/pages\/1682#wpcf7-f2257-o1\" method=\"post\" class=\"wpcf7-form init\" aria-label=\"Formul\u00e1rio de contacto\" novalidate=\"novalidate\" data-status=\"init\">\n<fieldset class=\"hidden-fields-container\"><input type=\"hidden\" name=\"_wpcf7\" value=\"2257\" \/><input type=\"hidden\" name=\"_wpcf7_version\" value=\"6.1.5\" \/><input type=\"hidden\" name=\"_wpcf7_locale\" value=\"pt_PT\" \/><input type=\"hidden\" name=\"_wpcf7_unit_tag\" value=\"wpcf7-f2257-o1\" \/><input type=\"hidden\" name=\"_wpcf7_container_post\" value=\"0\" \/><input type=\"hidden\" name=\"_wpcf7_posted_data_hash\" value=\"\" \/><input type=\"hidden\" name=\"_wpcf7_recaptcha_response\" value=\"\" \/>\n<\/fieldset>\n<div>\n\t<div><span class=\"wpcf7-form-control-wrap\" data-name=\"nome\"><input size=\"40\" maxlength=\"400\" class=\"wpcf7-form-control wpcf7-text wpcf7-validates-as-required\" aria-required=\"true\" aria-invalid=\"false\" placeholder=\"Nome\" value=\"\" type=\"text\" name=\"nome\" \/><\/span>\n\t<\/div>\n\t<div><span class=\"wpcf7-form-control-wrap\" data-name=\"email\"><input size=\"40\" maxlength=\"400\" class=\"wpcf7-form-control wpcf7-email wpcf7-validates-as-required wpcf7-text wpcf7-validates-as-email\" aria-required=\"true\" aria-invalid=\"false\" placeholder=\"Email\" value=\"\" type=\"email\" name=\"email\" \/><\/span>\n\t<\/div>\n\t<div><span class=\"wpcf7-form-control-wrap\" data-name=\"telefone\"><input size=\"40\" maxlength=\"400\" class=\"wpcf7-form-control wpcf7-tel wpcf7-validates-as-required wpcf7-text wpcf7-validates-as-tel\" aria-required=\"true\" aria-invalid=\"false\" placeholder=\"N\u00famero de Telem\u00f3vel\" value=\"\" type=\"tel\" name=\"telefone\" \/><\/span>\n\t<\/div>\n\t<div><span class=\"wpcf7-form-control-wrap\" data-name=\"tipo_de_pedido\"><select class=\"wpcf7-form-control wpcf7-select\" id=\"tipoconsulta\" aria-invalid=\"false\" name=\"tipo_de_pedido\"><option value=\"Selecionar Assunto\" selected=\"selected\">Selecionar Assunto<\/option><option value=\"Pedir Informa\u00e7\u00f5es\">Pedir Informa\u00e7\u00f5es<\/option><option value=\"Marcar um Programa\">Marcar um Programa<\/option><\/select><\/span>\n\t<\/div>\n\t<div><span class=\"wpcf7-form-control-wrap\" data-name=\"mensagem\"><textarea cols=\"40\" rows=\"10\" maxlength=\"2000\" class=\"wpcf7-form-control wpcf7-textarea\" aria-invalid=\"false\" placeholder=\"escreva aqui a sua mensagem\" name=\"mensagem\"><\/textarea><\/span>\n\t<\/div>\n\t<div><span class=\"wpcf7-form-control-wrap\" data-name=\"acceptance-655\"><span class=\"wpcf7-form-control wpcf7-acceptance\"><span class=\"wpcf7-list-item\"><label><input type=\"checkbox\" name=\"acceptance-655\" value=\"1\" aria-invalid=\"false\" \/><span class=\"wpcf7-list-item-label\"><span style=\"font-size:10px;\">Eu aceito a <a href=\"https:\/\/brotherootzsup.com\/pt-pt\/declaracao-de-privacidade\/\" Target=\"_blank\">Pol\u00edtica de Privacidade<\/a><\/span><\/span><\/label><\/span><\/span><\/span>\n\t<\/div>\n\t<div style=\"display:none;\">\n\t\t<span class=\"wpcf7-form-control-wrap\" data-name=\"formulario\"><input size=\"40\" maxlength=\"400\" class=\"wpcf7-form-control wpcf7-text\" aria-invalid=\"false\" value=\"Formul\u00e1rio PT\" type=\"text\" name=\"formulario\" \/><\/span>\n\t\t<span class=\"wpcf7-form-control-wrap\" data-name=\"fonte\"><input size=\"40\" maxlength=\"400\" class=\"wpcf7-form-control wpcf7-text\" aria-invalid=\"false\" value=\"Website brotherootzsup.com\" type=\"text\" name=\"fonte\" \/><\/span>\n<span class=\"wpcf7-form-control-wrap\" data-name=\"referer-page\"><input size=\"40\" maxlength=\"400\" class=\"wpcf7-form-control wpcf7-text referer-page\" aria-invalid=\"false\" value=\"\" type=\"text\" name=\"referer-page\" \/><\/span>\n       <input class=\"wpcf7-form-control wpcf7-hidden\" value=\"\" type=\"hidden\" name=\"utm_campaign\" \/>\n       <input class=\"wpcf7-form-control wpcf7-hidden\" value=\"\" type=\"hidden\" name=\"utm_source\" \/>\n       <input class=\"wpcf7-form-control wpcf7-hidden\" value=\"\" type=\"hidden\" name=\"utm_medium\" \/>\n       <input class=\"wpcf7-form-control wpcf7-hidden\" value=\"\" type=\"hidden\" name=\"utm_term\" \/>\n       <input class=\"wpcf7-form-control wpcf7-hidden\" value=\"\" type=\"hidden\" name=\"utm_content\" \/>\n       <input class=\"wpcf7-form-control wpcf7-hidden\" value=\"\" type=\"hidden\" name=\"gclid\" \/>\n\t<\/div>\n\t<div>\n<span id=\"wpcf7-69db6a0d5e33f-wrapper\" class=\"wpcf7-form-control-wrap honeypot-694-wrap\" style=\"display:none !important; visibility:hidden !important;\"><label for=\"wpcf7-69db6a0d5e33f-field\" class=\"hp-message\">Please leave this field empty.<\/label><input id=\"wpcf7-69db6a0d5e33f-field\"  class=\"wpcf7-form-control wpcf7-text\" type=\"text\" name=\"honeypot-694\" value=\"\" size=\"40\" tabindex=\"-1\" autocomplete=\"off\" \/><\/span>\n\n\t<input class=\"wpcf7-form-control wpcf7-submit has-spinner\" type=\"submit\" value=\"ENVIAR\" \/>\n\t<\/div>\n<\/div>\n<style>\ninput.referer-page {\ndisplay:none;\n}\n<\/style><p class='zifiwu'><span class=\"wpcf7-form-control-wrap\" data-name=\"zifiwu\"><input size=\"40\" maxlength=\"400\" class=\"wpcf7-form-control wpcf7-text\" aria-invalid=\"false\" value=\"\" type=\"text\" name=\"zifiwu\" \/><\/span><\/p><p class='faveri'><span class=\"wpcf7-form-control-wrap\" data-name=\"faveri\"><input size=\"40\" maxlength=\"400\" class=\"wpcf7-form-control wpcf7-text\" aria-invalid=\"false\" value=\"\" type=\"text\" name=\"faveri\" \/><\/span><\/p><p class='locaxo'><span class=\"wpcf7-form-control-wrap\" data-name=\"locaxo\"><input size=\"40\" maxlength=\"400\" class=\"wpcf7-form-control wpcf7-text\" aria-invalid=\"false\" value=\"\" type=\"text\" name=\"locaxo\" \/><\/span><\/p><div class=\"wpcf7-response-output\" aria-hidden=\"true\"><\/div>\n<\/form>\n<\/div>\n<\/div>[\/vc_column][\/vc_row][\/vc_section]<\/div>[\/vc_column][\/vc_row]<\/p>\n<\/div>","protected":false},"excerpt":{"rendered":"<p>[vc_row css=&#8221;.vc_custom_1647001097736{margin-top: 50px !important;}&#8221;][vc_column width=&#8221;1\/3&#8243; is_sticky=&#8221;yes&#8221; sticky_min_width=&#8221;767&#8243; sticky_top=&#8221;110&#8243; sticky_bottom=&#8221;0&#8243;][vc_single_image image=&#8221;1429&#8243; img_size=&#8221;full&#8221; alignment=&#8221;center&#8221;][vc_column_text] chamada para a rede m\u00f3vel nacional portuguesa [\/vc_column_text][vc_column_text css=&#8221;.vc_custom_1716482707260{margin-top: -15px !important;margin-bottom: 10px !important;}&#8221;]Partilhar em:[\/vc_column_text][\/vc_column][vc_column width=&#8221;2\/3&#8243;][vc_column_text css=&#8221;.vc_custom_1711540538765{margin-top: 50px !important;}&#8221;] Passeio de caiaque PRIVADO at\u00e9 \u00e0 gruta de Benagil a partir da Praia do Carvalho com Fotos em 4K GR\u00c1TIS Sinta as Ra\u00edzes Genu\u00ednas do [&hellip;]<\/p>\n","protected":false},"author":116,"featured_media":0,"parent":0,"menu_order":0,"comment_status":"closed","ping_status":"closed","template":"","meta":{"inline_featured_image":false,"footnotes":""},"class_list":["post-1682","page","type-page","status-publish","hentry"],"_links":{"self":[{"href":"https:\/\/brotherootzsup.com\/pt-pt\/wp-json\/wp\/v2\/pages\/1682","targetHints":{"allow":["GET"]}}],"collection":[{"href":"https:\/\/brotherootzsup.com\/pt-pt\/wp-json\/wp\/v2\/pages"}],"about":[{"href":"https:\/\/brotherootzsup.com\/pt-pt\/wp-json\/wp\/v2\/types\/page"}],"author":[{"embeddable":true,"href":"https:\/\/brotherootzsup.com\/pt-pt\/wp-json\/wp\/v2\/users\/116"}],"replies":[{"embeddable":true,"href":"https:\/\/brotherootzsup.com\/pt-pt\/wp-json\/wp\/v2\/comments?post=1682"}],"version-history":[{"count":0,"href":"https:\/\/brotherootzsup.com\/pt-pt\/wp-json\/wp\/v2\/pages\/1682\/revisions"}],"wp:attachment":[{"href":"https:\/\/brotherootzsup.com\/pt-pt\/wp-json\/wp\/v2\/media?parent=1682"}],"curies":[{"name":"wp","href":"https:\/\/api.w.org\/{rel}","templated":true}]}}