{"id":760,"date":"2022-03-12T10:35:47","date_gmt":"2022-03-12T10:35:47","guid":{"rendered":"https:\/\/brotherootzsup.com\/the-crew\/"},"modified":"2026-02-10T17:50:50","modified_gmt":"2026-02-10T17:50:50","slug":"le-crew","status":"publish","type":"page","link":"https:\/\/brotherootzsup.com\/fr\/le-crew\/","title":{"rendered":"D\u00e9couvrez l&rsquo;\u00e9quipe"},"content":{"rendered":"<div class=\"wpb-content-wrapper\"><p>[vc_row][vc_column]<div class=\"porto-section\"><section class=\"\">[vc_row_inner][vc_column_inner][vc_custom_heading text=\u00a0\u00bbD\u00e9couvrez l&rsquo;\u00e9quipe\u00a0\u00bb font_container=\u00a0\u00bbtag:h1|text_align:center\u00a0\u00bb css_params=\u00a0\u00bb\u00a0\u00bb][\/vc_column_inner][\/vc_row_inner]<\/section><\/div>[\/vc_column][\/vc_row][vc_row content_placement=\u00a0\u00bbmiddle\u00a0\u00bb css=\u00a0\u00bb.vc_custom_1647081407466{margin-top: 50px !important;}\u00a0\u00bb][vc_column width=\u00a0\u00bb1\/3&Prime;][vc_single_image image=\u00a0\u00bb316&Prime; img_size=\u00a0\u00bbfull\u00a0\u00bb alignment=\u00a0\u00bbcenter\u00a0\u00bb][\/vc_column][vc_column width=\u00a0\u00bb2\/3&Prime;][vc_column_text]<\/p>\n<p style=\"text-align: left;\"><span style=\"font-size: 20px;\"><strong><span style=\"color: #20476b;\"><em>\u00ab\u00a0<\/em><\/span><\/strong><span style=\"color: #20476b;\"><em>Bonjour,<\/em><\/span><strong><span style=\"color: #20476b;\"><em> je suis Egas, l\u2019\u00e2me artistique des fr\u00e8res. <\/em><\/span><\/strong><\/span><\/p>\n<p style=\"text-align: left;\"><span style=\"font-size: 17px; color: #20476b;\"><em>\u00a0Je suis n\u00e9 et j&rsquo;ai grandi \u00e0 Carvoeiro plage et je rame dans ses mers depuis que je suis enfant. Je travaille sur cette plage, notamment comme guide, depuis l&rsquo;universit\u00e9 et m\u00eame avant. J&rsquo;ai fait du handball toute ma vie, et malgr\u00e9 mon dipl\u00f4me et mes \u00e9tudes de dentiste, j&rsquo;ai d\u00e9cid\u00e9 que j&rsquo;avais trop besoin de l&rsquo;oc\u00e9an pour m&rsquo;en \u00e9loigner ! Amoureux de musique et d&rsquo;arts, j&rsquo;aime la guitare, le chant, l&rsquo;astrologie et la spiritualit\u00e9. Dr\u00f4le et toujours pr\u00eat \u00e0 vous aider, je rendrai votre voyage amusant et \u00e9ducatif.\u00a0\u00bb<\/em><\/span><\/p>\n<p>[\/vc_column_text][vc_column_text css=\u00a0\u00bb.vc_custom_1647081603243{margin-bottom: 0px !important;}\u00a0\u00bb]<\/p>\n<p style=\"text-align: left;\"><strong>Follow Me<\/strong><\/p>\n<p>[\/vc_column_text]<div class=\"porto-u-icons\"><a class=\"porto-icon fab fa-facebook-f \"  style=\"color:#d0a370;font-size:16px;margin-right:5px;\" href=\"#\"><\/a><a class=\"porto-icon fab fa-instagram \"  style=\"color:#d0a370;font-size:16px;margin-right:5px;\" href=\"#\"><\/a><\/div>[\/vc_column][\/vc_row][vc_row content_placement=\u00a0\u00bbmiddle\u00a0\u00bb css=\u00a0\u00bb.vc_custom_1647081407466{margin-top: 50px !important;}\u00a0\u00bb][vc_column width=\u00a0\u00bb1\/3&Prime;][vc_single_image image=\u00a0\u00bb318&Prime; img_size=\u00a0\u00bbfull\u00a0\u00bb alignment=\u00a0\u00bbcenter\u00a0\u00bb][\/vc_column][vc_column width=\u00a0\u00bb2\/3&Prime;][vc_column_text]<\/p>\n<p style=\"text-align: left;\"><span style=\"font-size: 20px;\"><strong><span style=\"color: #20476b;\"><em>\u00ab\u00a0<\/em><\/span><\/strong><span style=\"color: #20476b;\"><em>H\u00e9!<\/em><\/span><strong><span style=\"color: #20476b;\"><em> Je suis Caio, l\u2019ame aventuri\u00e8re des fr\u00e8res. <\/em><\/span><\/strong><\/span><\/p>\n<p style=\"text-align: left;\"><span style=\"font-size: 17px; color: #20476b;\"><em>\u00a0Je suis g\u00e9ographe, n\u00e9 et \u00e9lev\u00e9 \u00e0 Rio de Janeiro, mais avec de fortes racines en Algarve. J&rsquo;ai grandi entour\u00e9 par l&rsquo;oc\u00e9an et des montagnes qui m&rsquo;ont rendu accro aux activit\u00e9s de plein air comme le cano\u00eb hawa\u00efen, le rock escalade et surf. Ce style de vie m&rsquo;a inspir\u00e9 l\u2019id\u00e9e d&rsquo;amener les gens \u00e0 en faire l&rsquo;exp\u00e9rience.<br \/>\nJe travaille comme guide de montagne et de sup depuis quelques ann\u00e9es, j&rsquo;ai des comp\u00e9tences et assez connaissances pour vous offrir une exp\u00e9rience amusante et s\u00fbre avec BrotherRootz!\u00a0\u00bb<\/em><\/span><\/p>\n<p>[\/vc_column_text][vc_column_text css=\u00a0\u00bb.vc_custom_1647081603243{margin-bottom: 0px !important;}\u00a0\u00bb]<\/p>\n<p style=\"text-align: left;\"><strong>Follow Me<\/strong><\/p>\n<p>[\/vc_column_text]<div class=\"porto-u-icons\"><a class=\"porto-icon fab fa-facebook-f \"  style=\"color:#d0a370;font-size:16px;margin-right:5px;\" href=\"#\"><\/a><a class=\"porto-icon fab fa-instagram \"  style=\"color:#d0a370;font-size:16px;margin-right:5px;\" href=\"#\"><\/a><\/div>[\/vc_column][\/vc_row][vc_row content_placement=\u00a0\u00bbmiddle\u00a0\u00bb css=\u00a0\u00bb.vc_custom_1647081407466{margin-top: 50px !important;}\u00a0\u00bb][vc_column width=\u00a0\u00bb1\/3&Prime;][vc_single_image image=\u00a0\u00bb320&Prime; img_size=\u00a0\u00bbfull\u00a0\u00bb alignment=\u00a0\u00bbcenter\u00a0\u00bb][\/vc_column][vc_column width=\u00a0\u00bb2\/3&Prime;][vc_column_text]<\/p>\n<p style=\"text-align: left;\"><span style=\"font-size: 20px; color: #20476b;\"><em>\u00ab\u00a0Salut!<strong> Je suis Francisco, la racine amphibian des fr\u00e8res. <\/strong><\/em><\/span><\/p>\n<p style=\"text-align: left;\"><span style=\"font-size: 17px; color: #20476b;\"><em>N\u00e9 en Algarve et \u00e9lev\u00e9 pr\u00e8s de le Plage de Vale Centeanes. L&rsquo;oc\u00e9an est ma maison. Depuis tout petit, la natation est mon sport de pr\u00e9dilection, j&rsquo;ai concouru jusqu&rsquo;\u00e0 mes 18 ans. J&rsquo;ai pass\u00e9 mon adolescence \u00e0 travailler \u00e0 la plage et naviguer sur nos eaux en tant que guide touristique.<\/em><\/span><\/p>\n<p style=\"text-align: left;\"><span style=\"font-size: 17px; color: #20476b;\"><em>En parall\u00e8le, j\u2019ai beaucoup voyag\u00e9, j\u2019ai termin\u00e9 mes \u00e9tudes et obtenu un dipl\u00f4me d\u2019ing\u00e9nieur. Maintenant je suis de retour et pr\u00eat \u00e0 faire ce qui me rend heureux, partager avec d&rsquo;autres un morceau de mon paradis.\u00a0\u00bb<\/em><\/span><\/p>\n<p>[\/vc_column_text][vc_column_text css=\u00a0\u00bb.vc_custom_1647081603243{margin-bottom: 0px !important;}\u00a0\u00bb]<\/p>\n<p style=\"text-align: left;\"><strong>Follow Me<\/strong><\/p>\n<p>[\/vc_column_text]<div class=\"porto-u-icons\"><a class=\"porto-icon fab fa-facebook-f \"  style=\"color:#d0a370;font-size:16px;margin-right:5px;\" href=\"#\"><\/a><a class=\"porto-icon fab fa-instagram \"  style=\"color:#d0a370;font-size:16px;margin-right:5px;\" href=\"#\"><\/a><\/div>[\/vc_column][\/vc_row]<\/p>\n<\/div>","protected":false},"excerpt":{"rendered":"<p>[vc_row][vc_column][\/vc_column][\/vc_row][vc_row content_placement=\u00a0\u00bbmiddle\u00a0\u00bb css=\u00a0\u00bb.vc_custom_1647081407466{margin-top: 50px !important;}\u00a0\u00bb][vc_column width=\u00a0\u00bb1\/3&Prime;][vc_single_image image=\u00a0\u00bb316&Prime; img_size=\u00a0\u00bbfull\u00a0\u00bb alignment=\u00a0\u00bbcenter\u00a0\u00bb][\/vc_column][vc_column width=\u00a0\u00bb2\/3&Prime;][vc_column_text] \u00ab\u00a0Bonjour, je suis Egas, l\u2019\u00e2me artistique des fr\u00e8res. \u00a0Je suis n\u00e9 et j&rsquo;ai grandi \u00e0 Carvoeiro plage et je rame dans ses mers depuis que je suis enfant. Je travaille sur cette plage, notamment comme guide, depuis l&rsquo;universit\u00e9 et m\u00eame avant. J&rsquo;ai fait du handball [&hellip;]<\/p>\n","protected":false},"author":116,"featured_media":0,"parent":0,"menu_order":0,"comment_status":"closed","ping_status":"closed","template":"","meta":{"inline_featured_image":false,"footnotes":""},"class_list":["post-760","page","type-page","status-publish","hentry"],"_links":{"self":[{"href":"https:\/\/brotherootzsup.com\/fr\/wp-json\/wp\/v2\/pages\/760","targetHints":{"allow":["GET"]}}],"collection":[{"href":"https:\/\/brotherootzsup.com\/fr\/wp-json\/wp\/v2\/pages"}],"about":[{"href":"https:\/\/brotherootzsup.com\/fr\/wp-json\/wp\/v2\/types\/page"}],"author":[{"embeddable":true,"href":"https:\/\/brotherootzsup.com\/fr\/wp-json\/wp\/v2\/users\/116"}],"replies":[{"embeddable":true,"href":"https:\/\/brotherootzsup.com\/fr\/wp-json\/wp\/v2\/comments?post=760"}],"version-history":[{"count":0,"href":"https:\/\/brotherootzsup.com\/fr\/wp-json\/wp\/v2\/pages\/760\/revisions"}],"wp:attachment":[{"href":"https:\/\/brotherootzsup.com\/fr\/wp-json\/wp\/v2\/media?parent=760"}],"curies":[{"name":"wp","href":"https:\/\/api.w.org\/{rel}","templated":true}]}}