{"id":698,"date":"2022-03-11T18:54:54","date_gmt":"2022-03-11T18:54:54","guid":{"rendered":"https:\/\/brotherootzsup.com\/sobre-nos\/"},"modified":"2026-02-10T17:43:44","modified_gmt":"2026-02-10T17:43:44","slug":"a-propos-de-nous","status":"publish","type":"page","link":"https:\/\/brotherootzsup.com\/fr\/a-propos-de-nous\/","title":{"rendered":"\u00c0 propos de nous"},"content":{"rendered":"<div class=\"wpb-content-wrapper\"><p>[vc_row css=\u00a0\u00bb.vc_custom_1647001097736{margin-top: 50px !important;}\u00a0\u00bb][vc_column][vc_single_image image=\u00a0\u00bb355&Prime; img_size=\u00a0\u00bbfull\u00a0\u00bb]<div class=\"porto-u-heading  wpb_custom_077a2d7ceeb32b2fc840a71236ec7bc3 porto-u-55ca8359258f9a412be7e73af65d2aac \"><div class=\"porto-u-main-heading\"><h1   style=\"margin-bottom: 10px;\">\u00c0 PROPOS DE NOUS<\/h1><\/div><div class=\"porto-u-heading-spacer line_only\" style=\"margin-bottom: 10px;height:3px;\"><span class=\"porto-u-headings-line\" style=\"border-style:solid;border-bottom-width:3px;border-color:#d0a370;width:75px;\"><\/span><\/div><div class=\"porto-u-sub-heading\" style=\"color: #20476b;\"><span style=\"font-size: 35px;\">Nous sommes <strong>BrotheRootz<\/strong><\/span><\/div><style>.porto-u-55ca8359258f9a412be7e73af65d2aac.porto-u-heading{text-align:center} .porto-u-55ca8359258f9a412be7e73af65d2aac .porto-u-headings-line{float: unset;}<\/style><\/div>[vc_column_text css=\u00a0\u00bb.vc_custom_1647025557791{margin-top: 50px !important;}\u00a0\u00bb]<\/p>\n<p style=\"text-align: center;\"><strong>Nous sommes une entreprise de SUP respectueuse de l&rsquo;environnement qui a vu le jour gr\u00e2ce \u00e0 3 jeunes amis locaux qui avaient<\/strong><br \/>\n<strong>le m\u00eame r\u00eave ! Construire un mode de vie durable et alternatif et faire ce que nous aimons le plus \u00e0 l&rsquo;endroit o\u00f9 nous avons grandi : Authenticit\u00e9, Good vibes, Sun and Saltywater !<\/strong><\/p>\n<p style=\"text-align: center;\">Nous avons d\u00e9cid\u00e9 de faire les choses diff\u00e9remment, d\u2019\u00eatre authentiques et de rester fid\u00e8les \u00e0 nos racines, c&rsquo;est pourquoi nous avons choisi la plage de Carvalho comme port de d\u00e9part vers la grotte de Benagil, en \u00e9vitant la foule et la confusion en haute saison, et nous avons donc pr\u00e9par\u00e9 un itin\u00e9raire non conventionnel plus exclusif.<\/p>\n<p style=\"text-align: center;\">Nous limitons les groupes \u00e0 10 personnes par visite, donc une session plus intime, amusante et s\u00fbre. BotheRootz est compos\u00e9 par de jeunes guides locaux avec une vision et une approche nouvelle du tourisme de l&rsquo;Algarve.<\/p>\n<p style=\"text-align: center;\">Notre objectif est de vous offrir une exp\u00e9rience de vie \u00e0 l&rsquo;endroit o\u00f9 nous avons grandi, reconnu par beaucoup comme l&rsquo;une des plus belles et des plus \u00e9tonnantes merveilles naturelles du Portugal.<\/p>\n<p style=\"text-align: center;\">Le littoral de Lagoa (Benagil) est d\u00e9j\u00e0 connu depuis des d\u00e9cennies pour ses merveilleuses grottes marines, plages secr\u00e8tes et impressionnantes formations rocheuses fossilis\u00e9es, creus\u00e9es au fil des si\u00e8cles par les forces naturelles de m\u00e8re nature.<\/p>\n<p style=\"text-align: center;\">La d\u00e9licieuse singularit\u00e9 de notre terre a fait sa renomm\u00e9e mondiale, d\u00e9veloppant le tourisme, rythm\u00e9 par les saisons. Nous avons vu de nos propres yeux la d\u00e9t\u00e9rioration que les grands flux touristiques peuvent apporter \u00e0 nos eaux et for\u00eats, y compris la perte de qualit\u00e9 par le tourisme d\u2019entreprises. C&rsquo;est pourquoi nous voulons investir dans un tourisme plus ECO et familier, o\u00f9 le l&rsquo;impact sur nos \u00e9cosyst\u00e8mes sera consid\u00e9rablement r\u00e9duit et permettant un contact plus personnel dans la relation avec nos clients.<\/p>\n<p style=\"text-align: center;\">La plupart du temps de l&rsquo;ann\u00e9e, notre oc\u00e9an est calme et comme nos planches sont extr\u00eamement stables, n\u2019ayez aucune appr\u00e9hension a vivre l\u2019exp\u00e9rience du SUP, m\u00eame si c&rsquo;est votre premi\u00e8re fois, vous n&rsquo;aurez aucun mal \u00e0 vous tenir debout sur la planche. Vous pouvez \u00e9galement rester assis ou vous agenouiller si n\u00e9cessaire. De plus, vous aurez \u00e0 vos c\u00f4t\u00e9s un guide habile qui vous donnera tous les conseils et vous aidera a vous sentir en s\u00e9curit\u00e9 et \u00e0 l&rsquo;aise dans l&rsquo;eau. Toute notre \u00e9quipe a grandi sur cette plage confront\u00e9e aux touristes venus du monde entier pour visiter nos sites magiques, l\u2019oc\u00e9an est notre maison et tout l\u2019\u00e9quipe est habitu\u00e9e \u00e0 interagir avec les diff\u00e9rentes cultures de notre monde.<\/p>\n<p>[\/vc_column_text][\/vc_column][\/vc_row]<\/p>\n<\/div>","protected":false},"excerpt":{"rendered":"<p>[vc_row css=\u00a0\u00bb.vc_custom_1647001097736{margin-top: 50px !important;}\u00a0\u00bb][vc_column][vc_single_image image=\u00a0\u00bb355&Prime; img_size=\u00a0\u00bbfull\u00a0\u00bb][vc_column_text css=\u00a0\u00bb.vc_custom_1647025557791{margin-top: 50px !important;}\u00a0\u00bb] Nous sommes une entreprise de SUP respectueuse de l&rsquo;environnement qui a vu le jour gr\u00e2ce \u00e0 3 jeunes amis locaux qui avaient le m\u00eame r\u00eave ! Construire un mode de vie durable et alternatif et faire ce que nous aimons le plus \u00e0 l&rsquo;endroit o\u00f9 nous [&hellip;]<\/p>\n","protected":false},"author":116,"featured_media":0,"parent":0,"menu_order":0,"comment_status":"closed","ping_status":"closed","template":"","meta":{"inline_featured_image":false,"footnotes":""},"class_list":["post-698","page","type-page","status-publish","hentry"],"_links":{"self":[{"href":"https:\/\/brotherootzsup.com\/fr\/wp-json\/wp\/v2\/pages\/698","targetHints":{"allow":["GET"]}}],"collection":[{"href":"https:\/\/brotherootzsup.com\/fr\/wp-json\/wp\/v2\/pages"}],"about":[{"href":"https:\/\/brotherootzsup.com\/fr\/wp-json\/wp\/v2\/types\/page"}],"author":[{"embeddable":true,"href":"https:\/\/brotherootzsup.com\/fr\/wp-json\/wp\/v2\/users\/116"}],"replies":[{"embeddable":true,"href":"https:\/\/brotherootzsup.com\/fr\/wp-json\/wp\/v2\/comments?post=698"}],"version-history":[{"count":0,"href":"https:\/\/brotherootzsup.com\/fr\/wp-json\/wp\/v2\/pages\/698\/revisions"}],"wp:attachment":[{"href":"https:\/\/brotherootzsup.com\/fr\/wp-json\/wp\/v2\/media?parent=698"}],"curies":[{"name":"wp","href":"https:\/\/api.w.org\/{rel}","templated":true}]}}