{"id":487,"date":"2022-03-11T11:20:26","date_gmt":"2022-03-11T11:20:26","guid":{"rendered":"https:\/\/brotherootzsup.com\/tour\/"},"modified":"2026-03-28T01:06:49","modified_gmt":"2026-03-28T01:06:49","slug":"excursion-en-paddle","status":"publish","type":"page","link":"https:\/\/brotherootzsup.com\/fr\/excursion-en-paddle\/","title":{"rendered":"Excursion en paddle"},"content":{"rendered":"<div class=\"wpb-content-wrapper\"><p>[vc_row css=\u00a0\u00bb.vc_custom_1647001097736{margin-top: 50px !important;}\u00a0\u00bb][vc_column width=\u00a0\u00bb1\/3&Prime; is_sticky=\u00a0\u00bbyes\u00a0\u00bb sticky_min_width=\u00a0\u00bb767&Prime; sticky_top=\u00a0\u00bb110&Prime; sticky_bottom=\u00a0\u00bb0&Prime;][vc_single_image image=\u00a0\u00bb308&Prime; img_size=\u00a0\u00bbfull\u00a0\u00bb alignment=\u00a0\u00bbcenter\u00a0\u00bb]<div class=\"porto-u-heading  wpb_custom_11ba6a5b91c64f88f77ecbcd092b17dd porto-u-55ca8359258f9a412be7e73af65d2aac \"><div class=\"porto-u-main-heading\"><h1   style=\"margin-bottom: 5px;\">Excursion en Paddle<\/h1><\/div><div class=\"porto-u-sub-heading\" style=\"\">53 \u20ac Adultes | 36,99 \u20ac Enfants par tranche de 2 heures<\/div><style>.porto-u-55ca8359258f9a412be7e73af65d2aac.porto-u-heading{text-align:center}<\/style><\/div><div class=\"porto-btn-ctn-center \"><a class=\"porto-btn  vc_custom_1716483139464 porto-adjust-bottom-margin porto-btn-block porto-btn-top-bg   wpb_custom_75390352142225f56fd636bc4e71439d  porto-btn-center \"  rel='' href = \"#contact_form\"  data-hover=\"#ffffff\" data-border-color=\"\" data-bg=\"#20476b\" data-hover-bg=\"#507ba2\" data-border-hover=\"\" data-shadow-click=\"none\" data-shadow=\"\" style=\"border:none;background: #20476b;color: #ffffff;\"><span class=\"porto-btn-hover\" style=\"background-color:#507ba2\"><\/span><span class=\"porto-btn-data porto-btn-text \" >DEMANDER DES INFORMATIONS<\/span><\/a><\/div><div class=\"porto-btn-ctn-center \"><a class=\"porto-btn  vc_custom_1774660002728 porto-adjust-bottom-margin porto-btn-block porto-btn-top-bg   wpb_custom_75390352142225f56fd636bc4e71439d  porto-btn-center \" rel=\"noopener\" href=\"https:\/\/fareharbor.com\/embeds\/book\/brotherootzsup\/items\/537701\/?full-items=yes&#038;language=fr&#038;flow=730546_blank\" target=\"_blank\" data-hover=\"#ffffff\" data-border-color=\"\" data-bg=\"#d0a370\" data-hover-bg=\"#8c592d\" data-border-hover=\"\" data-shadow-click=\"none\" data-shadow=\"\" style=\"border:none;background: #d0a370;color: #ffffff;\"><span class=\"porto-btn-hover\" style=\"background-color:#8c592d\"><\/span><span class=\"porto-btn-data porto-btn-text \" >R\u00c9SERVER<\/span><\/a><\/div><div class=\"porto-btn-ctn-center clique_telemovel\"><a class=\"porto-btn  vc_custom_1716514213956 porto-adjust-bottom-margin porto-btn-block porto-btn-top-bg   wpb_custom_75390352142225f56fd636bc4e71439d  porto-btn-center \"  rel='' href = \"tel:+351912042042\"  data-hover=\"#ffffff\" data-border-color=\"#20476b\" data-bg=\"\" data-hover-bg=\"#507ba2\" data-border-hover=\"#507ba2\" data-shadow-click=\"none\" data-shadow=\"\" style=\"border-width:1px;border-color:#20476b;border-style:solid;color: #20476b;\"><span class=\"porto-btn-hover\" style=\"background-color:#507ba2\"><\/span><span class=\"porto-btn-data porto-btn-text \" >CONTACTEZ +351 912 042 042<\/span><\/a><\/div>[vc_column_text]<\/p>\n<div class=\"wpb_text_column wpb_content_element \">\n<div class=\"wpb_wrapper\">\n<p style=\"text-align: center;\">appeler vers le r\u00e9seau mobile portugais<\/p>\n<\/div>\n<\/div>\n<p>[\/vc_column_text][vc_column_text css=\u00a0\u00bb.vc_custom_1716482707260{margin-top: -15px !important;margin-bottom: 10px !important;}\u00a0\u00bb]<strong>Partager:<\/strong>[\/vc_column_text][\/vc_column][vc_column width=\u00a0\u00bb2\/3&Prime;][vc_column_text css=\u00a0\u00bb.vc_custom_1774640157748{margin-top: 50px !important;}\u00a0\u00bb css_params=\u00a0\u00bb\u00a0\u00bb]<\/p>\n<h2 style=\"text-align: left;\"><span style=\"color: #20476b;\">Excursion en paddle dans la grotte de BENAGIL depuis la plage de Carvalho en petit groupe avec Photos 4K GRATUITES<\/span><\/h2>\n<h3>Ressentez les V\u00e9ritables Racines Algarviennes<\/h3>\n<p>Profitez au maximum de votre s\u00e9jour en Algarve en faisant un tour en paddle board \u00e9cologique avec nous ! D\u00e9marrez cette aventure \u00e0 la magique plage de Carvalho, d&rsquo;o\u00f9 nous vous guiderons pendant 2 heures le long de la c\u00f4te \u00e0 couper le souffle de Benagil. Nos guides, une \u00e9quipe de jeunes locaux exp\u00e9riment\u00e9s, rendront votre journ\u00e9e divertissante et agr\u00e9able m\u00eame si c&rsquo;est votre premi\u00e8re fois sur un paddle board.<\/p>\n<blockquote><p>L&rsquo;eau sal\u00e9e et les bonnes vibrations d\u00e9finissent qui nous sommes.<\/p><\/blockquote>\n<p>[\/vc_column_text][vc_video align=\u00a0\u00bbcenter\u00a0\u00bb css=\u00a0\u00bb\u00a0\u00bb css_params=\u00a0\u00bb\u00a0\u00bb]<div class=\"porto-block\" data-id=\"1634\"><style>.vc_custom_1711533399367{margin-top: 50px !important;}<\/style>[vc_row][vc_column][vc_column_text css=\".vc_custom_1711533399367{margin-top: 50px !important;}\"]\r\n<h3>Ce qui nous rend sp\u00e9ciaux ?<\/h3>\r\n<ol>\r\n \t<li><strong>D\u00e9part du Tr\u00e9sor Cach\u00e9 de Carvalho :<\/strong>\r\nVotre voyage commence \u00e0 la plage \u00e9poustouflante de Carvalho, entour\u00e9e de falaises calcaires et accessible par un tunnel historique, offrant un point de d\u00e9part isol\u00e9 et impressionnant.<\/li>\r\n \t<li><strong>Aventure en Kayak Guid\u00e9e avec Expertise :<\/strong>\r\nEmbarquez pour une promenade en kayak inoubliable men\u00e9e par nos guides exp\u00e9riment\u00e9s, EGAS, CAIO &amp; FRANCISCO, garantissant s\u00e9curit\u00e9 et excitation alors que vous explorez les cavernes, \"algars,\" et formations naturelles les plus \u00e9poustouflantes le long de la c\u00f4te de l'Algarve.<\/li>\r\n \t<li><strong>Exp\u00e9rience en Petit Groupe Intime :<\/strong>\r\nRejoignez nos petits groupes limit\u00e9s \u00e0 12 participants pour une aventure personnalis\u00e9e o\u00f9 vous recevez une attention individuelle, favorisant une connexion plus \u00e9troite tant avec vos compagnons d'aventure qu'avec les environs \u00e9poustouflants.<\/li>\r\n \t<li><strong>\u00c9vitez les Foules :<\/strong>\r\nD\u00e9couvrez la tranquillit\u00e9 de la plage de Carvalho, \u00e0 quelques minutes de la bond\u00e9e plage de Benagil, offrant un environnement serein et isol\u00e9 loin des foules touristiques typiques.<\/li>\r\n \t<li><strong>Souvenirs Photographiques en 4K Compl\u00e9mentaires :<\/strong>\r\nCapturez vos souvenirs en d\u00e9tail avec des photos en 4K gratuites prises dans la c\u00e9l\u00e8bre grotte \"Algar\" de Benagil au Portugal et dans d'autres endroits pittoresques, garantissant que vos exp\u00e9riences soient immortalis\u00e9es pour <strong>\u00eatre partag\u00e9es avec vos proches.<\/strong><\/li>\r\n \t<li><strong>D\u00e9tendezvous sur la Plage de Carvalho :<\/strong>\r\nTerminez votre aventure de retour sur la plage de Carvalho, o\u00f9 vous pourrez vous d\u00e9tendre en prenant un bain de soleil ou une baignade rafra\u00eechissante dans les eaux cristallines, entour\u00e9 de falaises calcaires et de paysages <strong>pittoresques.<\/strong><\/li>\r\n \t<li><strong>Valeur et Commodit\u00e9 Imbattables :<\/strong>\r\nVivez une valeur incomparable avec Brotherootz, offrant des exp\u00e9riences d'aventure de haute qualit\u00e9 \u00e0 des tarifs de base.\r\nProfitez de commodit\u00e9s gratuites telles que des combinaisons de plong\u00e9e, des sacs \u00e9tanches et des si\u00e8ges avec support lombaire pour un confort et une commodit\u00e9 suppl\u00e9mentaires.\r\nB\u00e9n\u00e9ficiez de transferts sans interruption dans la zone du Conseil de Lagoa, comprenant des services de prise en charge et de d\u00e9p\u00f4t dans les h\u00f4tels et maisons \u00e0 Lagoa, Carvoeiro, Porches, Estombar, Parchal et Ferragudo.\r\nCapturez vos souvenirs avec des photos gratuites prises lors de la visite, garantissant des souvenirs durables de votre aventure.\r\nRecevez un service de haute qualit\u00e9 de nos guides experts, qui fournissent une connaissance approfondie de l'histoire locale, de la biodiversit\u00e9 et de la g\u00e9ologie, garantissant \u00e0 la fois la s\u00e9curit\u00e9 et l'excitation tout au long de votre voyage.<\/li>\r\n<\/ol>\r\n[\/vc_column_text][\/vc_column][\/vc_row]<\/div><div class=\"porto-block\" data-id=\"1623\"><style>.vc_custom_1647026300243{margin-bottom: 50px !important;}<\/style>[vc_row][vc_column][vc_tta_accordion style=\"flat\" shape=\"square\" gap=\"5\" c_position=\"right\" active_section=\"150\" no_fill=\"true\" collapsible_all=\"true\" css=\".vc_custom_1647026300243{margin-bottom: 50px !important;}\"][vc_tta_section title=\"Ce qui est inclus\" tab_id=\"fr_1\"][vc_column_text]<\/p>\r\n<ul>\r\n<li>\u00a0Environ 2 heures de visite<\/li>\r\n<li>\u00a0Guide local professionnel<\/li>\r\n<li>\u00a0Tout l'\u00e9quipement n\u00e9cessaire pour la visite (kayak, pagaies, gilet de sauvetage)<\/li>\r\n<li>\u00a0Sacs \u00e9tanches pour l'\u00e9quipement essentiel (appareils photo, t\u00e9l\u00e9phones, cl\u00e9s)<\/li>\r\n<li>\u00a0Photos 4K incluses<\/li>\r\n<li>\u00a0Assurance<\/li>\r\n<li>\u00a0Combinaisons de plong\u00e9e incluses en cas de froid<\/li>\r\n<li>\u00a0Si\u00e8ge avec support lombaire inclus<\/li>\r\n<li>\u00a0Transfert inclus \u00e0 l'int\u00e9rieur du conseil de Lagoa (maisons et h\u00f4tels)<\/li>\r\n<li>\u00a0Amusement, bonnes vibrations et authenticit\u00e9<\/li>\r\n<\/ul>\r\n<p>[\/vc_column_text][\/vc_tta_section][vc_tta_section title=\"Ce qui est exclu\" tab_id=\"fr_2\"][vc_column_text]<\/p>\r\n<ul>\r\n<li>Pourboires<\/li>\r\n<\/ul>\r\n<p>[\/vc_column_text][\/vc_tta_section][vc_tta_section title=\"Ce que vous allez faire\" tab_id=\"fr_3\"][vc_column_text]<\/p>\r\n<ul>\r\n<li>Briefing comprenant les mesures de s\u00e9curit\u00e9 et comment utiliser l'\u00e9quipement et se comporter dans l'oc\u00e9an.<\/li>\r\n<li>\u00a0D\u00e9part de la fascinante plage de Carvalho vers l'oc\u00e9an avec votre guide toujours \u00e0 vos c\u00f4t\u00e9s, deux personnes par kayak.<\/li>\r\n<li>\u00a0Apr\u00e8s le d\u00e9part, nous glissons le long de la c\u00f4te en direction de Benagil, en visitant les grottes et les plages secr\u00e8tes le long de cet itin\u00e9raire unique et radical que nous avons pr\u00e9par\u00e9 pour vous, tandis que des photos sont prises en cours de route.<\/li>\r\n<li>\u00a0Cette visite a \u00e9t\u00e9 pr\u00e9par\u00e9e avec des informations historiques, g\u00e9ologiques et biologiques sur la r\u00e9gion, car nous faisons des visites \u00e0 l'int\u00e9rieur du Parque Natural Marinho do Recife Algarvio (Parc Naturel Marin du R\u00e9cif Algarvio).<\/li>\r\n<li>\u00a0Apr\u00e8s avoir explor\u00e9 quelques grottes, nous atteignons la Grotte de Benagil et prenons des photos \u00e0 l'int\u00e9rieur, et y restons un moment.<\/li>\r\n<li>\u00a0Ensuite, nous continuons \u00e0 explorer les autres grottes de Benagil et les enclos secrets.<\/li>\r\n<li>\u00a0Retour en pagayant depuis la grotte de Benagil jusqu'\u00e0 la plage de Carvalho o\u00f9 nous avons commenc\u00e9.<\/li>\r\n<\/ul>\r\n<p>[\/vc_column_text][\/vc_tta_section][vc_tta_section title=\"\u00c0 quoi s'attendre ?\" tab_id=\"fr_4\"][vc_column_text]<\/p>\r\n<ul>\r\n<li>\u00a0Tour \u00e9cologique, sans moteurs dans l'eau<\/li>\r\n<li>\u00a0Attendezvous \u00e0 un tour de la bonne taille, avec le bon nombre de participants, le tour se d\u00e9roule naturellement<\/li>\r\n<li>\u00a0Vibrations joyeuses et amicales d'une \u00e9quipe de guides jeunes, locaux et n\u00e9s dans la r\u00e9gion, pr\u00eats \u00e0 vous aider de toutes les mani\u00e8res n\u00e9cessaires<\/li>\r\n<li>\u00a0Explications historiques, g\u00e9ologiques et biologiques, ainsi que sensibilisation \u00e0 l'\u00e9cotourisme et \u00e0 la durabilit\u00e9<\/li>\r\n<li>\u00a0Grande attention aux d\u00e9tails, dans un<\/li>\r\n<li>\u00a0service d\u00e9tendu mais de haut niveau<\/li>\r\n<li>\u00a0Tous les ajouts d\u00e9j\u00e0 inclus : photos 4k, combinaison de plong\u00e9e, si\u00e8ge avec support lombaire, sacs \u00e9tanches<\/li>\r\n<\/ul>\r\n<p>[\/vc_column_text][\/vc_tta_section][vc_tta_section title=\"Savoir avant de partir\" tab_id=\"fr_5\"][vc_column_text css=\"\" css_params=\"\"]<\/p>\r\n<ul>\r\n<li>Vous devez arriver au parking de la plage de Carvalho \u00e0 l'heure de votre visite.<\/li>\r\n<li>L'enregistrement ferme 10 minutes apr\u00e8s l'heure de votre visite.<\/li>\r\n<li>Les retardataires ne pourront pas participer \u00e0 la visite.<\/li>\r\n<li>Rencontrez notre \u00e9quipe \u00e0 c\u00f4t\u00e9 du van Fiat Ducato color\u00e9.<\/li>\r\n<li>Le parking est pav\u00e9 et la rue qui y m\u00e8ne est \u00e9galement pav\u00e9e.<\/li>\r\n<li>Certaines applications GPS vous conduisent parfois de l'autre c\u00f4t\u00e9 de la plage, un chemin de terre vous rapprochant de la plage, mais ce n'est pas tout. Vous aurez besoin d'un 4x4 pour revenir&nbsp;! =) R\u00e9\u00e9crivez \u00ab&nbsp;parking de la plage de Carvalho&nbsp;\u00bb et cela devrait faire l'affaire, ou changez d'application GPS.<\/li>\r\n<li>&nbsp;La capacit\u00e9 maximale de la visite est de 12 personnes, donc c'est plus intime, s\u00fbr et amusant.<\/li>\r\n<li>&nbsp;Cette activit\u00e9 n'est pas recommand\u00e9e aux nonnageurs et aux personnes \u00e0 mobilit\u00e9 r\u00e9duite.<\/li>\r\n<li>&nbsp;Apportez des v\u00eatements de plage\/maillots de bain.<\/li>\r\n<li>&nbsp;Apportez une casquette et de la cr\u00e8me solaire.<\/li>\r\n<li>&nbsp;Apportez une serviette pour vous s\u00e9cher \u00e0 la fin de la visite.<\/li>\r\n<li>&nbsp;Apportez de l'eau.<\/li>\r\n<li>&nbsp;Parking gratuit.<\/li>\r\n<li>&nbsp;Vous devez signer un formulaire de termes et de responsabilit\u00e9 \u00e0 votre arriv\u00e9e.<\/li>\r\n<\/ul>\r\n<p>[\/vc_column_text][\/vc_tta_section][\/vc_tta_accordion][vc_column_text css=\"\" css_params=\"\"]<\/p>\r\n<h3><span style=\"color: #20476b;\">Emplacement<\/span><\/h3>\r\n<p>Lat 37.087413 long 8.432903<br \/>\r\nParking de la plage de Carvalho, rue Algarve Clube Atl\u00e2ntico,<br \/>\r\n8400 Lagoa<\/p>\r\n<p>&nbsp;<\/p>\r\n<h3><span style=\"color: #20476b;\">Google Map Link<\/span><\/h3>\r\n<p><a href=\"https:\/\/www.google.com\/maps\/place\/Brotherootz+Sup+Tours\/@37.0874208,-8.4329101,17z\/data=!3m1!4b1!4m6!3m5!1s0xd1ad7ea1995297f:0xe93ded80efaaca44!8m2!3d37.0874208!4d-8.4329101!16s%2Fg%2F11rv3vpqqx?entry=ttu\" target=\"_blank\" rel=\"noopener\">Cliquez ici<\/a><\/p>\r\n<p>&nbsp;<\/p>\r\n<h3><span style=\"color: #20476b;\">Conseils utiles<\/span><\/h3>\r\n<ul>\r\n<li>Vous devez arriver au parking de la plage de Carvalho \u00e0 l'heure de votre visite.<\/li>\r\n<li>L'enregistrement ferme 10 minutes apr\u00e8s l'heure de votre visite.<\/li>\r\n<li>Les retardataires ne pourront pas participer \u00e0 la visite.<\/li>\r\n<li>Rencontrez notre \u00e9quipe \u00e0 c\u00f4t\u00e9 du van Fiat Ducato color\u00e9.<\/li>\r\n<li>Le parking est pav\u00e9 et la rue qui y m\u00e8ne est \u00e9galement pav\u00e9e.<\/li>\r\n<li>Certaines applications GPS vous conduisent parfois de l'autre c\u00f4t\u00e9 de la plage, un chemin de terre vous rapprochant de la plage, mais ce n'est pas tout. Vous aurez besoin d'un 4x4 pour revenir&nbsp;! =) R\u00e9\u00e9crivez \u00ab&nbsp;parking de la plage de Carvalho&nbsp;\u00bb et cela devrait faire l'affaire, ou changez d'application GPS.<\/li>\r\n<li><\/li>\r\n<li>&nbsp;Le parking se trouve au bout de la route du Algarve Clube Atl\u00e2ntico.<\/li>\r\n<li>&nbsp;Apportez de l'eau.<\/li>\r\n<li>&nbsp;Essayez toujours de r\u00e9server les visites plus t\u00f4t, car tous les diff\u00e9rents facteurs sont meilleurs le matin, comme l'absence de vent, de vagues et de bateaux !<\/li>\r\n<li>&nbsp;Il y a un arr\u00eat de bus \u00e0 seulement 5 minutes \u00e0 pied du parking de la plage de Carvalho appel\u00e9 Arr\u00eat de Bus Praia do Carvalho.<\/li>\r\n<li>&nbsp;Transfert inclus dans la r\u00e9gion de Carvoeiro &amp; Lagoa.<\/li>\r\n<li>&nbsp;Si vous \u00eates \u00e0 Lagos ou \u00e0 Albufeira ou dans toute autre r\u00e9gion, prenez simplement un bus jusqu'\u00e0 la gare routi\u00e8re ou ferroviaire de Lagoa et nous vous emm\u00e8nerons jusqu'\u00e0 la plage et vous ram\u00e8nerons apr\u00e8s la visite !<\/li>\r\n<li>&nbsp;Voici les lignes de bus pour la plage de Carvalho :<br \/>\r\n52|Ligne des Falaises EVA<br \/>\r\n107|Portim\u00e3o&nbsp; Praia do Carvalho<\/li>\r\n<\/ul>\r\n<p>[\/vc_column_text][\/vc_column][\/vc_row]<\/div><div class=\"porto-block\" data-id=\"2304\"><style>.vc_custom_1716483266566{margin-top: 25px !important;}.vc_custom_1716483091402{margin-bottom: 25px !important;}.wpb_custom_4e9d5829ddba4152f8f39aee9c77adcb.porto-u-heading .porto-u-main-heading > *{font-size:13px;}<\/style>[vc_section css=\".vc_custom_1716483266566{margin-top: 25px !important;}\" conditional_render=\"%5B%7B%22value_role%22%3A%22administrator%22%7D%5D\" el_id=\"contact_form\"][vc_row][vc_column][vc_separator color=\"custom\" el_width=\"70\" accent_color=\"#20476b\" css=\".vc_custom_1716483091402{margin-bottom: 25px !important;}\"][\/vc_column][\/vc_row][vc_row][vc_column text_align=\"center\" conditional_render=\"%5B%7B%22value_role%22%3A%22administrator%22%7D%5D\"]<div class=\"porto-u-heading  wpb_custom_4e9d5829ddba4152f8f39aee9c77adcb porto-u-55ca8359258f9a412be7e73af65d2aac \"><div class=\"porto-u-main-heading\"><h2   style=\"margin-bottom: 10px;\">AVEZ-VOUS BESOIN DE PLUS D'INFORMATIONS?<\/h2><\/div><div class=\"porto-u-heading-spacer line_only\" style=\"margin-bottom: 10px;height:3px;\"><span class=\"porto-u-headings-line\" style=\"border-style:solid;border-bottom-width:3px;border-color:#d0a370;width:75px;\"><\/span><\/div><div class=\"porto-u-sub-heading\" style=\"color: #20476b;margin-bottom:25px;\"><span style=\"font-size: 35px;\">Envoyez-nous un <strong>mensage<\/strong><\/span><\/div><style>.porto-u-55ca8359258f9a412be7e73af65d2aac.porto-u-heading{text-align:center} .porto-u-55ca8359258f9a412be7e73af65d2aac .porto-u-headings-line{float: unset;}<\/style><\/div>[\/vc_column][\/vc_row][vc_row conditional_render=\"%5B%7B%22value_role%22%3A%22administrator%22%7D%5D\"][vc_column text_align=\"center\" conditional_render=\"%5B%7B%22value_role%22%3A%22administrator%22%7D%5D\"]<div class=\"wpb_custom_8e39365fa00ded789edeaf348f33ca36\">\n<div class=\"wpcf7 no-js\" id=\"wpcf7-f2259-o1\" lang=\"fr-FR\" dir=\"ltr\" data-wpcf7-id=\"2259\">\n<div class=\"screen-reader-response\"><p role=\"status\" aria-live=\"polite\" aria-atomic=\"true\"><\/p> <ul><\/ul><\/div>\n<form action=\"\/fr\/wp-json\/wp\/v2\/pages\/487#wpcf7-f2259-o1\" method=\"post\" class=\"wpcf7-form init\" aria-label=\"Formulaire de contact\" novalidate=\"novalidate\" data-status=\"init\">\n<fieldset class=\"hidden-fields-container\"><input type=\"hidden\" name=\"_wpcf7\" value=\"2259\" \/><input type=\"hidden\" name=\"_wpcf7_version\" value=\"6.1.5\" \/><input type=\"hidden\" name=\"_wpcf7_locale\" value=\"fr_FR\" \/><input type=\"hidden\" name=\"_wpcf7_unit_tag\" value=\"wpcf7-f2259-o1\" \/><input type=\"hidden\" name=\"_wpcf7_container_post\" value=\"0\" \/><input type=\"hidden\" name=\"_wpcf7_posted_data_hash\" value=\"\" \/><input type=\"hidden\" name=\"_wpcf7_recaptcha_response\" value=\"\" \/>\n<\/fieldset>\n<div>\n\t<div><span class=\"wpcf7-form-control-wrap\" data-name=\"nome\"><input size=\"40\" maxlength=\"400\" class=\"wpcf7-form-control wpcf7-text wpcf7-validates-as-required\" aria-required=\"true\" aria-invalid=\"false\" placeholder=\"Nom et Pr\u00e9nom\" value=\"\" type=\"text\" name=\"nome\" \/><\/span>\n\t<\/div>\n\t<div><span class=\"wpcf7-form-control-wrap\" data-name=\"email\"><input size=\"40\" maxlength=\"400\" class=\"wpcf7-form-control wpcf7-email wpcf7-validates-as-required wpcf7-text wpcf7-validates-as-email\" aria-required=\"true\" aria-invalid=\"false\" placeholder=\"E-mail\" value=\"\" type=\"email\" name=\"email\" \/><\/span>\n\t<\/div>\n\t<div><span class=\"wpcf7-form-control-wrap\" data-name=\"telefone\"><input size=\"40\" maxlength=\"400\" class=\"wpcf7-form-control wpcf7-tel wpcf7-validates-as-required wpcf7-text wpcf7-validates-as-tel\" aria-required=\"true\" aria-invalid=\"false\" placeholder=\"Num\u00e9ro de t\u00e9l\u00e9phone\" value=\"\" type=\"tel\" name=\"telefone\" \/><\/span>\n\t<\/div>\n\t<div><span class=\"wpcf7-form-control-wrap\" data-name=\"tipo_de_pedido\"><select class=\"wpcf7-form-control wpcf7-select\" id=\"tipoconsulta\" aria-invalid=\"false\" name=\"tipo_de_pedido\"><option value=\"S\u00e9lectionnez le sujet\" selected=\"selected\">S\u00e9lectionnez le sujet<\/option><option value=\"Demande d&#039;info\">Demande d&#039;info<\/option><option value=\"R\u00e9servez une visite\">R\u00e9servez une visite<\/option><\/select><\/span>\n\t<\/div>\n\t<div><span class=\"wpcf7-form-control-wrap\" data-name=\"mensagem\"><textarea cols=\"40\" rows=\"10\" maxlength=\"2000\" class=\"wpcf7-form-control wpcf7-textarea\" aria-invalid=\"false\" placeholder=\"Ecrivez votre message ici\" name=\"mensagem\"><\/textarea><\/span>\n\t<\/div>\n\t<div><span class=\"wpcf7-form-control-wrap\" data-name=\"acceptance-655\"><span class=\"wpcf7-form-control wpcf7-acceptance\"><span class=\"wpcf7-list-item\"><label><input type=\"checkbox\" name=\"acceptance-655\" value=\"1\" aria-invalid=\"false\" \/><span class=\"wpcf7-list-item-label\"><span style=\"font-size:10px;\">J'accepte la <a href=\"https:\/\/brotherootzsup.com\/fr\/declaration-de-confidentialite\/\" Target=\"_blank\">Politique de Confidentialit\u00e9<\/a><\/span><\/span><\/label><\/span><\/span><\/span>\n\t<\/div>\n\t<div style=\"display:none;\">\n\t\t<span class=\"wpcf7-form-control-wrap\" data-name=\"formulario\"><input size=\"40\" maxlength=\"400\" class=\"wpcf7-form-control wpcf7-text\" aria-invalid=\"false\" value=\"Formul\u00e1rio Simples de Contacto FR\" type=\"text\" name=\"formulario\" \/><\/span>\n\t\t<span class=\"wpcf7-form-control-wrap\" data-name=\"fonte\"><input size=\"40\" maxlength=\"400\" class=\"wpcf7-form-control wpcf7-text\" aria-invalid=\"false\" value=\"Website brotherootzsup.com\" type=\"text\" name=\"fonte\" \/><\/span>\n\t<\/div>\n<input class=\"wpcf7-form-control wpcf7-hidden\" value=\"\" type=\"hidden\" name=\"utm_campaign\" \/>\n<input class=\"wpcf7-form-control wpcf7-hidden\" value=\"\" type=\"hidden\" name=\"utm_source\" \/>\n<input class=\"wpcf7-form-control wpcf7-hidden\" value=\"\" type=\"hidden\" name=\"utm_medium\" \/>\n<input class=\"wpcf7-form-control wpcf7-hidden\" value=\"\" type=\"hidden\" name=\"utm_term\" \/>\n<input class=\"wpcf7-form-control wpcf7-hidden\" value=\"\" type=\"hidden\" name=\"utm_content\" \/>\n<span class=\"wpcf7-form-control-wrap\" data-name=\"referer-page\"><input size=\"40\" maxlength=\"400\" class=\"wpcf7-form-control wpcf7-text referer-page\" aria-invalid=\"false\" value=\"\" type=\"text\" name=\"referer-page\" \/><\/span>\n<input class=\"wpcf7-form-control wpcf7-hidden\" value=\"\" type=\"hidden\" name=\"gclid\" \/>\n\t<div>\n<span id=\"wpcf7-69def297a0382-wrapper\" class=\"wpcf7-form-control-wrap honeypot-694-wrap\" style=\"display:none !important; visibility:hidden !important;\"><label for=\"wpcf7-69def297a0382-field\" class=\"hp-message\">Veuillez laisser ce champ vide.<\/label><input id=\"wpcf7-69def297a0382-field\"  class=\"wpcf7-form-control wpcf7-text\" type=\"text\" name=\"honeypot-694\" value=\"\" size=\"40\" tabindex=\"-1\" autocomplete=\"off\" \/><\/span>\n\n\t<input class=\"wpcf7-form-control wpcf7-submit has-spinner\" type=\"submit\" value=\"ENVOYER\" \/>\n\t<\/div>\n<\/div>\n<style>\ninput.referer-page {\ndisplay:none;\n}\n<\/style><p class='mitise'><span class=\"wpcf7-form-control-wrap\" data-name=\"mitise\"><input size=\"40\" maxlength=\"400\" class=\"wpcf7-form-control wpcf7-text\" aria-invalid=\"false\" value=\"\" type=\"text\" name=\"mitise\" \/><\/span><\/p><p class='yodawu'><span class=\"wpcf7-form-control-wrap\" data-name=\"yodawu\"><input size=\"40\" maxlength=\"400\" class=\"wpcf7-form-control wpcf7-text\" aria-invalid=\"false\" value=\"\" type=\"text\" name=\"yodawu\" \/><\/span><\/p><p class='pagete'><span class=\"wpcf7-form-control-wrap\" data-name=\"pagete\"><input size=\"40\" maxlength=\"400\" class=\"wpcf7-form-control wpcf7-text\" aria-invalid=\"false\" value=\"\" type=\"text\" name=\"pagete\" \/><\/span><\/p><p class='woyohu'><span class=\"wpcf7-form-control-wrap\" data-name=\"woyohu\"><input size=\"40\" maxlength=\"400\" class=\"wpcf7-form-control wpcf7-text\" aria-invalid=\"false\" value=\"\" type=\"text\" name=\"woyohu\" \/><\/span><\/p><div class=\"wpcf7-response-output\" aria-hidden=\"true\"><\/div>\n<\/form>\n<\/div>\n<\/div>[\/vc_column][\/vc_row][\/vc_section]<\/div>[\/vc_column][\/vc_row]<\/p>\n<\/div>","protected":false},"excerpt":{"rendered":"<p>[vc_row css=\u00a0\u00bb.vc_custom_1647001097736{margin-top: 50px !important;}\u00a0\u00bb][vc_column width=\u00a0\u00bb1\/3&Prime; is_sticky=\u00a0\u00bbyes\u00a0\u00bb sticky_min_width=\u00a0\u00bb767&Prime; sticky_top=\u00a0\u00bb110&Prime; sticky_bottom=\u00a0\u00bb0&Prime;][vc_single_image image=\u00a0\u00bb308&Prime; img_size=\u00a0\u00bbfull\u00a0\u00bb alignment=\u00a0\u00bbcenter\u00a0\u00bb][vc_column_text] appeler vers le r\u00e9seau mobile portugais [\/vc_column_text][vc_column_text css=\u00a0\u00bb.vc_custom_1716482707260{margin-top: -15px !important;margin-bottom: 10px !important;}\u00a0\u00bb]Partager:[\/vc_column_text][\/vc_column][vc_column width=\u00a0\u00bb2\/3&Prime;][vc_column_text css=\u00a0\u00bb.vc_custom_1774640157748{margin-top: 50px !important;}\u00a0\u00bb css_params=\u00a0\u00bb\u00a0\u00bb] Excursion en paddle dans la grotte de BENAGIL depuis la plage de Carvalho en petit groupe avec Photos 4K GRATUITES Ressentez les V\u00e9ritables Racines Algarviennes Profitez [&hellip;]<\/p>\n","protected":false},"author":116,"featured_media":1018,"parent":0,"menu_order":0,"comment_status":"closed","ping_status":"closed","template":"","meta":{"inline_featured_image":false,"footnotes":""},"class_list":["post-487","page","type-page","status-publish","has-post-thumbnail","hentry"],"_links":{"self":[{"href":"https:\/\/brotherootzsup.com\/fr\/wp-json\/wp\/v2\/pages\/487","targetHints":{"allow":["GET"]}}],"collection":[{"href":"https:\/\/brotherootzsup.com\/fr\/wp-json\/wp\/v2\/pages"}],"about":[{"href":"https:\/\/brotherootzsup.com\/fr\/wp-json\/wp\/v2\/types\/page"}],"author":[{"embeddable":true,"href":"https:\/\/brotherootzsup.com\/fr\/wp-json\/wp\/v2\/users\/116"}],"replies":[{"embeddable":true,"href":"https:\/\/brotherootzsup.com\/fr\/wp-json\/wp\/v2\/comments?post=487"}],"version-history":[{"count":0,"href":"https:\/\/brotherootzsup.com\/fr\/wp-json\/wp\/v2\/pages\/487\/revisions"}],"wp:featuredmedia":[{"embeddable":true,"href":"https:\/\/brotherootzsup.com\/fr\/wp-json\/wp\/v2\/media\/1018"}],"wp:attachment":[{"href":"https:\/\/brotherootzsup.com\/fr\/wp-json\/wp\/v2\/media?parent=487"}],"curies":[{"name":"wp","href":"https:\/\/api.w.org\/{rel}","templated":true}]}}