{"id":2537,"date":"2024-05-23T14:16:38","date_gmt":"2024-05-23T13:16:38","guid":{"rendered":"https:\/\/brotherootzsup.com\/?page_id=2537"},"modified":"2024-07-01T02:01:50","modified_gmt":"2024-07-01T01:01:50","slug":"merci-de-nous-contacter","status":"publish","type":"page","link":"https:\/\/brotherootzsup.com\/fr\/merci-de-nous-contacter\/","title":{"rendered":"Merci de nous contacter"},"content":{"rendered":"<div class=\"wpb-content-wrapper\"><p>[vc_row css=\u00a0\u00bb.vc_custom_1647001097736{margin-top: 50px !important;}\u00a0\u00bb][vc_column width=\u00a0\u00bb1\/2&Prime;]<div class=\"porto-u-heading  wpb_custom_4e9d5829ddba4152f8f39aee9c77adcb porto-u-ad87e2eaf3f9c495180fe0156ddf3eb0 \"><div class=\"porto-u-main-heading\"><h2   style=\"margin-bottom: 10px;\">FORMULAIRE RE\u00c7U<\/h2><\/div><div class=\"porto-u-heading-spacer line_only\" style=\"margin-bottom: 10px;height:3px;\"><span class=\"porto-u-headings-line\" style=\"border-style:solid;border-bottom-width:3px;border-color:#d0a370;width:75px;\"><\/span><\/div><div class=\"porto-u-sub-heading\" style=\"color: #20476b;margin-bottom:25px;\"><span style=\"font-size: 35px;\">Merci de nous avoir contact\u00e9s !<\/span><\/div><style>.porto-u-ad87e2eaf3f9c495180fe0156ddf3eb0.porto-u-heading{text-align:left} .porto-u-ad87e2eaf3f9c495180fe0156ddf3eb0 .porto-u-headings-line{float: left;}<\/style><\/div>[vc_column_text]Nous vous contacterons d\u00e8s que possible.<br \/>\n&nbsp;<\/p>\n<h4>AVEZ-VOUS D\u00c9J\u00c0 VISIT\u00c9 NOS M\u00c9DIAS SOCIAUX\u00a0?<\/h4>\n<h5>Nous vous invitons \u00e0 nous suivre sur :<\/h5>\n<p><a href=\"https:\/\/www.instagram.com\/brotherootz.sup\/\" target=\"_blank\" rel=\"noopener\">&#8211; Instagram<\/a><br \/>\n<a href=\"https:\/\/www.facebook.com\/BenagilSUP\/\" target=\"_blank\" rel=\"noopener\">&#8211; Facebook<\/a>[\/vc_column_text][\/vc_column][vc_column width=\u00a0\u00bb1\/2&Prime; text_align=\u00a0\u00bbcenter\u00a0\u00bb is_sticky=\u00a0\u00bbyes\u00a0\u00bb sticky_min_width=\u00a0\u00bb767&Prime; sticky_top=\u00a0\u00bb110&Prime; sticky_bottom=\u00a0\u00bb0&Prime; conditional_render=\u00a0\u00bb%5B%7B%22value_role%22%3A%22administrator%22%7D%5D\u00a0\u00bb][vc_single_image image=\u00a0\u00bb1021&Prime; img_size=\u00a0\u00bbfull\u00a0\u00bb alignment=\u00a0\u00bbcenter\u00a0\u00bb][\/vc_column][\/vc_row]<\/p>\n<\/div>","protected":false},"excerpt":{"rendered":"<p>[vc_row css=\u00a0\u00bb.vc_custom_1647001097736{margin-top: 50px !important;}\u00a0\u00bb][vc_column width=\u00a0\u00bb1\/2&Prime;][vc_column_text]Nous vous contacterons d\u00e8s que possible. &nbsp; AVEZ-VOUS D\u00c9J\u00c0 VISIT\u00c9 NOS M\u00c9DIAS SOCIAUX\u00a0? Nous vous invitons \u00e0 nous suivre sur : &#8211; Instagram &#8211; Facebook[\/vc_column_text][\/vc_column][vc_column width=\u00a0\u00bb1\/2&Prime; text_align=\u00a0\u00bbcenter\u00a0\u00bb is_sticky=\u00a0\u00bbyes\u00a0\u00bb sticky_min_width=\u00a0\u00bb767&Prime; sticky_top=\u00a0\u00bb110&Prime; sticky_bottom=\u00a0\u00bb0&Prime; conditional_render=\u00a0\u00bb%5B%7B%22value_role%22%3A%22administrator%22%7D%5D\u00a0\u00bb][vc_single_image image=\u00a0\u00bb1021&Prime; img_size=\u00a0\u00bbfull\u00a0\u00bb alignment=\u00a0\u00bbcenter\u00a0\u00bb][\/vc_column][\/vc_row]<\/p>\n","protected":false},"author":116,"featured_media":0,"parent":0,"menu_order":0,"comment_status":"closed","ping_status":"closed","template":"","meta":{"inline_featured_image":false,"footnotes":""},"class_list":["post-2537","page","type-page","status-publish","hentry"],"_links":{"self":[{"href":"https:\/\/brotherootzsup.com\/fr\/wp-json\/wp\/v2\/pages\/2537","targetHints":{"allow":["GET"]}}],"collection":[{"href":"https:\/\/brotherootzsup.com\/fr\/wp-json\/wp\/v2\/pages"}],"about":[{"href":"https:\/\/brotherootzsup.com\/fr\/wp-json\/wp\/v2\/types\/page"}],"author":[{"embeddable":true,"href":"https:\/\/brotherootzsup.com\/fr\/wp-json\/wp\/v2\/users\/116"}],"replies":[{"embeddable":true,"href":"https:\/\/brotherootzsup.com\/fr\/wp-json\/wp\/v2\/comments?post=2537"}],"version-history":[{"count":0,"href":"https:\/\/brotherootzsup.com\/fr\/wp-json\/wp\/v2\/pages\/2537\/revisions"}],"wp:attachment":[{"href":"https:\/\/brotherootzsup.com\/fr\/wp-json\/wp\/v2\/media?parent=2537"}],"curies":[{"name":"wp","href":"https:\/\/api.w.org\/{rel}","templated":true}]}}