{"id":2265,"date":"2024-05-20T18:07:56","date_gmt":"2024-05-20T17:07:56","guid":{"rendered":"https:\/\/brotherootzsup.com\/contact-us\/"},"modified":"2026-02-10T17:51:58","modified_gmt":"2026-02-10T17:51:58","slug":"contact-us","status":"publish","type":"page","link":"https:\/\/brotherootzsup.com\/fr\/contact-us\/","title":{"rendered":"Contactez-nous"},"content":{"rendered":"<div class=\"wpb-content-wrapper\"><p>[vc_row css=\u00a0\u00bb.vc_custom_1647001097736{margin-top: 50px !important;}\u00a0\u00bb][vc_column width=\u00a0\u00bb1\/2&Prime; text_align=\u00a0\u00bbcenter\u00a0\u00bb is_sticky=\u00a0\u00bbyes\u00a0\u00bb sticky_min_width=\u00a0\u00bb767&Prime; sticky_top=\u00a0\u00bb110&Prime; sticky_bottom=\u00a0\u00bb0&Prime; conditional_render=\u00a0\u00bb%5B%7B%22value_role%22%3A%22administrator%22%7D%5D\u00a0\u00bb][vc_single_image image=\u00a0\u00bb1165&Prime; img_size=\u00a0\u00bbfull\u00a0\u00bb alignment=\u00a0\u00bbcenter\u00a0\u00bb]<div class=\"porto-u-heading  wpb_custom_6d0690c8bf201417d046056fd945a882 porto-u-55ca8359258f9a412be7e73af65d2aac \"><div class=\"porto-u-main-heading\"><h2   style=\"margin-bottom: 5px;\">ASSISTANCE T\u00c9L\u00c9PHONIQUE<\/h2><\/div><div class=\"porto-u-sub-heading\" style=\"\">Appelez-nous maintenant, nous serons heureux de vous aider!<\/div><style>.porto-u-55ca8359258f9a412be7e73af65d2aac.porto-u-heading{text-align:center}<\/style><\/div><div class=\"porto-btn-ctn-center \"><a class=\"porto-btn  vc_custom_1716205443792 porto-adjust-bottom-margin porto-btn-block porto-btn-top-bg   wpb_custom_75390352142225f56fd636bc4e71439d  porto-btn-center \"  rel='' href = \"tel:+351912042042\" target='_blank' data-hover=\"#ffffff\" data-border-color=\"\" data-bg=\"#d0a370\" data-hover-bg=\"#8c592d\" data-border-hover=\"\" data-shadow-click=\"none\" data-shadow=\"\" style=\"border:none;background: #d0a370;color: #ffffff;\"><span class=\"porto-btn-hover\" style=\"background-color:#8c592d\"><\/span><span class=\"porto-btn-data porto-btn-text \" >APPEL : +351 912 042 042<\/span><\/a><\/div>[vc_column_text]appeler vers le r\u00e9seau mobile national portugais[\/vc_column_text][\/vc_column][vc_column width=\u00a0\u00bb1\/2&Prime;]<div class=\"porto-u-heading  wpb_custom_4e9d5829ddba4152f8f39aee9c77adcb porto-u-ad87e2eaf3f9c495180fe0156ddf3eb0 \"><div class=\"porto-u-main-heading\"><h1   style=\"margin-bottom: 10px;\">FORMULAIRE DE CONTACT<\/h1><\/div><div class=\"porto-u-heading-spacer line_only\" style=\"margin-bottom: 10px;height:3px;\"><span class=\"porto-u-headings-line\" style=\"border-style:solid;border-bottom-width:3px;border-color:#d0a370;width:75px;\"><\/span><\/div><div class=\"porto-u-sub-heading\" style=\"color: #20476b;margin-bottom:25px;\"><span style=\"font-size: 35px;\">Envoie-nous un <strong>message<\/strong><\/span><\/div><style>.porto-u-ad87e2eaf3f9c495180fe0156ddf3eb0.porto-u-heading{text-align:left} .porto-u-ad87e2eaf3f9c495180fe0156ddf3eb0 .porto-u-headings-line{float: left;}<\/style><\/div><div class=\"wpb_custom_cc0edf6538cbc15b00e319be278a40a4\">\n<div class=\"wpcf7 no-js\" id=\"wpcf7-f2259-o1\" lang=\"fr-FR\" dir=\"ltr\" data-wpcf7-id=\"2259\">\n<div class=\"screen-reader-response\"><p role=\"status\" aria-live=\"polite\" aria-atomic=\"true\"><\/p> <ul><\/ul><\/div>\n<form action=\"\/fr\/wp-json\/wp\/v2\/pages\/2265#wpcf7-f2259-o1\" method=\"post\" class=\"wpcf7-form init\" aria-label=\"Formulaire de contact\" novalidate=\"novalidate\" data-status=\"init\">\n<fieldset class=\"hidden-fields-container\"><input type=\"hidden\" name=\"_wpcf7\" value=\"2259\" \/><input type=\"hidden\" name=\"_wpcf7_version\" value=\"6.1.5\" \/><input type=\"hidden\" name=\"_wpcf7_locale\" value=\"fr_FR\" \/><input type=\"hidden\" name=\"_wpcf7_unit_tag\" value=\"wpcf7-f2259-o1\" \/><input type=\"hidden\" name=\"_wpcf7_container_post\" value=\"0\" \/><input type=\"hidden\" name=\"_wpcf7_posted_data_hash\" value=\"\" \/><input type=\"hidden\" name=\"_wpcf7_recaptcha_response\" value=\"\" \/>\n<\/fieldset>\n<div>\n\t<div><span class=\"wpcf7-form-control-wrap\" data-name=\"nome\"><input size=\"40\" maxlength=\"400\" class=\"wpcf7-form-control wpcf7-text wpcf7-validates-as-required\" aria-required=\"true\" aria-invalid=\"false\" placeholder=\"Nom et Pr\u00e9nom\" value=\"\" type=\"text\" name=\"nome\" \/><\/span>\n\t<\/div>\n\t<div><span class=\"wpcf7-form-control-wrap\" data-name=\"email\"><input size=\"40\" maxlength=\"400\" class=\"wpcf7-form-control wpcf7-email wpcf7-validates-as-required wpcf7-text wpcf7-validates-as-email\" aria-required=\"true\" aria-invalid=\"false\" placeholder=\"E-mail\" value=\"\" type=\"email\" name=\"email\" \/><\/span>\n\t<\/div>\n\t<div><span class=\"wpcf7-form-control-wrap\" data-name=\"telefone\"><input size=\"40\" maxlength=\"400\" class=\"wpcf7-form-control wpcf7-tel wpcf7-validates-as-required wpcf7-text wpcf7-validates-as-tel\" aria-required=\"true\" aria-invalid=\"false\" placeholder=\"Num\u00e9ro de t\u00e9l\u00e9phone\" value=\"\" type=\"tel\" name=\"telefone\" \/><\/span>\n\t<\/div>\n\t<div><span class=\"wpcf7-form-control-wrap\" data-name=\"tipo_de_pedido\"><select class=\"wpcf7-form-control wpcf7-select\" id=\"tipoconsulta\" aria-invalid=\"false\" name=\"tipo_de_pedido\"><option value=\"S\u00e9lectionnez le sujet\" selected=\"selected\">S\u00e9lectionnez le sujet<\/option><option value=\"Demande d&#039;info\">Demande d&#039;info<\/option><option value=\"R\u00e9servez une visite\">R\u00e9servez une visite<\/option><\/select><\/span>\n\t<\/div>\n\t<div><span class=\"wpcf7-form-control-wrap\" data-name=\"mensagem\"><textarea cols=\"40\" rows=\"10\" maxlength=\"2000\" class=\"wpcf7-form-control wpcf7-textarea\" aria-invalid=\"false\" placeholder=\"Ecrivez votre message ici\" name=\"mensagem\"><\/textarea><\/span>\n\t<\/div>\n\t<div><span class=\"wpcf7-form-control-wrap\" data-name=\"acceptance-655\"><span class=\"wpcf7-form-control wpcf7-acceptance\"><span class=\"wpcf7-list-item\"><label><input type=\"checkbox\" name=\"acceptance-655\" value=\"1\" aria-invalid=\"false\" \/><span class=\"wpcf7-list-item-label\"><span style=\"font-size:10px;\">J'accepte la <a href=\"https:\/\/brotherootzsup.com\/fr\/declaration-de-confidentialite\/\" Target=\"_blank\">Politique de Confidentialit\u00e9<\/a><\/span><\/span><\/label><\/span><\/span><\/span>\n\t<\/div>\n\t<div style=\"display:none;\">\n\t\t<span class=\"wpcf7-form-control-wrap\" data-name=\"formulario\"><input size=\"40\" maxlength=\"400\" class=\"wpcf7-form-control wpcf7-text\" aria-invalid=\"false\" value=\"Formul\u00e1rio Simples de Contacto FR\" type=\"text\" name=\"formulario\" \/><\/span>\n\t\t<span class=\"wpcf7-form-control-wrap\" data-name=\"fonte\"><input size=\"40\" maxlength=\"400\" class=\"wpcf7-form-control wpcf7-text\" aria-invalid=\"false\" value=\"Website brotherootzsup.com\" type=\"text\" name=\"fonte\" \/><\/span>\n\t<\/div>\n<input class=\"wpcf7-form-control wpcf7-hidden\" value=\"\" type=\"hidden\" name=\"utm_campaign\" \/>\n<input class=\"wpcf7-form-control wpcf7-hidden\" value=\"\" type=\"hidden\" name=\"utm_source\" \/>\n<input class=\"wpcf7-form-control wpcf7-hidden\" value=\"\" type=\"hidden\" name=\"utm_medium\" \/>\n<input class=\"wpcf7-form-control wpcf7-hidden\" value=\"\" type=\"hidden\" name=\"utm_term\" \/>\n<input class=\"wpcf7-form-control wpcf7-hidden\" value=\"\" type=\"hidden\" name=\"utm_content\" \/>\n<span class=\"wpcf7-form-control-wrap\" data-name=\"referer-page\"><input size=\"40\" maxlength=\"400\" class=\"wpcf7-form-control wpcf7-text referer-page\" aria-invalid=\"false\" value=\"\" type=\"text\" name=\"referer-page\" \/><\/span>\n<input class=\"wpcf7-form-control wpcf7-hidden\" value=\"\" type=\"hidden\" name=\"gclid\" \/>\n\t<div>\n<span id=\"wpcf7-69d8b349420e8-wrapper\" class=\"wpcf7-form-control-wrap honeypot-694-wrap\" style=\"display:none !important; visibility:hidden !important;\"><label for=\"wpcf7-69d8b349420e8-field\" class=\"hp-message\">Veuillez laisser ce champ vide.<\/label><input id=\"wpcf7-69d8b349420e8-field\"  class=\"wpcf7-form-control wpcf7-text\" type=\"text\" name=\"honeypot-694\" value=\"\" size=\"40\" tabindex=\"-1\" autocomplete=\"off\" \/><\/span>\n\n\t<input class=\"wpcf7-form-control wpcf7-submit has-spinner\" type=\"submit\" value=\"ENVOYER\" \/>\n\t<\/div>\n<\/div>\n<style>\ninput.referer-page {\ndisplay:none;\n}\n<\/style><p class='mitise'><span class=\"wpcf7-form-control-wrap\" data-name=\"mitise\"><input size=\"40\" maxlength=\"400\" class=\"wpcf7-form-control wpcf7-text\" aria-invalid=\"false\" value=\"\" type=\"text\" name=\"mitise\" \/><\/span><\/p><p class='yodawu'><span class=\"wpcf7-form-control-wrap\" data-name=\"yodawu\"><input size=\"40\" maxlength=\"400\" class=\"wpcf7-form-control wpcf7-text\" aria-invalid=\"false\" value=\"\" type=\"text\" name=\"yodawu\" \/><\/span><\/p><p class='pagete'><span class=\"wpcf7-form-control-wrap\" data-name=\"pagete\"><input size=\"40\" maxlength=\"400\" class=\"wpcf7-form-control wpcf7-text\" aria-invalid=\"false\" value=\"\" type=\"text\" name=\"pagete\" \/><\/span><\/p><p class='woyohu'><span class=\"wpcf7-form-control-wrap\" data-name=\"woyohu\"><input size=\"40\" maxlength=\"400\" class=\"wpcf7-form-control wpcf7-text\" aria-invalid=\"false\" value=\"\" type=\"text\" name=\"woyohu\" \/><\/span><\/p><div class=\"wpcf7-response-output\" aria-hidden=\"true\"><\/div>\n<\/form>\n<\/div>\n<\/div>[\/vc_column][\/vc_row]<\/p>\n<\/div>","protected":false},"excerpt":{"rendered":"<p>[vc_row css=\u00a0\u00bb.vc_custom_1647001097736{margin-top: 50px !important;}\u00a0\u00bb][vc_column width=\u00a0\u00bb1\/2&Prime; text_align=\u00a0\u00bbcenter\u00a0\u00bb is_sticky=\u00a0\u00bbyes\u00a0\u00bb sticky_min_width=\u00a0\u00bb767&Prime; sticky_top=\u00a0\u00bb110&Prime; sticky_bottom=\u00a0\u00bb0&Prime; conditional_render=\u00a0\u00bb%5B%7B%22value_role%22%3A%22administrator%22%7D%5D\u00a0\u00bb][vc_single_image image=\u00a0\u00bb1165&Prime; img_size=\u00a0\u00bbfull\u00a0\u00bb alignment=\u00a0\u00bbcenter\u00a0\u00bb][vc_column_text]appeler vers le r\u00e9seau mobile national portugais[\/vc_column_text][\/vc_column][vc_column width=\u00a0\u00bb1\/2&Prime;][\/vc_column][\/vc_row]<\/p>\n","protected":false},"author":116,"featured_media":0,"parent":0,"menu_order":0,"comment_status":"closed","ping_status":"closed","template":"","meta":{"inline_featured_image":false,"footnotes":""},"class_list":["post-2265","page","type-page","status-publish","hentry"],"_links":{"self":[{"href":"https:\/\/brotherootzsup.com\/fr\/wp-json\/wp\/v2\/pages\/2265","targetHints":{"allow":["GET"]}}],"collection":[{"href":"https:\/\/brotherootzsup.com\/fr\/wp-json\/wp\/v2\/pages"}],"about":[{"href":"https:\/\/brotherootzsup.com\/fr\/wp-json\/wp\/v2\/types\/page"}],"author":[{"embeddable":true,"href":"https:\/\/brotherootzsup.com\/fr\/wp-json\/wp\/v2\/users\/116"}],"replies":[{"embeddable":true,"href":"https:\/\/brotherootzsup.com\/fr\/wp-json\/wp\/v2\/comments?post=2265"}],"version-history":[{"count":0,"href":"https:\/\/brotherootzsup.com\/fr\/wp-json\/wp\/v2\/pages\/2265\/revisions"}],"wp:attachment":[{"href":"https:\/\/brotherootzsup.com\/fr\/wp-json\/wp\/v2\/media?parent=2265"}],"curies":[{"name":"wp","href":"https:\/\/api.w.org\/{rel}","templated":true}]}}