{"id":891,"date":"2022-03-11T18:54:54","date_gmt":"2022-03-11T18:54:54","guid":{"rendered":"https:\/\/brotherootzsup.com\/about-us\/"},"modified":"2026-02-10T17:49:38","modified_gmt":"2026-02-10T17:49:38","slug":"sobre-nosotros","status":"publish","type":"page","link":"https:\/\/brotherootzsup.com\/es\/sobre-nosotros\/","title":{"rendered":"Sobre Nosotros"},"content":{"rendered":"<div class=\"wpb-content-wrapper\"><p>[vc_row css=\u00bb.vc_custom_1647001097736{margin-top: 50px !important;}\u00bb][vc_column][vc_single_image image=\u00bb603&#8243; img_size=\u00bbfull\u00bb]<div class=\"porto-u-heading  wpb_custom_077a2d7ceeb32b2fc840a71236ec7bc3 porto-u-55ca8359258f9a412be7e73af65d2aac \"><div class=\"porto-u-main-heading\"><h1   style=\"margin-bottom: 10px;\">SOBRE NOSOTROS<\/h1><\/div><div class=\"porto-u-heading-spacer line_only\" style=\"margin-bottom: 10px;height:3px;\"><span class=\"porto-u-headings-line\" style=\"border-style:solid;border-bottom-width:3px;border-color:#d0a370;width:75px;\"><\/span><\/div><div class=\"porto-u-sub-heading\" style=\"color: #20476b;\"><span style=\"font-size: 35px;\">Somos <strong>BrotheRootz<\/strong><\/span><\/div><style>.porto-u-55ca8359258f9a412be7e73af65d2aac.porto-u-heading{text-align:center} .porto-u-55ca8359258f9a412be7e73af65d2aac .porto-u-headings-line{float: unset;}<\/style><\/div>[vc_column_text css=\u00bb.vc_custom_1650973477175{margin-top: 50px !important;}\u00bb]<\/p>\n<p style=\"text-align: center;\"><strong> \u00a1Somos una empresa de SUP respetuosa con el medio ambiente que naci\u00f3 gracias a 3 j\u00f3venes amigos locales que ten\u00edan el mismo sue\u00f1o! Construimos una forma de vida sostenible y alternativa y hacemos lo que m\u00e1s amamos en el lugar donde crecimos: \u00a1autenticidad, buena vibra, sol y agua salada!<\/strong><\/p>\n<p style=\"text-align: center;\">Decidimos que \u00edbamos a ser la diferencia, ser genuinos y apegarnos a nuestras ra\u00edces, por eso elegimos la playa de Carvalho como nuestro puerto de partida hacia la cueva de Benagil, evitando las aglomeraciones y la confusi\u00f3n de la temporada alta, adem\u00e1s de preparar una ruta poco convencional ,m\u00e1s exclusiva.<\/p>\n<p style=\"text-align: center;\">Solo llevamos 10 personas por recorrido, por lo que es m\u00e1s \u00edntimo, divertido y seguro. BotheRootz est\u00e1 compuesto por j\u00f3venes gu\u00edas locales con una nueva visi\u00f3n y un enfoque fresco del Turismo del Algarve.<\/p>\n<p style=\"text-align: center;\">Nuestro objetivo es brindarle una experiencia de por vida en el lugar donde crecimos, que es reconocido por muchos como una de las maravillas naturales m\u00e1s bellas y asombrosas de Portugal. La costa de Lagoa (Benagil) es conocida desde hace d\u00e9cadas por sus maravillosas cuevas marinas, playas secretas e impresionantes formaciones rocosas fosilizadas, talladas a lo largo de los siglos por las fuerzas naturales de la madre naturaleza.<\/p>\n<p style=\"text-align: center;\">La deliciosa singularidad de nuestra tierra hizo que su fama llegara a todos los rincones del mundo, acercando el turismo, que tiene sus altibajos. Hemos visto con nuestros propios ojos el deterioro que las grandes masas pueden traer a nuestras aguas y bosques, incluyendo la p\u00e9rdida de calidad por parte de las empresas tur\u00edsticas. Por eso queremos apostar por un turismo m\u00e1s ECO y familiar, donde el impacto en nuestros ecosistemas se reduzca significativamente y adem\u00e1s tener una relaci\u00f3n m\u00e1s personal con nuestros clientes.<\/p>\n<p style=\"text-align: center;\">La mayor parte del a\u00f1o nuestro oc\u00e9ano es plano y nuestras tablas tambi\u00e9n son extremadamente estables, por lo que incluso si es tu primera vez, no tendr\u00e1s problemas para ponerte de pie en la tabla. Tambi\u00e9n puede ir sentado o de rodillas si es necesario. Adem\u00e1s, tendr\u00e1s a tu lado un h\u00e1bil gu\u00eda que te dar\u00e1 todos los consejos y apoyo para que te sientas seguro y c\u00f3modo en el agua. Todos en nuestro equipo han crecido en la playa rodeados de los reci\u00e9n llegados que visitan nuestros lugares m\u00e1gicos, por lo que el oc\u00e9ano es nuestro hogar y todos estamos acostumbrados a interactuar con las diferentes culturas de nuestro mundo.<\/p>\n<p>[\/vc_column_text][\/vc_column][\/vc_row]<\/p>\n<\/div>","protected":false},"excerpt":{"rendered":"<p>[vc_row css=\u00bb.vc_custom_1647001097736{margin-top: 50px !important;}\u00bb][vc_column][vc_single_image image=\u00bb603&#8243; img_size=\u00bbfull\u00bb][vc_column_text css=\u00bb.vc_custom_1650973477175{margin-top: 50px !important;}\u00bb] \u00a1Somos una empresa de SUP respetuosa con el medio ambiente que naci\u00f3 gracias a 3 j\u00f3venes amigos locales que ten\u00edan el mismo sue\u00f1o! Construimos una forma de vida sostenible y alternativa y hacemos lo que m\u00e1s amamos en el lugar donde crecimos: \u00a1autenticidad, buena vibra, sol [&hellip;]<\/p>\n","protected":false},"author":116,"featured_media":0,"parent":0,"menu_order":0,"comment_status":"closed","ping_status":"closed","template":"","meta":{"inline_featured_image":false,"footnotes":""},"class_list":["post-891","page","type-page","status-publish","hentry"],"_links":{"self":[{"href":"https:\/\/brotherootzsup.com\/es\/wp-json\/wp\/v2\/pages\/891","targetHints":{"allow":["GET"]}}],"collection":[{"href":"https:\/\/brotherootzsup.com\/es\/wp-json\/wp\/v2\/pages"}],"about":[{"href":"https:\/\/brotherootzsup.com\/es\/wp-json\/wp\/v2\/types\/page"}],"author":[{"embeddable":true,"href":"https:\/\/brotherootzsup.com\/es\/wp-json\/wp\/v2\/users\/116"}],"replies":[{"embeddable":true,"href":"https:\/\/brotherootzsup.com\/es\/wp-json\/wp\/v2\/comments?post=891"}],"version-history":[{"count":0,"href":"https:\/\/brotherootzsup.com\/es\/wp-json\/wp\/v2\/pages\/891\/revisions"}],"wp:attachment":[{"href":"https:\/\/brotherootzsup.com\/es\/wp-json\/wp\/v2\/media?parent=891"}],"curies":[{"name":"wp","href":"https:\/\/api.w.org\/{rel}","templated":true}]}}