{"id":887,"date":"2022-03-12T10:35:47","date_gmt":"2022-03-12T10:35:47","guid":{"rendered":"https:\/\/brotherootzsup.com\/the-crew\/"},"modified":"2026-02-10T17:49:09","modified_gmt":"2026-02-10T17:49:09","slug":"la-tripulacion","status":"publish","type":"page","link":"https:\/\/brotherootzsup.com\/es\/la-tripulacion\/","title":{"rendered":"La Tripulaci\u00f3n"},"content":{"rendered":"<div class=\"wpb-content-wrapper\"><p>[vc_row content_placement=\u00bbmiddle\u00bb css=\u00bb.vc_custom_1647081407466{margin-top: 50px !important;}\u00bb][vc_column][vc_custom_heading text=\u00bbConozca al Equipo\u00bb font_container=\u00bbtag:h1|text_align:center\u00bb][\/vc_column][vc_column width=\u00bb1\/3&#8243;][vc_single_image image=\u00bb571&#8243; img_size=\u00bbfull\u00bb alignment=\u00bbcenter\u00bb][\/vc_column][vc_column width=\u00bb2\/3&#8243;][vc_column_text]<\/p>\n<p style=\"text-align: left;\"><span style=\"font-size: 20px;\"><strong><span style=\"color: #20476b;\"><em>\u00abHola, soy Egas, la ra\u00edz art\u00edstica de los hermanos.<\/em><\/span><\/strong><\/span><\/p>\n<p style=\"text-align: left;\"><span style=\"font-size: 17px; color: #20476b;\"><em>Nac\u00ed y crec\u00ed en la playa de Carvoeiro y he estado remando en estos mares desde que era un ni\u00f1o. Cuando estaba en la universidad e incluso antes ya trabajaba en la playa y tambi\u00e9n era gu\u00eda. Compet\u00ed en balonmano toda mi vida, me gradu\u00e9 como dentista pero decid\u00ed que necesitaba demasiado el oc\u00e9ano para estar lejos de \u00e9l. Amante de la m\u00fasica y las artes, me encanta tocar la guitarra, el canto, la astrolog\u00eda y la espiritualidad. Siempre divertido y dispuesto a ayudarte, har\u00e9 que tu viaje sea divertido y educativo.\u00bb<\/em><\/span><\/p>\n<p>[\/vc_column_text][vc_column_text css=\u00bb.vc_custom_1650973324595{margin-bottom: 0px !important;}\u00bb]<\/p>\n<p style=\"text-align: left;\"><strong>S\u00edgueme<\/strong><\/p>\n<p>[\/vc_column_text]<div class=\"porto-u-icons\"><a class=\"porto-icon fab fa-facebook-f \"  style=\"color:#d0a370;font-size:16px;margin-right:5px;\" href=\"#\"><\/a><a class=\"porto-icon fab fa-instagram \"  style=\"color:#d0a370;font-size:16px;margin-right:5px;\" href=\"#\"><\/a><\/div>[\/vc_column][\/vc_row][vc_row content_placement=\u00bbmiddle\u00bb css=\u00bb.vc_custom_1647081407466{margin-top: 50px !important;}\u00bb][vc_column width=\u00bb1\/3&#8243;][vc_single_image image=\u00bb576&#8243; img_size=\u00bbfull\u00bb alignment=\u00bbcenter\u00bb][\/vc_column][vc_column width=\u00bb2\/3&#8243;][vc_column_text]<\/p>\n<p style=\"text-align: left;\"><span style=\"font-size: 20px;\"><strong><span style=\"color: #20476b;\"><em>\u00ab\u00a1Oye!\u00a0 Soy Caio, la ra\u00edz aventurera de los hermanos<\/em><\/span><span style=\"color: #20476b;\"><em>. <\/em><\/span><\/strong><\/span><\/p>\n<p style=\"text-align: left;\"><span style=\"font-size: 17px; color: #20476b;\"><em>Soy un ge\u00f3grafo nacido y criado en R\u00edo de Janeiro, pero con fuertes ra\u00edces en el Algarve. Crec\u00ed rodeado por el oc\u00e9ano y las monta\u00f1as, lo que me enganch\u00f3 a las actividades al aire libre como remar en canoa hawaiana, escalar rocas y surfear. <\/em><\/span><\/p>\n<p style=\"text-align: left;\"><span style=\"font-size: 17px; color: #20476b;\"><em>Este estilo de vida hizo que me apasionara que la gente lo experimentara. \u00a1He estado trabajando como gu\u00eda de monta\u00f1a durante algunos a\u00f1os, teniendo habilidades y conocimientos suficientes para brindarle una experiencia divertida y segura con BrotherRootz!\u00bb<\/em><\/span><\/p>\n<p>[\/vc_column_text][vc_column_text css=\u00bb.vc_custom_1650973324595{margin-bottom: 0px !important;}\u00bb]<\/p>\n<p style=\"text-align: left;\"><strong>S\u00edgueme<\/strong><\/p>\n<p>[\/vc_column_text]<div class=\"porto-u-icons\"><a class=\"porto-icon fab fa-facebook-f \"  style=\"color:#d0a370;font-size:16px;margin-right:5px;\" href=\"#\"><\/a><a class=\"porto-icon fab fa-instagram \"  style=\"color:#d0a370;font-size:16px;margin-right:5px;\" href=\"#\"><\/a><\/div>[\/vc_column][\/vc_row][vc_row content_placement=\u00bbmiddle\u00bb css=\u00bb.vc_custom_1647081407466{margin-top: 50px !important;}\u00bb][vc_column width=\u00bb1\/3&#8243;][vc_single_image image=\u00bb579&#8243; img_size=\u00bbfull\u00bb alignment=\u00bbcenter\u00bb][\/vc_column][vc_column width=\u00bb2\/3&#8243;][vc_column_text]<\/p>\n<p style=\"text-align: left;\"><span style=\"font-size: 20px; color: #20476b;\"><em>\u00ab<strong>\u00a1Hola! Soy Francisco, el root anf\u00edbio de los hermanos<\/strong>. <\/em><\/span><\/p>\n<p style=\"text-align: left;\"><span style=\"font-size: 17px; color: #20476b;\"><em>Nacido en Algarve y criado en la playa de Vale Centeanes, el oc\u00e9ano es mi hogar. Desde peque\u00f1o la nataci\u00f3n fue mi deporte principal, donde compet\u00ed hasta que cumpl\u00ed los 18 a\u00f1os. Mi adolescencia la he pasado trabajando en la playa y recorriendo nuestras aguas como gu\u00eda tur\u00edstico. <\/em><\/span><\/p>\n<p style=\"text-align: left;\"><span style=\"font-size: 17px; color: #20476b;\"><em>Mientras tanto, he estado viajando, despu\u00e9s de completar una licenciatura en ingenier\u00eda. Ahora estoy de vuelta y listo para hacer lo que me hace feliz, compartir con los dem\u00e1s un pedazo de mi para\u00edso.\u00bb<\/em><\/span><\/p>\n<p>[\/vc_column_text][vc_column_text css=\u00bb.vc_custom_1650973324595{margin-bottom: 0px !important;}\u00bb]<\/p>\n<p style=\"text-align: left;\"><strong>S\u00edgueme<\/strong><\/p>\n<p>[\/vc_column_text]<div class=\"porto-u-icons\"><a class=\"porto-icon fab fa-facebook-f \"  style=\"color:#d0a370;font-size:16px;margin-right:5px;\" href=\"#\"><\/a><a class=\"porto-icon fab fa-instagram \"  style=\"color:#d0a370;font-size:16px;margin-right:5px;\" href=\"#\"><\/a><\/div>[\/vc_column][\/vc_row]<\/p>\n<\/div>","protected":false},"excerpt":{"rendered":"<p>[vc_row content_placement=\u00bbmiddle\u00bb css=\u00bb.vc_custom_1647081407466{margin-top: 50px !important;}\u00bb][vc_column][vc_custom_heading text=\u00bbConozca al Equipo\u00bb font_container=\u00bbtag:h1|text_align:center\u00bb][\/vc_column][vc_column width=\u00bb1\/3&#8243;][vc_single_image image=\u00bb571&#8243; img_size=\u00bbfull\u00bb alignment=\u00bbcenter\u00bb][\/vc_column][vc_column width=\u00bb2\/3&#8243;][vc_column_text] \u00abHola, soy Egas, la ra\u00edz art\u00edstica de los hermanos. Nac\u00ed y crec\u00ed en la playa de Carvoeiro y he estado remando en estos mares desde que era un ni\u00f1o. Cuando estaba en la universidad e incluso antes ya trabajaba en la [&hellip;]<\/p>\n","protected":false},"author":116,"featured_media":0,"parent":0,"menu_order":0,"comment_status":"closed","ping_status":"closed","template":"","meta":{"inline_featured_image":false,"footnotes":""},"class_list":["post-887","page","type-page","status-publish","hentry"],"_links":{"self":[{"href":"https:\/\/brotherootzsup.com\/es\/wp-json\/wp\/v2\/pages\/887","targetHints":{"allow":["GET"]}}],"collection":[{"href":"https:\/\/brotherootzsup.com\/es\/wp-json\/wp\/v2\/pages"}],"about":[{"href":"https:\/\/brotherootzsup.com\/es\/wp-json\/wp\/v2\/types\/page"}],"author":[{"embeddable":true,"href":"https:\/\/brotherootzsup.com\/es\/wp-json\/wp\/v2\/users\/116"}],"replies":[{"embeddable":true,"href":"https:\/\/brotherootzsup.com\/es\/wp-json\/wp\/v2\/comments?post=887"}],"version-history":[{"count":0,"href":"https:\/\/brotherootzsup.com\/es\/wp-json\/wp\/v2\/pages\/887\/revisions"}],"wp:attachment":[{"href":"https:\/\/brotherootzsup.com\/es\/wp-json\/wp\/v2\/media?parent=887"}],"curies":[{"name":"wp","href":"https:\/\/api.w.org\/{rel}","templated":true}]}}