{"id":861,"date":"2022-03-11T11:20:26","date_gmt":"2022-03-11T11:20:26","guid":{"rendered":"https:\/\/brotherootzsup.com\/tour\/"},"modified":"2026-03-28T01:09:54","modified_gmt":"2026-03-28T01:09:54","slug":"tour-en-tabla-de-paddle-surf","status":"publish","type":"page","link":"https:\/\/brotherootzsup.com\/es\/tour-en-tabla-de-paddle-surf\/","title":{"rendered":"Tour en tabla de paddle surf"},"content":{"rendered":"<div class=\"wpb-content-wrapper\"><p>[vc_row css=\u00bb.vc_custom_1647001097736{margin-top: 50px !important;}\u00bb][vc_column width=\u00bb1\/3&#8243; is_sticky=\u00bbyes\u00bb sticky_min_width=\u00bb767&#8243; sticky_top=\u00bb110&#8243; sticky_bottom=\u00bb0&#8243;][vc_single_image image=\u00bb559&#8243; img_size=\u00bbfull\u00bb alignment=\u00bbcenter\u00bb]<div class=\"porto-u-heading  wpb_custom_11ba6a5b91c64f88f77ecbcd092b17dd porto-u-55ca8359258f9a412be7e73af65d2aac \"><div class=\"porto-u-main-heading\"><h1   style=\"margin-bottom: 5px;\">Tour en Tabla de Saddle Surf<\/h1><\/div><div class=\"porto-u-sub-heading\" style=\"\">53\u20ac Adultos | 36,99\u20ac Ni\u00f1os por 2 horas<\/div><style>.porto-u-55ca8359258f9a412be7e73af65d2aac.porto-u-heading{text-align:center}<\/style><\/div><div class=\"porto-btn-ctn-center \"><a class=\"porto-btn  vc_custom_1716483139464 porto-adjust-bottom-margin porto-btn-block porto-btn-top-bg   wpb_custom_75390352142225f56fd636bc4e71439d  porto-btn-center \"  rel='' href = \"#contact_form\"  data-hover=\"#ffffff\" data-border-color=\"\" data-bg=\"#20476b\" data-hover-bg=\"#507ba2\" data-border-hover=\"\" data-shadow-click=\"none\" data-shadow=\"\" style=\"border:none;background: #20476b;color: #ffffff;\"><span class=\"porto-btn-hover\" style=\"background-color:#507ba2\"><\/span><span class=\"porto-btn-data porto-btn-text \" >SOLICITE M\u00c1S INFORMACI\u00d3N<\/span><\/a><\/div><div class=\"porto-btn-ctn-center \"><a class=\"porto-btn  vc_custom_1716479927805 porto-adjust-bottom-margin porto-btn-block porto-btn-top-bg   wpb_custom_75390352142225f56fd636bc4e71439d  porto-btn-center \" rel=\"noopener\" href=\"https:\/\/fareharbor.com\/embeds\/book\/brotherootzsup\/items\/537701\/?full-items=yes&#038;flow=730546\" target=\"_blank\" data-hover=\"#ffffff\" data-border-color=\"\" data-bg=\"#d0a370\" data-hover-bg=\"#8c592d\" data-border-hover=\"\" data-shadow-click=\"none\" data-shadow=\"\" style=\"border:none;background: #d0a370;color: #ffffff;\"><span class=\"porto-btn-hover\" style=\"background-color:#8c592d\"><\/span><span class=\"porto-btn-data porto-btn-text \" >RESERVAR AHORA<\/span><\/a><\/div><div class=\"porto-btn-ctn-center clique_telemovel\"><a class=\"porto-btn  vc_custom_1716515030324 porto-adjust-bottom-margin porto-btn-block porto-btn-top-bg   wpb_custom_75390352142225f56fd636bc4e71439d  porto-btn-center \"  rel='' href = \"tel:+351912042042\"  data-hover=\"#ffffff\" data-border-color=\"#20476b\" data-bg=\"\" data-hover-bg=\"#507ba2\" data-border-hover=\"#507ba2\" data-shadow-click=\"none\" data-shadow=\"\" style=\"border-width:1px;border-color:#20476b;border-style:solid;color: #20476b;\"><span class=\"porto-btn-hover\" style=\"background-color:#507ba2\"><\/span><span class=\"porto-btn-data porto-btn-text \" >LIGAR +351 912 042 042<\/span><\/a><\/div>[vc_column_text]<\/p>\n<div class=\"wpb_text_column wpb_content_element \">\n<div class=\"wpb_wrapper\">\n<p style=\"text-align: center;\">llamar a la red m\u00f3vil nacional portuguesa<\/p>\n<\/div>\n<\/div>\n<p>[\/vc_column_text][vc_column_text css=\u00bb.vc_custom_1716482707260{margin-top: -15px !important;margin-bottom: 10px !important;}\u00bb]<strong>Compartir en:<\/strong>[\/vc_column_text][\/vc_column][vc_column width=\u00bb2\/3&#8243;][vc_column_text css=\u00bb.vc_custom_1774641575358{margin-top: 50px !important;}\u00bb css_params=\u00bb\u00bb]<\/p>\n<h2><span style=\"color: #20476b;\">Tour en Paddle Surf a la Cueva de Benagil en GRUPO REDUCIDO y con FOTOS 4K GRATIS<\/span><\/h2>\n<h3>Siente las Aut\u00e9nticas Ra\u00edces Algarvias<\/h3>\n<p>\u00a1Aprovecha al m\u00e1ximo tu estad\u00eda en el Algarve haciendo un tour ecol\u00f3gico en paddle board con nosotros! Comienza esta aventura en la m\u00e1gica playa de Carvalho, desde donde te guiaremos durante 2 horas a lo largo de la impresionante costa de Benagil. Nuestros gu\u00edas, un equipo de j\u00f3venes pero experimentados lugare\u00f1os, har\u00e1n que tu d\u00eda sea entretenido y sin contratiempos, incluso si es tu primera vez en un kayak.<\/p>\n<blockquote><p>El agua salada y las buenas vibraciones definen qui\u00e9nes somos.<\/p><\/blockquote>\n<p>[\/vc_column_text][vc_video link=\u00bbhttps:\/\/youtube.com\/shorts\/LarA3fLyi44?si=n2lmac7aKBK0Uf4g\u00bb align=\u00bbcenter\u00bb css=\u00bb\u00bb css_params=\u00bb\u00bb]<div class=\"porto-block\" data-id=\"1637\"><style>.vc_custom_1711533611630{margin-top: 50px !important;}<\/style>[vc_row][vc_column][vc_column_text css=\".vc_custom_1711533611630{margin-top: 50px !important;}\"]<\/p>\r\n<h3><strong>\u00bfQu\u00e9 nos hace Especiales?<\/strong><\/h3>\r\n<ol start=\"1\">\r\n<li><strong>Comienza en la Joya Escondida de Carvalho:<\/strong><br \/>\r\nTu viaje comienza en la impresionante playa de Carvalho, rodeada de acantilados de piedra caliza y accesible a trav\u00e9s de un t\u00fanel hist\u00f3rico, ofreciendo un punto de partida apartado e impresionante.<\/li>\r\n<li><strong>Aventura en Kayak Guiada por Expertos:<\/strong><br \/>\r\nEmb\u00e1rcate en un inolvidable paseo en kayak liderado por nuestros experimentados gu\u00edas, EGAS, CAIO &amp; FRANCISCO, garantizando seguridad y emoci\u00f3n mientras exploras las cuevas m\u00e1s impresionantes, \"algares\" y <strong>formaciones naturales a lo largo de la costa del Algarve.<\/strong><\/li>\r\n<li><strong>Experiencia de Grupo \u00cdntima:<\/strong><br \/>\r\n\u00danete a nuestros tours en grupos peque\u00f1os, limitados a 12 participantes, para una aventura personalizada donde recibes atenci\u00f3n individual, fomentando una conexi\u00f3n m\u00e1s cercana tanto con tus compa\u00f1eros aventureros como con los impresionantes alrededores.<\/li>\r\n<li><strong>Escapa de las Multitudes:<\/strong><br \/>\r\n<strong>Experimenta la tranquilidad de la playa de Carvalho, a solo minutos de la bulliciosa playa de Benagil, ofreciendo un ambiente sereno y apartado lejos de las multitudes t\u00edpicas de turistas.<\/strong><\/li>\r\n<li><strong>Recuerdos Fotogr\u00e1ficos en 4K Complimentarios:<\/strong><br \/>\r\nCaptura tus recuerdos con un impresionante detalle con fotos en 4K gratuitas tomadas en la famosa cueva \"Algar\" de Benagil en Portugal y otros lugares pintorescos, asegurando que tus experiencias queden inmortalizadas <strong>para compartir con tus seres queridos.<\/strong><\/li>\r\n<li><strong>Rel\u00e1jate en la Playa de Carvalho:<\/strong><br \/>\r\nConcluye tu aventura de regreso en la playa de Carvalho, donde puedes relajarte tomando el sol o darte un refrescante ba\u00f1o en las aguas cristalinas, rodeado de acantilados de piedra caliza y un paisaje pintoresco.<\/li>\r\n<li><strong>Valor y Comodidad Inigualables:<\/strong><br \/>\r\nExperimenta un valor inigualable con Brotherootz, ofreciendo experiencias de aventura de primer nivel a tarifas b\u00e1sicas.<br \/>\r\nDisfruta de comodidades gratuitas como trajes de neopreno, bolsas secas y asientos con soporte lumbar para mayor comodidad y conveniencia.<br \/>\r\nBenef\u00edciate de traslados sin problemas dentro del \u00e1rea del Consejo de Lagoa, incluyendo servicios de recogida y entrega desde hoteles y casas en Lagoa, Carvoeiro, Porches, Estombar, Parchal y Ferragudo.<br \/>\r\nCaptura tus recuerdos con fotos gratuitas tomadas durante el tour, asegurando recuerdos duraderos de tu aventura.<br \/>\r\nRecibe un servicio de alta calidad de nuestros expertos gu\u00edas, que brindan un amplio conocimiento sobre la historia local, la biodiversidad y la geolog\u00eda, garantizando tanto la seguridad como la emoci\u00f3n durante todo tu viaje.<\/li>\r\n<\/ol>\r\n<p>[\/vc_column_text][\/vc_column][\/vc_row]<\/div><div class=\"porto-block\" data-id=\"1626\"><style>.vc_custom_1647026300243{margin-bottom: 50px !important;}<\/style>[vc_row][vc_column][vc_tta_accordion style=\"flat\" shape=\"square\" gap=\"5\" c_position=\"right\" active_section=\"150\" no_fill=\"true\" collapsible_all=\"true\" css=\".vc_custom_1647026300243{margin-bottom: 50px !important;}\"][vc_tta_section title=\"\u00bfQu\u00e9 est\u00e1 incluido?\" tab_id=\"es_1\"][vc_column_text]<\/p>\r\n<ul>\r\n<li>\u00a0Tour de aproximadamente 2 horas<\/li>\r\n<li>\u00a0Gu\u00eda local profesional<\/li>\r\n<li>\u00a0Todo el equipo necesario para el tour (kayak, remos, chaleco salvavidas)<\/li>\r\n<li>\u00a0Bolsas secas para equipo esencial (c\u00e1maras, tel\u00e9fonos, llaves)<\/li>\r\n<li>\u00a0Fotos en 4K incluidas<\/li>\r\n<li>\u00a0Seguro<\/li>\r\n<li>\u00a0Trajes de neopreno incluidos si hace fr\u00edo<\/li>\r\n<li>\u00a0Asiento con soporte lumbar incluido<\/li>\r\n<li>\u00a0Traslado incluido dentro del consejo de Lagoa (casas y hoteles)<\/li>\r\n<li>\u00a0Diversi\u00f3n, buenas vibraciones y autenticidad<\/li>\r\n<\/ul>\r\n<p>[\/vc_column_text][\/vc_tta_section][vc_tta_section title=\"\u00bfQu\u00e9 est\u00e1 excluido?\" tab_id=\"es_2\"][vc_column_text]<\/p>\r\n<ul>\r\n<li>Propinas<\/li>\r\n<\/ul>\r\n<p>[\/vc_column_text][\/vc_tta_section][vc_tta_section title=\"\u00bfQu\u00e9 vas a hacer?\" tab_id=\"es_3\"][vc_column_text]<\/p>\r\n<ul>\r\n<li>Charla informativa que incluye medidas de seguridad y c\u00f3mo usar el equipo y comportarse en el oc\u00e9ano.<\/li>\r\n<li>\u00a0Salida desde la cautivadora playa de Carvalho hacia el oc\u00e9ano con tu gu\u00eda siempre a tu lado, dos personas por kayak.<\/li>\r\n<li>\u00a0Despu\u00e9s de la salida, nos deslizamos por la costa remando en direcci\u00f3n a Benagil, visitando las cuevas y playas secretas a lo largo de esta ruta \u00fanica y radical que preparamos para ti, mientras se toman fotos en el camino.<\/li>\r\n<li>\u00a0Este tour ha sido preparado con informaci\u00f3n hist\u00f3rica, geol\u00f3gica y biol\u00f3gica sobre la zona local, porque hacemos recorridos dentro del Parque Natural Marinho do Recife Algarvio (Parque Natural Marino de Arrecifes del Algarve).<\/li>\r\n<li>\u00a0Despu\u00e9s de explorar algunas cuevas, llegamos a la Cueva de Benagil y tomamos fotos en su interior, y nos quedamos all\u00ed por un tiempo.<\/li>\r\n<li>\u00a0Luego, continuamos explorando las otras cuevas de Benagil y recintos secretos.<\/li>\r\n<li>\u00a0Regreso remando desde la cueva de Benagil de regreso a la playa de Carvalho donde comenzamos.<\/li>\r\n<\/ul>\r\n<p>[\/vc_column_text][\/vc_tta_section][vc_tta_section title=\"\u00bfQu\u00e9 esperar?\" tab_id=\"es_4\"][vc_column_text]<\/p>\r\n<ul>\r\n<li>\u00a0Tour EcoFriendly, sin motores en el agua<\/li>\r\n<li>\u00a0Espera un tour del tama\u00f1o adecuado, con el n\u00famero correcto de participantes, el tour fluye f\u00e1cilmente<\/li>\r\n<li>\u00a0Vibraciones felices y amigables de un equipo de gu\u00edas j\u00f3venes, locales y nacidos y criados listos para ayudarte en lo que sea necesario<\/li>\r\n<li>\u00a0Explicaciones Hist\u00f3ricas, Geol\u00f3gicas y Biol\u00f3gicas, as\u00ed como conciencia de ecoturismo y sostenibilidad<\/li>\r\n<li>\u00a0Gran atenci\u00f3n al detalle, en un servicio relajado pero de primer nivel<\/li>\r\n<li>\u00a0Todos los complementos ya incluidos: fotos en 4K, trajes de neopreno, asiento con soporte lumbar, bolsas secas<\/li>\r\n<\/ul>\r\n<p>[\/vc_column_text][\/vc_tta_section][vc_tta_section title=\"Antes de ir\" tab_id=\"es_5\"][vc_column_text css=\"\" css_params=\"\"]<\/p>\r\n<ul>\r\n<li>Debes llegar al estacionamiento de la playa de Carvalho a la hora de tu tour.<\/li>\r\n<li>El check-in cierra 10 minutos despu\u00e9s de la hora de tu tour.<\/li>\r\n<li>Quienes lleguen tarde no podr\u00e1n unirse al tour.<\/li>\r\n<li>Re\u00fanete con nuestro personal junto a la furgoneta Fiat Ducato de colores.<\/li>\r\n<li>El estacionamiento es de piedra y la calle que lleva a \u00e9l tambi\u00e9n.<\/li>\r\n<li>Hay algunas aplicaciones de GPS que a veces te llevan al otro lado de la playa, que es un camino de tierra que te acerca a la playa, pero no es as\u00ed. Necesitar\u00e1s un 4x4 para regresar. Escribe \"estacionamiento de la playa de Carvalho\" de nuevo y deber\u00eda funcionar, o cambia de aplicaci\u00f3n de GPS.<\/li>\r\n<li><\/li>\r\n<li>&nbsp;La capacidad m\u00e1xima del tour es de 12 personas, por lo que es m\u00e1s \u00edntimo, seguro y divertido.<\/li>\r\n<li>&nbsp;Esta actividad no se recomienda para no nadadores y personas con movilidad reducida.<\/li>\r\n<li>&nbsp;Trae ropa de playa\/trajes de ba\u00f1o<\/li>\r\n<li>&nbsp;Trae una gorra y protector solar<\/li>\r\n<li>&nbsp;Trae una toalla para que puedas secarte al final del tour.<\/li>\r\n<li>&nbsp;Trae agua<\/li>\r\n<li>&nbsp;Estacionamiento gratuito<\/li>\r\n<li>&nbsp;Debes firmar un formulario de t\u00e9rminos y responsabilidad al llegar<\/li>\r\n<\/ul>\r\n<p>[\/vc_column_text][\/vc_tta_section][\/vc_tta_accordion][vc_column_text css=\"\" css_params=\"\"]<\/p>\r\n<h3><span style=\"color: #20476b;\">Ubicaci\u00f3n<\/span><\/h3>\r\n<p>Lat 37.087413 long 8.432903<br \/>\r\nEstacionamiento playa de Carvalho, rua Algarve Clube Atl\u00e2ntico,<br \/>\r\n8400 Lagoa<\/p>\r\n<h3><span style=\"color: #20476b;\">Google Map Link<\/span><\/h3>\r\n<p><a href=\"https:\/\/www.google.com\/maps\/place\/Brotherootz+Sup+Tours\/@37.0874208,-8.4329101,17z\/data=!3m1!4b1!4m6!3m5!1s0xd1ad7ea1995297f:0xe93ded80efaaca44!8m2!3d37.0874208!4d-8.4329101!16s%2Fg%2F11rv3vpqqx?entry=ttu\" target=\"_blank\" rel=\"noopener\">PULSE AQU\u00cd<\/a><\/p>\r\n<p>&nbsp;<\/p>\r\n<h3><span style=\"color: #20476b;\">Consejos \u00datiles<\/span><\/h3>\r\n<ul>\r\n<li>Debes llegar al estacionamiento de la playa de Carvalho a la hora de tu tour.<\/li>\r\n<li>El check-in cierra 10 minutos despu\u00e9s de la hora de tu tour.<\/li>\r\n<li>Quienes lleguen tarde no podr\u00e1n unirse al tour.<\/li>\r\n<li>Re\u00fanete con nuestro personal junto a la furgoneta Fiat Ducato de colores.<\/li>\r\n<li>El estacionamiento es de piedra y la calle que lleva a \u00e9l tambi\u00e9n.<\/li>\r\n<li>Hay algunas aplicaciones de GPS que a veces te llevan al otro lado de la playa, que es un camino de tierra que te acerca a la playa, pero no es as\u00ed. Necesitar\u00e1s un 4x4 para regresar. Escribe \"estacionamiento de la playa de Carvalho\" de nuevo y deber\u00eda funcionar, o cambia de aplicaci\u00f3n de GPS.<\/li>\r\n<li>&nbsp;El estacionamiento est\u00e1 al final de la calle de Algarve Clube Atl\u00e2ntico<\/li>\r\n<li>&nbsp;Trae agua<\/li>\r\n<li>&nbsp;Intenta reservar siempre los tours m\u00e1s temprano, porque todos los factores son mucho mejores por la ma\u00f1ana, como la ausencia de viento, olas y barcos.<\/li>\r\n<li>&nbsp;Hay una parada de autob\u00fas a solo 5 minutos a pie del estacionamiento de Carvalho llamada Parada de Autob\u00fas Praia do Carvalho<\/li>\r\n<li>&nbsp;Traslado incluido en el \u00e1rea de Carvoeiro y Lagoa<\/li>\r\n<li>&nbsp;Si est\u00e1s en Lagos o Albufeira o en cualquier otra parte, simplemente toma un autob\u00fas a la estaci\u00f3n de autobuses o tren de Lagoa y te llevaremos a la playa y te devolveremos despu\u00e9s del tour.<\/li>\r\n<li>&nbsp;Estas son las l\u00edneas de autob\u00fas hacia la playa de Carvalho<br \/>\r\n52|L\u00ednea de Acantilados de EVA<br \/>\r\n107|Portim\u00e3o &nbsp;Praia do Carvalho<\/li>\r\n<\/ul>\r\n<p>[\/vc_column_text][\/vc_column][\/vc_row]<\/div><div class=\"porto-block\" data-id=\"2306\"><style>.vc_custom_1716483266566{margin-top: 25px !important;}.vc_custom_1716483091402{margin-bottom: 25px !important;}.wpb_custom_4e9d5829ddba4152f8f39aee9c77adcb.porto-u-heading .porto-u-main-heading > *{font-size:13px;}<\/style>[vc_section css=\".vc_custom_1716483266566{margin-top: 25px !important;}\" conditional_render=\"%5B%7B%22value_role%22%3A%22administrator%22%7D%5D\" el_id=\"contact_form\"][vc_row][vc_column][vc_separator color=\"custom\" el_width=\"70\" accent_color=\"#20476b\" css=\".vc_custom_1716483091402{margin-bottom: 25px !important;}\"][\/vc_column][\/vc_row][vc_row][vc_column text_align=\"center\" conditional_render=\"%5B%7B%22value_role%22%3A%22administrator%22%7D%5D\"]<div class=\"porto-u-heading  wpb_custom_4e9d5829ddba4152f8f39aee9c77adcb porto-u-55ca8359258f9a412be7e73af65d2aac \"><div class=\"porto-u-main-heading\"><h2   style=\"margin-bottom: 10px;\">\u00bfNECESITAS M\u00c1S INFORMACI\u00d3N?<\/h2><\/div><div class=\"porto-u-heading-spacer line_only\" style=\"margin-bottom: 10px;height:3px;\"><span class=\"porto-u-headings-line\" style=\"border-style:solid;border-bottom-width:3px;border-color:#d0a370;width:75px;\"><\/span><\/div><div class=\"porto-u-sub-heading\" style=\"color: #20476b;margin-bottom:25px;\"><span style=\"font-size: 35px;\">Env\u00edanos un <strong>mensage<\/strong><\/span><\/div><style>.porto-u-55ca8359258f9a412be7e73af65d2aac.porto-u-heading{text-align:center} .porto-u-55ca8359258f9a412be7e73af65d2aac .porto-u-headings-line{float: unset;}<\/style><\/div>[\/vc_column][\/vc_row][vc_row conditional_render=\"%5B%7B%22value_role%22%3A%22administrator%22%7D%5D\"][vc_column text_align=\"center\" conditional_render=\"%5B%7B%22value_role%22%3A%22administrator%22%7D%5D\"]<div class=\"wpb_custom_8e39365fa00ded789edeaf348f33ca36\">\n<div class=\"wpcf7 no-js\" id=\"wpcf7-f2261-o1\" lang=\"es-ES\" dir=\"ltr\" data-wpcf7-id=\"2261\">\n<div class=\"screen-reader-response\"><p role=\"status\" aria-live=\"polite\" aria-atomic=\"true\"><\/p> <ul><\/ul><\/div>\n<form action=\"\/es\/wp-json\/wp\/v2\/pages\/861#wpcf7-f2261-o1\" method=\"post\" class=\"wpcf7-form init\" aria-label=\"Formulario de contacto\" novalidate=\"novalidate\" data-status=\"init\">\n<fieldset class=\"hidden-fields-container\"><input type=\"hidden\" name=\"_wpcf7\" value=\"2261\" \/><input type=\"hidden\" name=\"_wpcf7_version\" value=\"6.1.5\" \/><input type=\"hidden\" name=\"_wpcf7_locale\" value=\"es_ES\" \/><input type=\"hidden\" name=\"_wpcf7_unit_tag\" value=\"wpcf7-f2261-o1\" \/><input type=\"hidden\" name=\"_wpcf7_container_post\" value=\"0\" \/><input type=\"hidden\" name=\"_wpcf7_posted_data_hash\" value=\"\" \/><input type=\"hidden\" name=\"_wpcf7_recaptcha_response\" value=\"\" \/>\n<\/fieldset>\n<div>\n\t<div><span class=\"wpcf7-form-control-wrap\" data-name=\"nome\"><input size=\"40\" maxlength=\"400\" class=\"wpcf7-form-control wpcf7-text wpcf7-validates-as-required\" aria-required=\"true\" aria-invalid=\"false\" placeholder=\"Nombre\" value=\"\" type=\"text\" name=\"nome\" \/><\/span>\n\t<\/div>\n\t<div><span class=\"wpcf7-form-control-wrap\" data-name=\"email\"><input size=\"40\" maxlength=\"400\" class=\"wpcf7-form-control wpcf7-email wpcf7-validates-as-required wpcf7-text wpcf7-validates-as-email\" aria-required=\"true\" aria-invalid=\"false\" placeholder=\"Correo electr\u00f3nico\" value=\"\" type=\"email\" name=\"email\" \/><\/span>\n\t<\/div>\n\t<div><span class=\"wpcf7-form-control-wrap\" data-name=\"telefone\"><input size=\"40\" maxlength=\"400\" class=\"wpcf7-form-control wpcf7-tel wpcf7-validates-as-required wpcf7-text wpcf7-validates-as-tel\" aria-required=\"true\" aria-invalid=\"false\" placeholder=\"N\u00famero de tel\u00e9fono\" value=\"\" type=\"tel\" name=\"telefone\" \/><\/span>\n\t<\/div>\n\t<div><span class=\"wpcf7-form-control-wrap\" data-name=\"tipo_de_pedido\"><select class=\"wpcf7-form-control wpcf7-select\" id=\"tipoconsulta\" aria-invalid=\"false\" name=\"tipo_de_pedido\"><option value=\"Seleccione Asunto\" selected=\"selected\">Seleccione Asunto<\/option><option value=\"Solicitar Informaci\u00f3n\">Solicitar Informaci\u00f3n<\/option><option value=\"Reservar un Tour\">Reservar un Tour<\/option><\/select><\/span>\n\t<\/div>\n\t<div><span class=\"wpcf7-form-control-wrap\" data-name=\"mensagem\"><textarea cols=\"40\" rows=\"10\" maxlength=\"2000\" class=\"wpcf7-form-control wpcf7-textarea\" aria-invalid=\"false\" placeholder=\"escriba su mensaje aqu\u00ed\" name=\"mensagem\"><\/textarea><\/span>\n\t<\/div>\n\t<div><span class=\"wpcf7-form-control-wrap\" data-name=\"acceptance-655\"><span class=\"wpcf7-form-control wpcf7-acceptance\"><span class=\"wpcf7-list-item\"><label><input type=\"checkbox\" name=\"acceptance-655\" value=\"1\" aria-invalid=\"false\" \/><span class=\"wpcf7-list-item-label\"><span style=\"font-size:10px;\">acepto la <a href=\"https:\/\/brotherootzsup.com\/es\/declaracion-de-privacidad\/\" Target=\"_blank\">pol\u00edtica de privacidad<\/a><\/span><\/span><\/label><\/span><\/span><\/span>\n\t<\/div>\n\t<div style=\"display:none;\">\n\t\t<span class=\"wpcf7-form-control-wrap\" data-name=\"formulario\"><input size=\"40\" maxlength=\"400\" class=\"wpcf7-form-control wpcf7-text\" aria-invalid=\"false\" value=\"Formul\u00e1rio ES\" type=\"text\" name=\"formulario\" \/><\/span>\n\t\t<span class=\"wpcf7-form-control-wrap\" data-name=\"fonte\"><input size=\"40\" maxlength=\"400\" class=\"wpcf7-form-control wpcf7-text\" aria-invalid=\"false\" value=\"Website brotherootzsup.com\" type=\"text\" name=\"fonte\" \/><\/span>\n\t<\/div>\n\n<input class=\"wpcf7-form-control wpcf7-hidden\" value=\"\" type=\"hidden\" name=\"utm_campaign\" \/>\n<input class=\"wpcf7-form-control wpcf7-hidden\" value=\"\" type=\"hidden\" name=\"utm_source\" \/>\n<input class=\"wpcf7-form-control wpcf7-hidden\" value=\"\" type=\"hidden\" name=\"utm_medium\" \/>\n<input class=\"wpcf7-form-control wpcf7-hidden\" value=\"\" type=\"hidden\" name=\"utm_term\" \/>\n<input class=\"wpcf7-form-control wpcf7-hidden\" value=\"\" type=\"hidden\" name=\"utm_content\" \/>\n<span class=\"wpcf7-form-control-wrap\" data-name=\"referer-page\"><input size=\"40\" maxlength=\"400\" class=\"wpcf7-form-control wpcf7-text referer-page\" aria-invalid=\"false\" value=\"\" type=\"text\" name=\"referer-page\" \/><\/span>\n<input class=\"wpcf7-form-control wpcf7-hidden\" value=\"\" type=\"hidden\" name=\"gclid\" \/>\n\t<div>\n<span id=\"wpcf7-69de258d61591-wrapper\" class=\"wpcf7-form-control-wrap honeypot-694-wrap\" style=\"display:none !important; visibility:hidden !important;\"><label for=\"wpcf7-69de258d61591-field\" class=\"hp-message\">Por favor, deja este campo vac\u00edo.<\/label><input id=\"wpcf7-69de258d61591-field\"  class=\"wpcf7-form-control wpcf7-text\" type=\"text\" name=\"honeypot-694\" value=\"\" size=\"40\" tabindex=\"-1\" autocomplete=\"off\" \/><\/span>\n\n\t<input class=\"wpcf7-form-control wpcf7-submit has-spinner\" type=\"submit\" value=\"ENVIAR\" \/>\n\t<\/div>\n<\/div>\n<style>\ninput.referer-page {\ndisplay:none;\n}\n<\/style><p class='henotu'><span class=\"wpcf7-form-control-wrap\" data-name=\"henotu\"><input size=\"40\" maxlength=\"400\" class=\"wpcf7-form-control wpcf7-text\" aria-invalid=\"false\" value=\"\" type=\"text\" name=\"henotu\" \/><\/span><\/p><p class='vixape'><span class=\"wpcf7-form-control-wrap\" data-name=\"vixape\"><input size=\"40\" maxlength=\"400\" class=\"wpcf7-form-control wpcf7-text\" aria-invalid=\"false\" value=\"\" type=\"text\" name=\"vixape\" \/><\/span><\/p><div class=\"wpcf7-response-output\" aria-hidden=\"true\"><\/div>\n<\/form>\n<\/div>\n<\/div>[\/vc_column][\/vc_row][\/vc_section]<\/div>[\/vc_column][\/vc_row]<\/p>\n<\/div>","protected":false},"excerpt":{"rendered":"<p>[vc_row css=\u00bb.vc_custom_1647001097736{margin-top: 50px !important;}\u00bb][vc_column width=\u00bb1\/3&#8243; is_sticky=\u00bbyes\u00bb sticky_min_width=\u00bb767&#8243; sticky_top=\u00bb110&#8243; sticky_bottom=\u00bb0&#8243;][vc_single_image image=\u00bb559&#8243; img_size=\u00bbfull\u00bb alignment=\u00bbcenter\u00bb][vc_column_text] llamar a la red m\u00f3vil nacional portuguesa [\/vc_column_text][vc_column_text css=\u00bb.vc_custom_1716482707260{margin-top: -15px !important;margin-bottom: 10px !important;}\u00bb]Compartir en:[\/vc_column_text][\/vc_column][vc_column width=\u00bb2\/3&#8243;][vc_column_text css=\u00bb.vc_custom_1774641575358{margin-top: 50px !important;}\u00bb css_params=\u00bb\u00bb] Tour en Paddle Surf a la Cueva de Benagil en GRUPO REDUCIDO y con FOTOS 4K GRATIS Siente las Aut\u00e9nticas Ra\u00edces Algarvias \u00a1Aprovecha al [&hellip;]<\/p>\n","protected":false},"author":116,"featured_media":1020,"parent":0,"menu_order":0,"comment_status":"closed","ping_status":"closed","template":"","meta":{"inline_featured_image":false,"footnotes":""},"class_list":["post-861","page","type-page","status-publish","has-post-thumbnail","hentry"],"_links":{"self":[{"href":"https:\/\/brotherootzsup.com\/es\/wp-json\/wp\/v2\/pages\/861","targetHints":{"allow":["GET"]}}],"collection":[{"href":"https:\/\/brotherootzsup.com\/es\/wp-json\/wp\/v2\/pages"}],"about":[{"href":"https:\/\/brotherootzsup.com\/es\/wp-json\/wp\/v2\/types\/page"}],"author":[{"embeddable":true,"href":"https:\/\/brotherootzsup.com\/es\/wp-json\/wp\/v2\/users\/116"}],"replies":[{"embeddable":true,"href":"https:\/\/brotherootzsup.com\/es\/wp-json\/wp\/v2\/comments?post=861"}],"version-history":[{"count":0,"href":"https:\/\/brotherootzsup.com\/es\/wp-json\/wp\/v2\/pages\/861\/revisions"}],"wp:featuredmedia":[{"embeddable":true,"href":"https:\/\/brotherootzsup.com\/es\/wp-json\/wp\/v2\/media\/1020"}],"wp:attachment":[{"href":"https:\/\/brotherootzsup.com\/es\/wp-json\/wp\/v2\/media?parent=861"}],"curies":[{"name":"wp","href":"https:\/\/api.w.org\/{rel}","templated":true}]}}