{"id":664,"date":"2022-03-08T08:25:09","date_gmt":"2022-03-08T08:25:09","guid":{"rendered":"https:\/\/brotherootzsup.com\/therms-and-conditions\/"},"modified":"2023-05-26T20:28:32","modified_gmt":"2023-05-26T20:28:32","slug":"terms-and-conditions","status":"publish","type":"page","link":"https:\/\/brotherootzsup.com\/es\/terms-and-conditions\/","title":{"rendered":"Terms and Conditions"},"content":{"rendered":"<h1><\/h1>\n<h1>Termos e Condi\u00e7\u00f5es<\/h1>\n<p>Brotherootz \u00e9 um nome comercial da Albatross Dimension, LDA. O nosso endere\u00e7o registado \u00e9 Quinta das Parreiras, Alfanzina 8400\/550 com NIPC de 516752782.<\/p>\n<ol>\n<li>Os meios de pagamento dispon\u00edveis s\u00e3o cart\u00e3o de cr\u00e9dito, MB Way, Paypal, Multibanco, Revolut<\/li>\n<li>Todas as reservas est\u00e3o sujeitas a confirma\u00e7\u00e3o de disponibilidade, que dever\u00e1 ser confirmada numa reserva antecipada por email, ou atrav\u00e9s da op\u00e7\u00e3o de contacto de whatsapp. Se uma reserva \u00e9 feita, sem uma confirma\u00e7\u00e3o pr\u00e9via, iremos esfor\u00e7ar-nos para confirmar a disponibilidade o mais r\u00e1pido poss\u00edvel. Caso n\u00e3o esteja dispon\u00edvel, podemos sugerir uma viagem alternativa, ou um reembolso total. Se o pre\u00e7o da op\u00e7\u00e3o alternativa sugerida for mais elevado, este poder\u00e1 ser pago em avan\u00e7o pelo cliente. Se o pre\u00e7o for mais baixo, faremos o reembolso da diferen\u00e7a.<\/li>\n<li>Se n\u00e3o tem a certeza se uma atividade, atra\u00e7\u00e3o ou evento \u00e9 adequada (por exemplo, devido a gravidez, idade ou condi\u00e7\u00f5es de sa\u00fade), deve contactar-nos para o averiguar antes de fazer a sua reserva. Nenhum reembolso ser\u00e1 efetuado caso considere que n\u00e3o \u00e9 adequado depois da reserva feita, a n\u00e3o ser que esteja constado nos Termos de Cancelamento pelo Clientes.<\/li>\n<li>Todos os pre\u00e7os podem sofrer altera\u00e7\u00f5es sem aviso pr\u00e9vio.<\/li>\n<li>Todos os bilhetes ser\u00e3o enviados por e-mail.<\/li>\n<li>Cancelamento pelo cliente. Todas as reservas, excepto quando especificado em contr\u00e1rio, podem ser canceladas pelo cliente com pelo menos dois dias de anteced\u00eancia \u00e0 data do bilhete e um reembolso completo ser\u00e1 realizado atrav\u00e9s do mesmo meio atrav\u00e9s do qual o pagamento tenha sido realizado. Para encomendas em que o bilhete n\u00e3o tenha uma data espec\u00edfica e o mesmo n\u00e3o tenha sido usado, pode esta ser cancelada at\u00e9 10 dias depois da compra ou at\u00e9 5 dias depois da data de encerramento da atrac\u00e7\u00e3o a que concerna (quaisquer seja a posterior) e um reembolso completo ser\u00e1 realizado atrav\u00e9s do mesmo meio atrav\u00e9s do qual o pagamento tenha sido realizado.<\/li>\n<li>Cancelamento pela companhia. Quando uma qualquer actividade ou atrac\u00e7\u00e3o seja cancelada por n\u00f3s ou por um nosso parceiro, o cliente receber\u00e1 um reembolso completo do valor recebido por n\u00f3s para dita actividade. Outros custos que o cliente tenha tais como transporte, acomoda\u00e7\u00e3o ou outros, n\u00e3o s\u00e3o reembols\u00e1veis. Transportes reservados connosco s\u00e3o reembols\u00e1veis apenas se n\u00e3o usados.<\/li>\n<li>Dependendo do seu banco, pode demorar at\u00e9 cerca de 10 dias a receber o seu reembolso.<\/li>\n<li>O valor m\u00e1ximo do reembolso ou compensa\u00e7\u00e3o ser\u00e1 o do valor recebido do cliente.<\/li>\n<li>As reclama\u00e7\u00f5es ou pedidos de cancelamento devem ser comunicados por e-mail para <a href=\"mailto:info@brotherootzsup.com\">info@brotherootzsup.com<\/a>. Consideraremos seu pedido ou reclama\u00e7\u00e3o e responderemos dentro de 3 dias \u00fateis. Se for preciso a devolu\u00e7\u00e3o de quaisquer bilhetes que emitimos, confirmaremos os dados relevantes na nossa resposta.<\/li>\n<\/ol>\n<p><strong><span style=\"font-size: 18px;\">Informa\u00e7\u00e3o<\/span><\/strong><br \/>\nEm caso de disputa, o consumidor pode entrar em contacto com a seguinte entidade.<br \/>\nNome: CIMAAL \u2013 Centro de Informa\u00e7\u00e3o, Media\u00e7\u00e3o e Arbitragem de Conflitos de Consumo do Algarve<br \/>\nContacto: 289 823 135<br \/>\nLei. 144\/2015 de 8 de Setembro<\/p>\n<p>&nbsp;<\/p>\n","protected":false},"excerpt":{"rendered":"<p>Termos e Condi\u00e7\u00f5es Brotherootz \u00e9 um nome comercial da Albatross Dimension, LDA. O nosso endere\u00e7o registado \u00e9 Quinta das Parreiras, Alfanzina 8400\/550 com NIPC de 516752782. Os meios de pagamento dispon\u00edveis s\u00e3o cart\u00e3o de cr\u00e9dito, MB Way, Paypal, Multibanco, Revolut Todas as reservas est\u00e3o sujeitas a confirma\u00e7\u00e3o de disponibilidade, que dever\u00e1 ser confirmada numa reserva [&hellip;]<\/p>\n","protected":false},"author":116,"featured_media":0,"parent":0,"menu_order":0,"comment_status":"closed","ping_status":"closed","template":"","meta":{"inline_featured_image":false,"footnotes":""},"class_list":["post-664","page","type-page","status-publish","hentry"],"_links":{"self":[{"href":"https:\/\/brotherootzsup.com\/es\/wp-json\/wp\/v2\/pages\/664","targetHints":{"allow":["GET"]}}],"collection":[{"href":"https:\/\/brotherootzsup.com\/es\/wp-json\/wp\/v2\/pages"}],"about":[{"href":"https:\/\/brotherootzsup.com\/es\/wp-json\/wp\/v2\/types\/page"}],"author":[{"embeddable":true,"href":"https:\/\/brotherootzsup.com\/es\/wp-json\/wp\/v2\/users\/116"}],"replies":[{"embeddable":true,"href":"https:\/\/brotherootzsup.com\/es\/wp-json\/wp\/v2\/comments?post=664"}],"version-history":[{"count":0,"href":"https:\/\/brotherootzsup.com\/es\/wp-json\/wp\/v2\/pages\/664\/revisions"}],"wp:attachment":[{"href":"https:\/\/brotherootzsup.com\/es\/wp-json\/wp\/v2\/media?parent=664"}],"curies":[{"name":"wp","href":"https:\/\/api.w.org\/{rel}","templated":true}]}}