{"id":2137,"date":"2024-05-16T01:20:09","date_gmt":"2024-05-16T00:20:09","guid":{"rendered":"https:\/\/brotherootzsup.com\/?page_id=2137"},"modified":"2026-02-10T15:37:14","modified_gmt":"2026-02-10T15:37:14","slug":"impressum","status":"publish","type":"page","link":"https:\/\/brotherootzsup.com\/es\/impressum\/","title":{"rendered":"Impressum &#8211; Aviso legal"},"content":{"rendered":"<div class=\"wpb-content-wrapper\">[vc_row][vc_column][vc_column_text css=\u00bb\u00bb css_params=\u00bb\u00bb]<\/p>\r\n<h1>Impressum &#8211; Aviso legal<\/h1>\r\n\n<!-- Legal document generated by Complianz | GDPR\/CCPA Cookie Consent https:\/\/wordpress.org\/plugins\/complianz-gdpr -->\n<div id=\"cmplz-document\" class=\"cmplz-document impressum cmplz-document-all\"><p><i>Este aviso legal \/ imprint fue actualizado por \u00faltima vez el 24 de mayo de 2025.<\/i><\/p><p class=\"cmplz-subtitle\">El propietario de esta web es:<\/p><p>ALBATROSS DIMENSION LDA Lda<br>QUINTA DAS PARREIRAS ALFANZINA CARVOEIRO<br \/>\r\n8400-550 CARVOEIRO<br>Portugal<br>Correo electr\u00f3nico:&nbsp;<br>N\u00famero de tel\u00e9fono: + 351 912 042 042<br>CIF (N\u00famero de IVA):&nbsp;PT516752782<\/p><h2>1. General<\/h2><p>Estamos dispuestos u obligados a participar en procedimientos de resoluci\u00f3n de conflictos ante una junta de arbitraje de consumo.<\/p><h2>2. La siguiente informaci\u00f3n es obligatoria seg\u00fan la legislaci\u00f3n alemana.<\/h2><\/div>\r\n<p>&nbsp;<\/p>\r\n<p>[\/vc_column_text][\/vc_column][\/vc_row]<\/div>","protected":false},"excerpt":{"rendered":"<p>[vc_row][vc_column][vc_column_text css=\u00bb\u00bb css_params=\u00bb\u00bb] Impressum &#8211; Aviso legal &nbsp; [\/vc_column_text][\/vc_column][\/vc_row]<\/p>\n","protected":false},"author":116,"featured_media":0,"parent":0,"menu_order":0,"comment_status":"closed","ping_status":"closed","template":"","meta":{"inline_featured_image":false,"footnotes":""},"class_list":["post-2137","page","type-page","status-publish","hentry"],"_links":{"self":[{"href":"https:\/\/brotherootzsup.com\/es\/wp-json\/wp\/v2\/pages\/2137","targetHints":{"allow":["GET"]}}],"collection":[{"href":"https:\/\/brotherootzsup.com\/es\/wp-json\/wp\/v2\/pages"}],"about":[{"href":"https:\/\/brotherootzsup.com\/es\/wp-json\/wp\/v2\/types\/page"}],"author":[{"embeddable":true,"href":"https:\/\/brotherootzsup.com\/es\/wp-json\/wp\/v2\/users\/116"}],"replies":[{"embeddable":true,"href":"https:\/\/brotherootzsup.com\/es\/wp-json\/wp\/v2\/comments?post=2137"}],"version-history":[{"count":0,"href":"https:\/\/brotherootzsup.com\/es\/wp-json\/wp\/v2\/pages\/2137\/revisions"}],"wp:attachment":[{"href":"https:\/\/brotherootzsup.com\/es\/wp-json\/wp\/v2\/media?parent=2137"}],"curies":[{"name":"wp","href":"https:\/\/api.w.org\/{rel}","templated":true}]}}