{"id":928,"date":"2022-03-11T12:53:48","date_gmt":"2022-03-11T12:53:48","guid":{"rendered":"https:\/\/brotherootzsup.com\/rental\/"},"modified":"2026-03-28T03:59:16","modified_gmt":"2026-03-28T03:59:16","slug":"stand-up-paddling-tour-bei-sonnenaufgang","status":"publish","type":"page","link":"https:\/\/brotherootzsup.com\/de\/stand-up-paddling-tour-bei-sonnenaufgang\/","title":{"rendered":"Stand-up-Paddling-Tour bei Sonnenaufgang"},"content":{"rendered":"<div class=\"wpb-content-wrapper\"><p>[vc_row css=&#8220;.vc_custom_1647001097736{margin-top: 50px !important;}&#8220;][vc_column width=&#8220;1\/3&#8243; is_sticky=&#8220;yes&#8220; sticky_min_width=&#8220;767&#8243; sticky_top=&#8220;110&#8243; sticky_bottom=&#8220;0&#8243; conditional_render=&#8220;%5B%7B%22value_role%22%3A%22administrator%22%7D%5D&#8220;][vc_single_image image=&#8220;311&#8243; img_size=&#8220;full&#8220; alignment=&#8220;center&#8220;]<div class=\"porto-u-heading  wpb_custom_11ba6a5b91c64f88f77ecbcd092b17dd porto-u-55ca8359258f9a412be7e73af65d2aac \"><div class=\"porto-u-main-heading\"><h1   style=\"margin-bottom: 5px;\">Stand-up-Paddling-Tour bei Sonnenaufgang<\/h1><\/div><div class=\"porto-u-sub-heading\" style=\"\">53 \u20ac Erwachsene | 36,99 \u20ac Kinder pro 2 Stunden<\/div><style>.porto-u-55ca8359258f9a412be7e73af65d2aac.porto-u-heading{text-align:center}<\/style><\/div><div class=\"porto-btn-ctn-center \"><a class=\"porto-btn  vc_custom_1716483139464 porto-adjust-bottom-margin porto-btn-block porto-btn-top-bg   wpb_custom_75390352142225f56fd636bc4e71439d  porto-btn-center \"  rel='' href = \"#contact_form\"  data-hover=\"#ffffff\" data-border-color=\"\" data-bg=\"#20476b\" data-hover-bg=\"#507ba2\" data-border-hover=\"\" data-shadow-click=\"none\" data-shadow=\"\" style=\"border:none;background: #20476b;color: #ffffff;\"><span class=\"porto-btn-hover\" style=\"background-color:#507ba2\"><\/span><span class=\"porto-btn-data porto-btn-text \" >WEITERE INFOS ANFORDERN<\/span><\/a><\/div><div class=\"porto-btn-ctn-center \"><a class=\"porto-btn  vc_custom_1774670351834 porto-adjust-bottom-margin porto-btn-block porto-btn-top-bg   wpb_custom_75390352142225f56fd636bc4e71439d  porto-btn-center \" rel=\"noopener\" href=\"https:\/\/fareharbor.com\/embeds\/book\/brotherootzsup\/items\/537701\/?full-items=yes&#038;language=de&#038;flow=730546_blank\" target=\"_blank\" data-hover=\"#ffffff\" data-border-color=\"\" data-bg=\"#d0a370\" data-hover-bg=\"#8c592d\" data-border-hover=\"\" data-shadow-click=\"none\" data-shadow=\"\" style=\"border:none;background: #d0a370;color: #ffffff;\"><span class=\"porto-btn-hover\" style=\"background-color:#8c592d\"><\/span><span class=\"porto-btn-data porto-btn-text \" >JETZT BUCHEN<\/span><\/a><\/div><div class=\"porto-btn-ctn-center clique_telemovel\"><a class=\"porto-btn  vc_custom_1716514213956 porto-adjust-bottom-margin porto-btn-block porto-btn-top-bg   wpb_custom_75390352142225f56fd636bc4e71439d  porto-btn-center \"  rel='' href = \"tel:+351912042042\"  data-hover=\"#ffffff\" data-border-color=\"#20476b\" data-bg=\"\" data-hover-bg=\"#507ba2\" data-border-hover=\"#507ba2\" data-shadow-click=\"none\" data-shadow=\"\" style=\"border-width:1px;border-color:#20476b;border-style:solid;color: #20476b;\"><span class=\"porto-btn-hover\" style=\"background-color:#507ba2\"><\/span><span class=\"porto-btn-data porto-btn-text \" >ANRUF +351 912 042 042<\/span><\/a><\/div>[vc_column_text]<\/p>\n<div class=\"wpb_text_column wpb_content_element \">\n<div class=\"wpb_wrapper\">\n<p style=\"text-align: center;\">Anruf ins portugiesische Mobilfunknetz<\/p>\n<\/div>\n<\/div>\n<p>[\/vc_column_text][vc_column_text css=&#8220;.vc_custom_1716482707260{margin-top: -15px !important;margin-bottom: 10px !important;}&#8220;]<strong>Weitergeben:<\/strong>[\/vc_column_text][\/vc_column][vc_column width=&#8220;2\/3&#8243;][vc_column_text css=&#8220;.vc_custom_1774627711797{margin-top: 50px !important;}&#8220; css_params=&#8220;&#8220;]<\/p>\n<h2><span style=\"color: #20476b;\">Stand-up-Paddling-Tour bei Sonnenaufgang vom Carvalho-Strand mit KLEINER Gruppe &amp; GRATIS 4K-Fotos<\/span><\/h2>\n<h3>Erleben Sie die echten Algarvianischen Wurzeln<\/h3>\n<p>Seien Sie einer der Ersten, die die H\u00f6hle morgens leer sehen, bei dieser \u00f6kologischen Paddle-Board-Tour zur Benagil-H\u00f6hle und ihrer Umgebung mit KLEINER Gruppe &amp; GRATIS 4K-Fotos<\/p>\n<p>Nutzen Sie das Beste aus Ihrem Aufenthalt an der Algarve, indem Sie mit uns eine umweltfreundliche Paddle-Board-Tour unternehmen! Beginnen Sie dieses Abenteuer am magischen Strand von Carvalho, von wo aus wir Sie f\u00fcr 2 Stunden entlang der atemberaubenden K\u00fcste von Benagil f\u00fchren werden. Unsere Guides, ein Team junger, aber erfahrener Einheimischer, werden Ihren Tag unterhaltsam und reibungslos gestalten, auch wenn es Ihre erste Erfahrung auf einem Paddle-Board ist.<\/p>\n<p><strong>Die Morgentour eignet sich perfekt f\u00fcr Fotos, Familien, Kinder, \u00e4ltere Menschen und f\u00fcr das Gesamterlebnis, weil morgens in der Regel Folgendes herrscht:<\/strong><\/p>\n<ul>\n<li><strong>Kein Wind<\/strong><\/li>\n<li><strong>Keine Wellen<\/strong><\/li>\n<li><strong>Keine Boote<\/strong><\/li>\n<\/ul>\n<p>Der Ozean ist besonders ruhig, was das bestm\u00f6gliche Erlebnis garantiert, daher sind die Morgenrundfahrten die Besten!<\/p>\n<blockquote>\n<p>Salziges Wasser und gute Vibes definieren, wer wir sind.<\/p>\n<\/blockquote>\n<p>[\/vc_column_text][vc_video link=&#8220;https:\/\/youtube.com\/shorts\/LarA3fLyi44?si=n2lmac7aKBK0Uf4g&#8220; align=&#8220;center&#8220; css=&#8220;&#8220; css_params=&#8220;&#8220;]<div class=\"porto-block\" data-id=\"1635\"><style>.vc_custom_1711534905067{margin-top: 50px !important;}<\/style>[vc_row][vc_column][vc_column_text css=\".vc_custom_1711534905067{margin-top: 50px !important;}\"]<\/p>\r\n<h3><strong>Was uns besonders macht?<\/strong><\/h3>\r\n<ol>\r\n<li><strong> Beginnen Sie bei Carvalhos verborgenem Juwel:<br \/>\r\n<\/strong>Ihre Reise beginnt am atemberaubenden Strand von Carvalho, umgeben von Kalksteinfelsen und erreichbar durch einen historischen Tunnel, der einen abgelegenen und ehrfurchtgebietenden Ausgangspunkt bietet.<\/li>\r\n<li><strong>Erfahren gef\u00fchrtes KajakAbenteuer:<br \/>\r\n<\/strong>Machen Sie sich auf eine unvergessliche Kajakfahrt unter der Leitung unserer erfahrenen Guides EGAS, CAIO &amp; FRANCISCO, die Sicherheit und Spannung gew\u00e4hrleisten, w\u00e4hrend Sie die atemberaubendsten H\u00f6hlen, \"Algars\" und nat\u00fcrlichen Formationen entlang der Algarve erkunden.<\/li>\r\n<li><strong>Intime Gruppenerfahrung:<br \/>\r\n<\/strong>Nehmen Sie an unseren Kleingruppentouren teil, die auf 12 Teilnehmer begrenzt sind, f\u00fcr ein personalisiertes Abenteuer, bei dem Sie individuelle Aufmerksamkeit erhalten und eine engere Verbindung sowohl zu Ihren Mitabenteurern als auch zur atemberaubenden Umgebung aufbauen.<\/li>\r\n<li><strong> Entfliehen Sie den Menschenmassen:<br \/>\r\n<\/strong>Erleben Sie die Ruhe am Strand von Carvalho, nur wenige Minuten vom belebten Strand von Benagil entfernt, und genie\u00dfen Sie eine ruhige und abgelegene Umgebung, fernab der typischen Touristenmassen.<\/li>\r\n<li><strong> Kostenlose 4KFotoerinnerungen:<br \/>\r\n<\/strong>Halten Sie Ihre Erinnerungen in atemberaubender Detailgenauigkeit mit kostenlosen 4KFotos fest, die in der ber\u00fchmten Benagil \"Algar\"H\u00f6hle Portugals und an anderen malerischen Orten aufgenommen wurden, um sicherzustellen, dass Ihre Erlebnisse verewigt werden und Sie sie mit Ihren Lieben teilen k\u00f6nnen.<\/li>\r\n<li><strong> Entspannen Sie am Strand von Carvalho:<br \/>\r\n<\/strong>Beenden Sie Ihr Abenteuer zur\u00fcck am Strand von Carvalho, wo Sie sich beim Sonnenbaden oder einem erfrischenden Bad im kristallklaren Wasser entspannen k\u00f6nnen, umgeben von Kalksteinfelsen und malerischer Landschaft.<\/li>\r\n<li><strong> Unschlagbarer Wert und Bequemlichkeit:<br \/>\r\n<\/strong>Erleben Sie einen unvergleichlichen Wert mit Brotherootz, der Spitzenabenteuererlebnisse zu Grundtarifen bietet.<br \/>\r\nGenie\u00dfen Sie kostenlose Annehmlichkeiten wie Neoprenanz\u00fcge, Trockenbeutel und R\u00fcckenst\u00fctzsitze f\u00fcr zus\u00e4tzlichen Komfort und Bequemlichkeit.<br \/>\r\nProfitieren Sie von nahtlosen Transfers innerhalb des Rates von Lagoa, einschlie\u00dflich Abhol und Bringservice von Hotels und H\u00e4usern in Lagoa, Carvoeiro, Porches, Estombar, Parchal und Ferragudo.\u00a0 Halten Sie Ihre Erinnerungen mit kostenlosen Fotos fest, die w\u00e4hrend der Tour aufgenommen wurden, um bleibende Erinnerungsst\u00fccke an Ihr Abenteuer zu gew\u00e4hrleisten.<br \/>\r\nErhalten Sie erstklassigen Service von unseren ExpertenGuides, die umfangreiche Kenntnisse \u00fcber die lokale Geschichte, Biodiversit\u00e4t und Geologie bieten und sowohl Sicherheit als auch Spannung w\u00e4hrend Ihrer Reise gew\u00e4hrleisten.<\/li>\r\n<\/ol>\r\n<p>[\/vc_column_text][\/vc_column][\/vc_row]<\/div><div class=\"porto-block\" data-id=\"1624\"><style>.vc_custom_1647026300243{margin-bottom: 50px !important;}<\/style>[vc_row][vc_column][vc_tta_accordion style=\"flat\" shape=\"square\" gap=\"5\" c_position=\"right\" active_section=\"150\" no_fill=\"true\" collapsible_all=\"true\" css=\".vc_custom_1647026300243{margin-bottom: 50px !important;}\"][vc_tta_section title=\"Was ist inbegriffen?\" tab_id=\"de_1\"][vc_column_text]<\/p>\r\n<ul>\r\n<li>Tour von etwa 2 Stunden<\/li>\r\n<li>\u00a0Professioneller \u00f6rtlicher Guide<\/li>\r\n<li>\u00a0Alle f\u00fcr die Tour ben\u00f6tigte Ausr\u00fcstung (Kajak, Paddel, Rettungsweste)<\/li>\r\n<li>\u00a0Trockenbeutel f\u00fcr wichtige Ausr\u00fcstung (Kameras, Handys, Schl\u00fcssel)<\/li>\r\n<li>\u00a0Kostenlose 4KFotos<\/li>\r\n<li>\u00a0Versicherung<\/li>\r\n<li>\u00a0Neoprenanz\u00fcge bei K\u00e4lte inklusive<\/li>\r\n<li>\u00a0R\u00fcckenst\u00fctzsitz inklusive<\/li>\r\n<li>\u00a0Transfer innerhalb des Rates von Lagoa enthalten (H\u00e4user und Hotels)<\/li>\r\n<li>\u00a0Spa\u00df, gute Schwingungen und Authentizit\u00e4t<\/li>\r\n<\/ul>\r\n<p>[\/vc_column_text][\/vc_tta_section][vc_tta_section title=\"Was ist nicht inbegriffen?\" tab_id=\"de_2\"][vc_column_text]<\/p>\r\n<ul>\r\n<li>Trinkgelder<\/li>\r\n<\/ul>\r\n<p>[\/vc_column_text][\/vc_tta_section][vc_tta_section title=\"Was werden Sie tun?\" tab_id=\"de_3\"][vc_column_text]<\/p>\r\n<ul>\r\n<li>Besprechung einschlie\u00dflich Sicherheitsma\u00dfnahmen und Anleitung zur Verwendung der Ausr\u00fcstung und Verhalten auf dem Meer<\/li>\r\n<li>\u00a0Abfahrt vom bezaubernden Strand von Carvalho aus in den Ozean mit Ihrem Guide immer an Ihrer Seite, zwei Personen pro Kajak.<\/li>\r\n<li>\u00a0Nach der Abfahrt gleiten wir entlang der K\u00fcste in Richtung Benagil und besuchen die H\u00f6hlen und geheimen Str\u00e4nde entlang dieser einzigartigen und radikalen Route, die wir f\u00fcr Sie vorbereitet haben, w\u00e4hrend unterwegs Fotos gemacht werden.<\/li>\r\n<li>\u00a0Diese Tour wurde mit historischen, geologischen und biologischen Informationen \u00fcber die lokale Gegend vorbereitet, weil wir Touren innerhalb des Parque Natural Marinho do Recife Algarvio (Naturschutzgebiet des AlgarveRiffs) durchf\u00fchren.<\/li>\r\n<li>\u00a0Nachdem wir einige H\u00f6hlen erkundet haben, erreichen wir die BenagilH\u00f6hle, machen Fotos im Inneren und verweilen dort eine Weile.<\/li>\r\n<li>\u00a0Dann erkunden wir weiter die anderen BenagilH\u00f6hlen und geheimen Anlagen.<\/li>\r\n<li>\u00a0R\u00fcckkehr mit dem Kajak von der H\u00f6hle von Benagil zum Strand von Carvalho, wo wir gestartet sind.<\/li>\r\n<\/ul>\r\n<p>[\/vc_column_text][\/vc_tta_section][vc_tta_section title=\"Was zu erwarten ist?\" tab_id=\"de_4\"][vc_column_text]<\/p>\r\n<ul>\r\n<li>\u00a0Umweltfreundliche Tour, ohne Motoren im Wasser<\/li>\r\n<li>\u00a0Erwarten Sie eine Tour in genau der richtigen Gr\u00f6\u00dfe, mit der richtigen Anzahl von Teilnehmern, die Tour flie\u00dft einfach<\/li>\r\n<li>\u00a0Fr\u00f6hliche und freundliche Schwingungen von einem Team junger, lokal geborener und aufgewachsener Guides, die bereit sind, Ihnen in jeder Hinsicht zu helfen<\/li>\r\n<li>\u00a0Historische, geologische und biologische Erkl\u00e4r<\/li>\r\n<li>ungen sowie Umweltbildung und Nachhaltigkeitsbewusstsein<\/li>\r\n<li>\u00a0Gro\u00dfe Aufmerksamkeit f\u00fcr Details, bei einem entspannten, aber erstklassigen Service<\/li>\r\n<li>\u00a0Jedes AddOn bereits inklusive von 4KFotos, Neoprenanzug, R\u00fcckenst\u00fctzsitz, Trockenbeutel<\/li>\r\n<\/ul>\r\n<p>[\/vc_column_text][\/vc_tta_section][vc_tta_section title=\"Wissen, bevor Sie gehen\" tab_id=\"de_5\"][vc_column_text css=\"\" css_params=\"\"]<\/p>\r\n<ul>\r\n<li>Bitte finden Sie sich zur Tourzeit am Parkplatz am Strand von Carvalho ein.<\/li>\r\n<li>Der Check-in schlie\u00dft 10 Minuten nach Tourbeginn.<\/li>\r\n<li>Sp\u00e4tankommende k\u00f6nnen nicht mehr an der Tour teilnehmen.<\/li>\r\n<li>Treffen Sie unser Personal neben dem bunten Fiat Ducato.<\/li>\r\n<li>Der Parkplatz ist gepflastert, ebenso die Stra\u00dfe, die dorthin f\u00fchrt.<\/li>\r\n<li>Es gibt GPS-Apps, die Sie manchmal auf die andere Seite des Strandes f\u00fchren. Dort f\u00fchrt Sie ein Feldweg n\u00e4her an den Strand heran, aber das ist nicht der einzige Weg. F\u00fcr die R\u00fcckfahrt ben\u00f6tigen Sie einen Gel\u00e4ndewagen. =) Geben Sie \u201eParkplatz am Strand von Carvalho\u201c erneut ein, dann sollte es funktionieren, oder wechseln Sie die GPS-App.<\/li>\r\n<li><\/li>\r\n<li>&nbsp;Die maximale Kapazit\u00e4t der Tour betr\u00e4gt 12 Personen, daher ist sie intimer, sicherer und unterhaltsamer.<\/li>\r\n<li>&nbsp;Diese Aktivit\u00e4t wird nicht f\u00fcr Nichtschwimmer und Personen mit eingeschr\u00e4nkter Mobilit\u00e4t empfohlen.<\/li>\r\n<li>&nbsp;Bringen Sie Strandkleidung\/Badeanz\u00fcge mit.<\/li>\r\n<li>&nbsp;Bringen Sie eine Kappe und Sonnencreme mit.<\/li>\r\n<li>&nbsp;Bringen Sie ein Handtuch mit, um sich am Ende der Tour trocknen zu k\u00f6nnen.<\/li>\r\n<li>&nbsp;Bringen Sie Wasser mit.<\/li>\r\n<li>&nbsp;Kostenloses Parken<\/li>\r\n<li>&nbsp;Sie m\u00fcssen bei der Ankunft ein Haftungsformular unterschreiben.<\/li>\r\n<\/ul>\r\n<p>[\/vc_column_text][\/vc_tta_section][\/vc_tta_accordion][vc_column_text css=\"\" css_params=\"\"]<\/p>\r\n<h3><span style=\"color: #20476b;\">Ort<\/span><\/h3>\r\n<p>Breitengrad 37.087413 L\u00e4ngengrad 8.432903<br \/>\r\nParkplatz Strand Carvalho, Stra\u00dfe Algarve Clube Atl\u00e2ntico,<br \/>\r\n8400 Lagoa<\/p>\r\n<p>&nbsp;<\/p>\r\n<h3><span style=\"color: #20476b;\">Google Map Link<\/span><\/h3>\r\n<p><a href=\"https:\/\/www.google.com\/maps\/place\/Brotherootz+Sup+Tours\/@37.0874208,-8.4329101,17z\/data=!3m1!4b1!4m6!3m5!1s0xd1ad7ea1995297f:0xe93ded80efaaca44!8m2!3d37.0874208!4d-8.4329101!16s%2Fg%2F11rv3vpqqx?entry=ttu\" target=\"_blank\" rel=\"noopener\">Klik hier<\/a><\/p>\r\n<p>&nbsp;<\/p>\r\n<h3><span style=\"color: #20476b;\">N\u00fctzliche Tipps<\/span><\/h3>\r\n<ul>\r\n<li>Bitte finden Sie sich zur Tourzeit am Parkplatz am Strand von Carvalho ein.<\/li>\r\n<li>Der Check-in schlie\u00dft 10 Minuten nach Tourbeginn.<\/li>\r\n<li>Sp\u00e4tankommende k\u00f6nnen nicht mehr an der Tour teilnehmen.<\/li>\r\n<li>Treffen Sie unser Personal neben dem bunten Fiat Ducato.<\/li>\r\n<li>Der Parkplatz ist gepflastert, ebenso die Stra\u00dfe, die dorthin f\u00fchrt.<\/li>\r\n<li>Es gibt GPS-Apps, die Sie manchmal auf die andere Seite des Strandes f\u00fchren. Dort f\u00fchrt Sie ein Feldweg n\u00e4her an den Strand heran, aber das ist nicht der einzige Weg. F\u00fcr die R\u00fcckfahrt ben\u00f6tigen Sie einen Gel\u00e4ndewagen. =) Geben Sie \u201eParkplatz am Strand von Carvalho\u201c erneut ein, dann sollte es funktionieren, oder wechseln Sie die GPS-App.<\/li>\r\n<li>&nbsp;Der Parkplatz befindet sich am Ende der Stra\u00dfe des Algarve Clube Atl\u00e2ntico.<\/li>\r\n<li>&nbsp;Bringen Sie Wasser mit.<\/li>\r\n<li>&nbsp;Versuchen Sie immer, die fr\u00fcheren Touren zu buchen, da alle verschiedenen Faktoren am Morgen viel besser sind, wie kein Wind, keine Wellen und keine Boote!<\/li>\r\n<li>&nbsp;Es gibt eine Bushaltestelle nur 5 Minuten zu Fu\u00df vom Parkplatz Carvalho entfernt, genannt Haltestelle Praia do Carvalho.<\/li>\r\n<li>&nbsp;Transfer im Bereich Carvoeiro &amp; Lagoa enthalten.<\/li>\r\n<li>&nbsp;Wenn Sie in Lagos, Albufeira oder an einem anderen Ort sind, nehmen Sie einfach einen Bus zur Bushaltestelle oder zum Bahnhof von Lagoa, und wir bringen Sie zum Strand und zur\u00fcck nach der Tour!<\/li>\r\n<li>&nbsp;Dies sind die Buslinien zum Strand von Carvalho:<br \/>\r\n52 | EVAKliffslinie<br \/>\r\n107 | Portim\u00e3o&nbsp; Praia do Carvalho<\/li>\r\n<\/ul>\r\n<p>[\/vc_column_text][\/vc_column][\/vc_row]<\/div><div class=\"porto-block\" data-id=\"2305\"><style>.vc_custom_1716483266566{margin-top: 25px !important;}.vc_custom_1716483091402{margin-bottom: 25px !important;}.wpb_custom_4e9d5829ddba4152f8f39aee9c77adcb.porto-u-heading .porto-u-main-heading > *{font-size:13px;}<\/style>[vc_section css=\".vc_custom_1716483266566{margin-top: 25px !important;}\" conditional_render=\"%5B%7B%22value_role%22%3A%22administrator%22%7D%5D\" el_id=\"contact_form\"][vc_row][vc_column][vc_separator color=\"custom\" el_width=\"70\" accent_color=\"#20476b\" css=\".vc_custom_1716483091402{margin-bottom: 25px !important;}\"][\/vc_column][\/vc_row][vc_row][vc_column text_align=\"center\" conditional_render=\"%5B%7B%22value_role%22%3A%22administrator%22%7D%5D\"]<div class=\"porto-u-heading  wpb_custom_4e9d5829ddba4152f8f39aee9c77adcb porto-u-55ca8359258f9a412be7e73af65d2aac \"><div class=\"porto-u-main-heading\"><h2   style=\"margin-bottom: 10px;\">BEN\u00d6TIGEN SIE WEITERE INFORMATIONEN?<\/h2><\/div><div class=\"porto-u-heading-spacer line_only\" style=\"margin-bottom: 10px;height:3px;\"><span class=\"porto-u-headings-line\" style=\"border-style:solid;border-bottom-width:3px;border-color:#d0a370;width:75px;\"><\/span><\/div><div class=\"porto-u-sub-heading\" style=\"color: #20476b;margin-bottom:25px;\"><span style=\"font-size: 35px;\">Schick uns eine <strong>Nachricht<\/strong><\/span><\/div><style>.porto-u-55ca8359258f9a412be7e73af65d2aac.porto-u-heading{text-align:center} .porto-u-55ca8359258f9a412be7e73af65d2aac .porto-u-headings-line{float: unset;}<\/style><\/div>[\/vc_column][\/vc_row][vc_row conditional_render=\"%5B%7B%22value_role%22%3A%22administrator%22%7D%5D\"][vc_column text_align=\"center\" conditional_render=\"%5B%7B%22value_role%22%3A%22administrator%22%7D%5D\"]<div class=\"wpb_custom_8e39365fa00ded789edeaf348f33ca36\">\n<div class=\"wpcf7 no-js\" id=\"wpcf7-f2260-o1\" lang=\"de-DE\" dir=\"ltr\" data-wpcf7-id=\"2260\">\n<div class=\"screen-reader-response\"><p role=\"status\" aria-live=\"polite\" aria-atomic=\"true\"><\/p> <ul><\/ul><\/div>\n<form action=\"\/de\/wp-json\/wp\/v2\/pages\/928#wpcf7-f2260-o1\" method=\"post\" class=\"wpcf7-form init\" aria-label=\"Kontaktformular\" novalidate=\"novalidate\" data-status=\"init\">\n<fieldset class=\"hidden-fields-container\"><input type=\"hidden\" name=\"_wpcf7\" value=\"2260\" \/><input type=\"hidden\" name=\"_wpcf7_version\" value=\"6.1.5\" \/><input type=\"hidden\" name=\"_wpcf7_locale\" value=\"de_DE\" \/><input type=\"hidden\" name=\"_wpcf7_unit_tag\" value=\"wpcf7-f2260-o1\" \/><input type=\"hidden\" name=\"_wpcf7_container_post\" value=\"0\" \/><input type=\"hidden\" name=\"_wpcf7_posted_data_hash\" value=\"\" \/><input type=\"hidden\" name=\"_wpcf7_recaptcha_response\" value=\"\" \/>\n<\/fieldset>\n<div>\n\t<div><span class=\"wpcf7-form-control-wrap\" data-name=\"nome\"><input size=\"40\" maxlength=\"400\" class=\"wpcf7-form-control wpcf7-text wpcf7-validates-as-required\" aria-required=\"true\" aria-invalid=\"false\" placeholder=\"Vor-und Nachname\" value=\"\" type=\"text\" name=\"nome\" \/><\/span>\n\t<\/div>\n\t<div><span class=\"wpcf7-form-control-wrap\" data-name=\"email\"><input size=\"40\" maxlength=\"400\" class=\"wpcf7-form-control wpcf7-email wpcf7-validates-as-required wpcf7-text wpcf7-validates-as-email\" aria-required=\"true\" aria-invalid=\"false\" placeholder=\"Email\" value=\"\" type=\"email\" name=\"email\" \/><\/span>\n\t<\/div>\n\t<div><span class=\"wpcf7-form-control-wrap\" data-name=\"telefone\"><input size=\"40\" maxlength=\"400\" class=\"wpcf7-form-control wpcf7-tel wpcf7-validates-as-required wpcf7-text wpcf7-validates-as-tel\" aria-required=\"true\" aria-invalid=\"false\" placeholder=\"Telefonnummer\" value=\"\" type=\"tel\" name=\"telefone\" \/><\/span>\n\t<\/div>\n\t<div><span class=\"wpcf7-form-control-wrap\" data-name=\"tipo_de_pedido\"><select class=\"wpcf7-form-control wpcf7-select\" id=\"tipoconsulta\" aria-invalid=\"false\" name=\"tipo_de_pedido\"><option value=\"Thema ausw\u00e4hlen\" selected=\"selected\">Thema ausw\u00e4hlen<\/option><option value=\"Informationen anfordern\">Informationen anfordern<\/option><option value=\"Tour buchen\">Tour buchen<\/option><\/select><\/span>\n\t<\/div>\n\t<div><span class=\"wpcf7-form-control-wrap\" data-name=\"mensagem\"><textarea cols=\"40\" rows=\"10\" maxlength=\"2000\" class=\"wpcf7-form-control wpcf7-textarea\" aria-invalid=\"false\" placeholder=\"Schreibe deine Nachricht hier\" name=\"mensagem\"><\/textarea><\/span>\n\t<\/div>\n\t<div><span class=\"wpcf7-form-control-wrap\" data-name=\"acceptance-655\"><span class=\"wpcf7-form-control wpcf7-acceptance\"><span class=\"wpcf7-list-item\"><label><input type=\"checkbox\" name=\"acceptance-655\" value=\"1\" aria-invalid=\"false\" \/><span class=\"wpcf7-list-item-label\"><span style=\"font-size:10px;\">I akzeptieren <a href=\"https:\/\/brotherootzsup.com\/de\/datenschutzerklaerung\/\" Target=\"_blank\">Datenschutzrichtlinie<\/a><\/span><\/span><\/label><\/span><\/span><\/span>\n\t<\/div>\n\t<div style=\"display:none;\">\n\t\t<span class=\"wpcf7-form-control-wrap\" data-name=\"formulario\"><input size=\"40\" maxlength=\"400\" class=\"wpcf7-form-control wpcf7-text\" aria-invalid=\"false\" value=\"Formul\u00e1rio DE\" type=\"text\" name=\"formulario\" \/><\/span>\n\t\t<span class=\"wpcf7-form-control-wrap\" data-name=\"fonte\"><input size=\"40\" maxlength=\"400\" class=\"wpcf7-form-control wpcf7-text\" aria-invalid=\"false\" value=\"Website brotherootzsup.com\" type=\"text\" name=\"fonte\" \/><\/span>\n\t<\/div>\n<input class=\"wpcf7-form-control wpcf7-hidden\" value=\"\" type=\"hidden\" name=\"utm_campaign\" \/>\n<input class=\"wpcf7-form-control wpcf7-hidden\" value=\"\" type=\"hidden\" name=\"utm_source\" \/>\n<input class=\"wpcf7-form-control wpcf7-hidden\" value=\"\" type=\"hidden\" name=\"utm_medium\" \/>\n<input class=\"wpcf7-form-control wpcf7-hidden\" value=\"\" type=\"hidden\" name=\"utm_term\" \/>\n<input class=\"wpcf7-form-control wpcf7-hidden\" value=\"\" type=\"hidden\" name=\"utm_content\" \/>\n<span class=\"wpcf7-form-control-wrap\" data-name=\"referer-page\"><input size=\"40\" maxlength=\"400\" class=\"wpcf7-form-control wpcf7-text referer-page\" aria-invalid=\"false\" value=\"\" type=\"text\" name=\"referer-page\" \/><\/span>\n<input class=\"wpcf7-form-control wpcf7-hidden\" value=\"\" type=\"hidden\" name=\"gclid\" \/>\n\t<div>\n<span id=\"wpcf7-69d0493e2e9d2-wrapper\" class=\"wpcf7-form-control-wrap honeypot-694-wrap\" style=\"display:none !important; visibility:hidden !important;\"><label for=\"wpcf7-69d0493e2e9d2-field\" class=\"hp-message\">Bitte lasse dieses Feld leer.<\/label><input id=\"wpcf7-69d0493e2e9d2-field\"  class=\"wpcf7-form-control wpcf7-text\" type=\"text\" name=\"honeypot-694\" value=\"\" size=\"40\" tabindex=\"-1\" autocomplete=\"off\" \/><\/span>\n\n\t<input class=\"wpcf7-form-control wpcf7-submit has-spinner\" type=\"submit\" value=\"SENDEN\" \/>\n\t<\/div>\n<\/div>\n<style>\ninput.referer-page {\ndisplay:none;\n}\n<\/style><p class='vahozu'><span class=\"wpcf7-form-control-wrap\" data-name=\"vahozu\"><input size=\"40\" maxlength=\"400\" class=\"wpcf7-form-control wpcf7-text\" aria-invalid=\"false\" value=\"\" type=\"text\" name=\"vahozu\" \/><\/span><\/p><p class='nusido'><span class=\"wpcf7-form-control-wrap\" data-name=\"nusido\"><input size=\"40\" maxlength=\"400\" class=\"wpcf7-form-control wpcf7-text\" aria-invalid=\"false\" value=\"\" type=\"text\" name=\"nusido\" \/><\/span><\/p><p class='howavo'><span class=\"wpcf7-form-control-wrap\" data-name=\"howavo\"><input size=\"40\" maxlength=\"400\" class=\"wpcf7-form-control wpcf7-text\" aria-invalid=\"false\" value=\"\" type=\"text\" name=\"howavo\" \/><\/span><\/p><div class=\"wpcf7-response-output\" aria-hidden=\"true\"><\/div>\n<\/form>\n<\/div>\n<\/div>[\/vc_column][\/vc_row][\/vc_section]<\/div>[\/vc_column][\/vc_row]<\/p>\n<\/div>","protected":false},"excerpt":{"rendered":"<p>[vc_row css=&#8220;.vc_custom_1647001097736{margin-top: 50px !important;}&#8220;][vc_column width=&#8220;1\/3&#8243; is_sticky=&#8220;yes&#8220; sticky_min_width=&#8220;767&#8243; sticky_top=&#8220;110&#8243; sticky_bottom=&#8220;0&#8243; conditional_render=&#8220;%5B%7B%22value_role%22%3A%22administrator%22%7D%5D&#8220;][vc_single_image image=&#8220;311&#8243; img_size=&#8220;full&#8220; alignment=&#8220;center&#8220;][vc_column_text] Anruf ins portugiesische Mobilfunknetz [\/vc_column_text][vc_column_text css=&#8220;.vc_custom_1716482707260{margin-top: -15px !important;margin-bottom: 10px !important;}&#8220;]Weitergeben:[\/vc_column_text][\/vc_column][vc_column width=&#8220;2\/3&#8243;][vc_column_text css=&#8220;.vc_custom_1774627711797{margin-top: 50px !important;}&#8220; css_params=&#8220;&#8220;] Stand-up-Paddling-Tour bei Sonnenaufgang vom Carvalho-Strand mit KLEINER Gruppe &amp; GRATIS 4K-Fotos Erleben Sie die echten Algarvianischen Wurzeln Seien Sie einer der Ersten, die die H\u00f6hle morgens leer [&hellip;]<\/p>\n","protected":false},"author":116,"featured_media":2049,"parent":0,"menu_order":0,"comment_status":"closed","ping_status":"closed","template":"","meta":{"inline_featured_image":false,"footnotes":""},"class_list":["post-928","page","type-page","status-publish","has-post-thumbnail","hentry"],"_links":{"self":[{"href":"https:\/\/brotherootzsup.com\/de\/wp-json\/wp\/v2\/pages\/928","targetHints":{"allow":["GET"]}}],"collection":[{"href":"https:\/\/brotherootzsup.com\/de\/wp-json\/wp\/v2\/pages"}],"about":[{"href":"https:\/\/brotherootzsup.com\/de\/wp-json\/wp\/v2\/types\/page"}],"author":[{"embeddable":true,"href":"https:\/\/brotherootzsup.com\/de\/wp-json\/wp\/v2\/users\/116"}],"replies":[{"embeddable":true,"href":"https:\/\/brotherootzsup.com\/de\/wp-json\/wp\/v2\/comments?post=928"}],"version-history":[{"count":0,"href":"https:\/\/brotherootzsup.com\/de\/wp-json\/wp\/v2\/pages\/928\/revisions"}],"wp:featuredmedia":[{"embeddable":true,"href":"https:\/\/brotherootzsup.com\/de\/wp-json\/wp\/v2\/media\/2049"}],"wp:attachment":[{"href":"https:\/\/brotherootzsup.com\/de\/wp-json\/wp\/v2\/media?parent=928"}],"curies":[{"name":"wp","href":"https:\/\/api.w.org\/{rel}","templated":true}]}}