{"id":912,"date":"2022-03-11T18:54:54","date_gmt":"2022-03-11T18:54:54","guid":{"rendered":"https:\/\/brotherootzsup.com\/about-us\/"},"modified":"2026-02-10T17:43:45","modified_gmt":"2026-02-10T17:43:45","slug":"ueber-uns","status":"publish","type":"page","link":"https:\/\/brotherootzsup.com\/de\/ueber-uns\/","title":{"rendered":"\u00dcber uns"},"content":{"rendered":"<div class=\"wpb-content-wrapper\"><p>[vc_row css=&#8220;.vc_custom_1647001097736{margin-top: 50px !important;}&#8220;][vc_column][vc_single_image image=&#8220;356&#8243; img_size=&#8220;full&#8220;]<div class=\"porto-u-heading  wpb_custom_077a2d7ceeb32b2fc840a71236ec7bc3 porto-u-55ca8359258f9a412be7e73af65d2aac \"><div class=\"porto-u-main-heading\"><h1   style=\"margin-bottom: 10px;\">\u00dcber uns<\/h1><\/div><div class=\"porto-u-heading-spacer line_only\" style=\"margin-bottom: 10px;height:3px;\"><span class=\"porto-u-headings-line\" style=\"border-style:solid;border-bottom-width:3px;border-color:#d0a370;width:75px;\"><\/span><\/div><div class=\"porto-u-sub-heading\" style=\"color: #20476b;\"><span style=\"font-size: 35px;\">Wir sind <strong>BrotheRootz<\/strong><\/span><\/div><style>.porto-u-55ca8359258f9a412be7e73af65d2aac.porto-u-heading{text-align:center} .porto-u-55ca8359258f9a412be7e73af65d2aac .porto-u-headings-line{float: unset;}<\/style><\/div>[vc_column_text css=&#8220;.vc_custom_1650976814201{margin-top: 50px !important;}&#8220;]<\/p>\n<p style=\"text-align: center;\"><strong>Wir sind ein umweltfreundliches SUP-Unternehmen, das durch 3 junge, einheimische Freunde ins Leben gerufen wurden, die denselben Traum und das gleiche Ziel verfolgen. Wir haben uns eine alternative, nachhaltige Lebensweise aufgebaut und machen genau das, was wir am meisten lieben, an dem Ort an em wir aufgewachsen sind, denn hier haben wir: Sonne, Salzwasser, gute Laune und nat\u00fcrlich unseren Ursprung.<\/strong><\/p>\n<p style=\"text-align: center;\">Wir haben uns f\u00fcr den Strand von Carvalho als Startpunkt entschieden, weil wir unseren Wurzeln treu bleiben m\u00f6chten. Au\u00dferdem haben wir um den\u00a0 enschenmassen in der Hochsaison aus dem Weg zu gehen eine exklusive Route vorbereitet. Pro Tour nehmen wir nur 10 Personen mit, f\u00fcr mehr Intimit\u00e4t, Spa\u00df und am allerwichtigsten \u2013die Sicherheit.<\/p>\n<p style=\"text-align: center;\">BothereRootz ist ein junges Team einheimischer mit einer frischen Vision und einer neuen Herangehensweise an den wachsenden Tourismus der Algarve.<\/p>\n<p style=\"text-align: center;\">Unseren Fokus haben wir daraufgelegt, Ihnen ein lebenslanges Erlebnis an dem Ort zu schenken, an dem wir aufgewachsen sind, der von vielen als eines der sch\u00f6nsten und erstaunlichsten Naturwunder Portugals anerkannt wird. Die K\u00fcste von Lagoa (Benagil) ist bereits seit Jahrzehnten bekannt f\u00fcr ihre wunderbaren Meeresh\u00f6hlen, die geheimen Str\u00e4nde und den beeindruckenden versteinerten Felsformationen, die im Laufe der Jahrhunderte von den Kr\u00e4ften der Natur geformt wurden.<\/p>\n<p style=\"text-align: center;\">Die herrliche Einzigartigkeit unseres Landes hat seinen Ruhm in alle Ecken der Welt gebracht und ebenfalls den Tourismus der seine H\u00f6hen und Tiefen hatte. Wir haben mit eigenen Augen gesehen, welche Verschlechterung die gro\u00dfen Menschenmassen unseren Gew\u00e4ssern und W\u00e4ldern zuf\u00fcgen k\u00f6nnen, einschlie\u00dflich des Qualit\u00e4tsverlusts durch die touristischen Unternehmen. Deshalb wollen wir in einen umweltfreundlicheren und vertrauteren Tourismus investieren, bei dem die Auswirkungen auf unsere \u00d6kosysteme erheblich reduziert werden, und auch die pers\u00f6nliche Beziehung zu unseren Kunden verbessert wird.<\/p>\n<p style=\"text-align: center;\">Die meiste Zeit des Jahres, ist unser Ozean flach. Wir haben uns trotz allem f\u00fcr extrem stabile Boards entschieden, sodass es selbst beim ersten Mal Stand-Up-Paddeln, kein Problem sein sollte sich auf das Board zu stellen. Wie Sie letzten Endes vorankommen ist ganz Ihnen \u00fcberlassen, bei Bedarf d\u00fcrfen sie nat\u00fcrlich auch sitzend oder kniend fahren. Au\u00dferdem haben sie einen erfahrenen Guide an Ihrer Seite, der sie einweist, unterst\u00fctzt und Ihnen auch w\u00e4hrend der Tour hilfreiche Tipps geben kann, damit Sie sich im Wasser Wohl und sicher f\u00fchlen. Jedes Mitglied unseres Teams ist am Strand mit Touristen aufgewachsen, die unsere magische Heimat besucht haben, weshalb der Ozean unser zuhause ist und wir gerne mit verschiedenen Kulturen aus der ganzen Welt interagieren.<\/p>\n<p>[\/vc_column_text][\/vc_column][\/vc_row]<\/p>\n<\/div>","protected":false},"excerpt":{"rendered":"<p>[vc_row css=&#8220;.vc_custom_1647001097736{margin-top: 50px !important;}&#8220;][vc_column][vc_single_image image=&#8220;356&#8243; img_size=&#8220;full&#8220;][vc_column_text css=&#8220;.vc_custom_1650976814201{margin-top: 50px !important;}&#8220;] Wir sind ein umweltfreundliches SUP-Unternehmen, das durch 3 junge, einheimische Freunde ins Leben gerufen wurden, die denselben Traum und das gleiche Ziel verfolgen. Wir haben uns eine alternative, nachhaltige Lebensweise aufgebaut und machen genau das, was wir am meisten lieben, an dem Ort an em wir [&hellip;]<\/p>\n","protected":false},"author":116,"featured_media":0,"parent":0,"menu_order":0,"comment_status":"closed","ping_status":"closed","template":"","meta":{"inline_featured_image":false,"footnotes":""},"class_list":["post-912","page","type-page","status-publish","hentry"],"_links":{"self":[{"href":"https:\/\/brotherootzsup.com\/de\/wp-json\/wp\/v2\/pages\/912","targetHints":{"allow":["GET"]}}],"collection":[{"href":"https:\/\/brotherootzsup.com\/de\/wp-json\/wp\/v2\/pages"}],"about":[{"href":"https:\/\/brotherootzsup.com\/de\/wp-json\/wp\/v2\/types\/page"}],"author":[{"embeddable":true,"href":"https:\/\/brotherootzsup.com\/de\/wp-json\/wp\/v2\/users\/116"}],"replies":[{"embeddable":true,"href":"https:\/\/brotherootzsup.com\/de\/wp-json\/wp\/v2\/comments?post=912"}],"version-history":[{"count":0,"href":"https:\/\/brotherootzsup.com\/de\/wp-json\/wp\/v2\/pages\/912\/revisions"}],"wp:attachment":[{"href":"https:\/\/brotherootzsup.com\/de\/wp-json\/wp\/v2\/media?parent=912"}],"curies":[{"name":"wp","href":"https:\/\/api.w.org\/{rel}","templated":true}]}}