{"id":905,"date":"2022-03-12T10:35:47","date_gmt":"2022-03-12T10:35:47","guid":{"rendered":"https:\/\/brotherootzsup.com\/la-tripulacion\/"},"modified":"2026-02-10T17:47:58","modified_gmt":"2026-02-10T17:47:58","slug":"die-besatzung","status":"publish","type":"page","link":"https:\/\/brotherootzsup.com\/de\/die-besatzung\/","title":{"rendered":"die Besatzung"},"content":{"rendered":"<div class=\"wpb-content-wrapper\"><p>[vc_row content_placement=&#8220;middle&#8220; css=&#8220;.vc_custom_1647081407466{margin-top: 50px !important;}&#8220;][vc_column][vc_custom_heading text=&#8220;Lernen Sie das Team kennen&#8220; font_container=&#8220;tag:h1|text_align:center&#8220; css_params=&#8220;&#8220;][\/vc_column][vc_column width=&#8220;1\/3&#8243;][vc_single_image image=&#8220;317&#8243; img_size=&#8220;full&#8220; alignment=&#8220;center&#8220;][\/vc_column][vc_column width=&#8220;2\/3&#8243;][vc_column_text]<\/p>\n<p style=\"text-align: left;\"><span style=\"font-size: 20px;\"><strong><span style=\"color: #20476b;\"><em>&#8222;Hallo, ich bin Egas, die k\u00fcnstlerische Wurzel der 3 Freunde.<\/em><\/span><\/strong><\/span><\/p>\n<p style=\"text-align: left;\"><span style=\"font-size: 17px; color: #20476b;\"><em>Ich bin am Strand von Carvoeiro geboren und aufgewachsen, seit meiner Kindheit, rudere ich auf diesen Meeren. W\u00e4hrend und auch vor meinem Studium, habe ich am Strand als Touren-F\u00fchrer gearbeitet, nebenbei spiele ich mein ganzes Leben lang schon Handball.<br \/>\nIch bin ausgebildeter Zahnarzt, habe aber f\u00fcr mich entschieden, dass ich das Meer viel zu sehr liebe und brauche, um nicht dauerhaft damit in Kontakt zu sein.<\/em><\/span><\/p>\n<p style=\"text-align: left;\"><span style=\"font-size: 17px; color: #20476b;\"><em>Als Liebhaber von Musik und Kunst, liebe ich es Gitarre zu spielen und zu singen. An der Spiritualit\u00e4t und der Astrologie finde ich ebenfalls gro\u00dfen Gefallen. Ihre Reise werde ich mit meiner lustigen Art, lehrreich und unterhaltsam gestalten.&#8220;<\/em><\/span><\/p>\n<p>[\/vc_column_text][vc_column_text css=&#8220;.vc_custom_1650975793476{margin-bottom: 0px !important;}&#8220;]<\/p>\n<p style=\"text-align: left;\"><strong>Folge mir<\/strong><\/p>\n<p>[\/vc_column_text]<div class=\"porto-u-icons\"><a class=\"porto-icon fab fa-facebook-f \"  style=\"color:#d0a370;font-size:16px;margin-right:5px;\" href=\"#\"><\/a><a class=\"porto-icon fab fa-instagram \"  style=\"color:#d0a370;font-size:16px;margin-right:5px;\" href=\"#\"><\/a><\/div>[\/vc_column][\/vc_row][vc_row content_placement=&#8220;middle&#8220; css=&#8220;.vc_custom_1647081407466{margin-top: 50px !important;}&#8220;][vc_column width=&#8220;1\/3&#8243;][vc_single_image image=&#8220;319&#8243; img_size=&#8220;full&#8220; alignment=&#8220;center&#8220;][\/vc_column][vc_column width=&#8220;2\/3&#8243;][vc_column_text]<\/p>\n<p style=\"text-align: left;\"><span style=\"font-size: 20px;\"><strong><span style=\"color: #20476b;\"><em>&#8222;Hey! Ich bin Caio, der abenteuerlustige Stamm der Freunde<\/em><\/span><span style=\"color: #20476b;\"><em>. <\/em><\/span><\/strong><\/span><\/p>\n<p style=\"text-align: left;\"><span style=\"font-size: 17px; color: #20476b;\"><em>Ich bin ein Geograph. Geboren und aufgewachsen in Rio de Janeiro, aber mit starken Wurzeln an der Algarve. Umgeben von dem Meer und den Bergen, habe ich meine Leidenschaft f\u00fcr Outdoor Aktivit\u00e4ten entdeckt, wie zum Beispiel- Hawaii-Kanupaddeln, Klettern und Surfen. Die Erfahrung die ich dort gesammelt habe und die Dinge die ich erlebt habe, m\u00f6chte ich nun an andere Menschen weitergeben.<\/em><\/span><\/p>\n<p style=\"text-align: left;\"><span style=\"font-size: 17px; color: #20476b;\"><em><br \/>\nMomentan arbeite ich als Berg- und SUP-Guide, somit habe ich gen\u00fcgend Wissen und vor allem die F\u00e4higkeit, ihnen eine unterhaltsame und sichere Reise mit den BrothereRootz zu bieten.&#8220;<\/em><\/span><\/p>\n<p>[\/vc_column_text][vc_column_text css=&#8220;.vc_custom_1650975793476{margin-bottom: 0px !important;}&#8220;]<\/p>\n<p style=\"text-align: left;\"><strong>Folge mir<\/strong><\/p>\n<p>[\/vc_column_text]<div class=\"porto-u-icons\"><a class=\"porto-icon fab fa-facebook-f \"  style=\"color:#d0a370;font-size:16px;margin-right:5px;\" href=\"#\"><\/a><a class=\"porto-icon fab fa-instagram \"  style=\"color:#d0a370;font-size:16px;margin-right:5px;\" href=\"#\"><\/a><\/div>[\/vc_column][\/vc_row][vc_row content_placement=&#8220;middle&#8220; css=&#8220;.vc_custom_1647081407466{margin-top: 50px !important;}&#8220;][vc_column width=&#8220;1\/3&#8243;][vc_single_image image=&#8220;321&#8243; img_size=&#8220;full&#8220; alignment=&#8220;center&#8220;][\/vc_column][vc_column width=&#8220;2\/3&#8243;][vc_column_text]<\/p>\n<p style=\"text-align: left;\"><span style=\"font-size: 20px; color: #20476b;\"><em>&#8222;<strong>Hallo! Ich bin Francisco, der j\u00fcngste amphibian der Br\u00fcder<\/strong>. <\/em><\/span><\/p>\n<p style=\"text-align: left;\"><span style=\"font-size: 17px; color: #20476b;\"><em>Geboren an der Algarve und aufgewachsen am Strand von Vale de Centeanes, ist das Meer quasi mein zuhause. Seit meiner Kindheit bin ich geschwommen, bis zu meinem 18. Lebensjahr habe ich regelm\u00e4\u00dfig an Wettk\u00e4mpfen teilgenommen. Meine Teenagerjahre habe ich damit verbracht am Strand zu arbeiten und als Touristenf\u00fchrer durch unsere Gew\u00e4sser zu fahren.<\/em><\/span><\/p>\n<p style=\"text-align: left;\"><span style=\"font-size: 17px; color: #20476b;\"><em>Mittlerweile habe ich meinen Bachelor of Engineering gemacht und war danach auf Reise. Jetzt bin ich zur\u00fcck und bereit, das zu tun was mich gl\u00fccklich macht -mit anderen ein St\u00fcck meines Paradieses zu teilen.&#8220;<\/em><\/span><\/p>\n<p>[\/vc_column_text][vc_column_text css=&#8220;.vc_custom_1650975793476{margin-bottom: 0px !important;}&#8220;]<\/p>\n<p style=\"text-align: left;\"><strong>Folge mir<\/strong><\/p>\n<p>[\/vc_column_text]<div class=\"porto-u-icons\"><a class=\"porto-icon fab fa-facebook-f \"  style=\"color:#d0a370;font-size:16px;margin-right:5px;\" href=\"#\"><\/a><a class=\"porto-icon fab fa-instagram \"  style=\"color:#d0a370;font-size:16px;margin-right:5px;\" href=\"#\"><\/a><\/div>[\/vc_column][\/vc_row]<\/p>\n<\/div>","protected":false},"excerpt":{"rendered":"<p>[vc_row content_placement=&#8220;middle&#8220; css=&#8220;.vc_custom_1647081407466{margin-top: 50px !important;}&#8220;][vc_column][vc_custom_heading text=&#8220;Lernen Sie das Team kennen&#8220; font_container=&#8220;tag:h1|text_align:center&#8220; css_params=&#8220;&#8220;][\/vc_column][vc_column width=&#8220;1\/3&#8243;][vc_single_image image=&#8220;317&#8243; img_size=&#8220;full&#8220; alignment=&#8220;center&#8220;][\/vc_column][vc_column width=&#8220;2\/3&#8243;][vc_column_text] &#8222;Hallo, ich bin Egas, die k\u00fcnstlerische Wurzel der 3 Freunde. Ich bin am Strand von Carvoeiro geboren und aufgewachsen, seit meiner Kindheit, rudere ich auf diesen Meeren. W\u00e4hrend und auch vor meinem Studium, habe ich am Strand als [&hellip;]<\/p>\n","protected":false},"author":116,"featured_media":0,"parent":0,"menu_order":0,"comment_status":"closed","ping_status":"closed","template":"","meta":{"inline_featured_image":false,"footnotes":""},"class_list":["post-905","page","type-page","status-publish","hentry"],"_links":{"self":[{"href":"https:\/\/brotherootzsup.com\/de\/wp-json\/wp\/v2\/pages\/905","targetHints":{"allow":["GET"]}}],"collection":[{"href":"https:\/\/brotherootzsup.com\/de\/wp-json\/wp\/v2\/pages"}],"about":[{"href":"https:\/\/brotherootzsup.com\/de\/wp-json\/wp\/v2\/types\/page"}],"author":[{"embeddable":true,"href":"https:\/\/brotherootzsup.com\/de\/wp-json\/wp\/v2\/users\/116"}],"replies":[{"embeddable":true,"href":"https:\/\/brotherootzsup.com\/de\/wp-json\/wp\/v2\/comments?post=905"}],"version-history":[{"count":0,"href":"https:\/\/brotherootzsup.com\/de\/wp-json\/wp\/v2\/pages\/905\/revisions"}],"wp:attachment":[{"href":"https:\/\/brotherootzsup.com\/de\/wp-json\/wp\/v2\/media?parent=905"}],"curies":[{"name":"wp","href":"https:\/\/api.w.org\/{rel}","templated":true}]}}