{"id":4129,"date":"2025-07-04T14:55:48","date_gmt":"2025-07-04T13:55:48","guid":{"rendered":"https:\/\/brotherootzsup.com\/?page_id=4129"},"modified":"2026-01-14T02:36:26","modified_gmt":"2026-01-14T02:36:26","slug":"videos","status":"publish","type":"page","link":"https:\/\/brotherootzsup.com\/de\/videos\/","title":{"rendered":"Videos von Brotherootz Sup in der Algarve"},"content":{"rendered":"<div class=\"wpb-content-wrapper\"><p>[vc_row][vc_column][vc_custom_heading text=&#8220;Schauen Sie sich unsere Videos an und abonnieren Sie unseren YouTube-Kanal&#8220; font_container=&#8220;tag:h1|text_align:center&#8220; use_theme_fonts=&#8220;yes&#8220; css_params=&#8220;&#8220;][vc_column_text]\n\n<div id=\"sb_youtube_sbyUCyuHCN1ApAI43a24b3rIs6A9\" \n\t class=\"sb_youtube sby_layout_grid sby_col_3 sby_mob_col_1 sby_palette_inherit  sby_width_resp\" \n\tdata-feedid=\"sby_UCyuHCN1ApAI43a24b3rIs6A#9\" \n\tdata-shortcode-atts=\"{&quot;feed&quot;:&quot;1&quot;}\" \n\tdata-cols=\"3\" \n\tdata-colsmobile=\"1\" \n\tdata-num=\"9\" \n\tdata-nummobile=\"9\" \n\tdata-channel-subscribers=\"0 subscribers\"\tdata-subscribe-btn=\"1\" \n\tdata-subscribe-btn-text=\"Subscribe\" \n\tdata_channel_header_colors =\"{&quot;channelName&quot;:&quot;&quot;,&quot;subscribeCount&quot;:&quot;&quot;,&quot;buttonBackground&quot;:&quot;&quot;,&quot;buttonText&quot;:&quot;&quot;}\"\n\t data-sby-flags=\"resizeDisable,gdpr,locator\" data-postid=\"4129\" data-sby-supports-lightbox=\"1\" \n\t data-videocardlayout=\"vertical\" \n>\n\t<div class=\"sb_youtube_header \" >\n    <a href=\"https:\/\/www.youtube.com\/channel\/UCyuHCN1ApAI43a24b3rIs6A\/\" target=\"_blank\" rel=\"noopener\" title=\"@BROTHEROOTZ\" class=\"sby_header_link\" data-channel-description=\"visible\">\n        <div class=\"sby_header_text sby_has_bio sby_no_sub\"  data-header-subscriber=\"shown\">\n            <h3 >BROTHEROOTZ<\/h3>\n\t\t\t                <p class=\"sby_bio\"  >\ud83c\udf0a Brotherootz Sup \u2013 Conecta-te com as ra\u00edzes do Algarve<br>\nBem-vindo ao canal oficial da Brotherootz Sup!<br>\n<br>\nAqui partilhamos a nossa paix\u00e3o por aventuras sustent\u00e1veis no Algarve. Atrav\u00e9s de v\u00eddeos inspiradores, mostramos as experi\u00eancias \u00fanicas que oferecemos:<br>\n<br>\n- \ud83c\udfc4\u200d\u2642\ufe0f Passeios de stand-up paddle e caiaque pelas grutas e praias secretas da costa algarvia.<br>\n- \ud83e\udd7e Caminhadas pelos trilhos dos Sete Vales Suspensos, explorando a beleza natural da regi\u00e3o.<br>\n- \ud83c\udf31 Momentos de conex\u00e3o com a natureza, promovendo o respeito pelo meio ambiente e pelas tradi\u00e7\u00f5es locais.<br>\n<br>\nAcreditamos em experi\u00eancias aut\u00eanticas, grupos pequenos e uma abordagem ecol\u00f3gica ao turismo. <br>\n<br>\n\u2728 Junta-te a n\u00f3s nesta jornada e descobre o verdadeiro esp\u00edrito do Algarve.<br>\n\ud83c\udf10 Para mais informa\u00e7\u00f5es e reservas, visita o nosso site: brotherootzsup.com<br>\n<\/p>\n\t\t\t        <\/div>\n        <div class=\"sby_header_img\" data-avatar-url=\"https:\/\/yt3.ggpht.com\/18YD4bTMdrAgp3LU79gDdamc9dpP8pLNaWdO3YARF9FiONOxexcrhN01-ptRLe3cmIKdB7HTjXc=s88-c-k-c0x00ffffff-no-rj\">\n            <div class=\"sby_header_img_hover\"><svg aria-hidden=\"true\" focusable=\"false\" data-prefix=\"fab\" data-icon=\"youtube\" role=\"img\" xmlns=\"http:\/\/www.w3.org\/2000\/svg\" viewBox=\"0 0 576 512\" class=\"sby_new_logo svg-inline--fa fa-youtube fa-w-18\"><path fill=\"currentColor\" d=\"M549.655 124.083c-6.281-23.65-24.787-42.276-48.284-48.597C458.781 64 288 64 288 64S117.22 64 74.629 75.486c-23.497 6.322-42.003 24.947-48.284 48.597-11.412 42.867-11.412 132.305-11.412 132.305s0 89.438 11.412 132.305c6.281 23.65 24.787 41.5 48.284 47.821C117.22 448 288 448 288 448s170.78 0 213.371-11.486c23.497-6.321 42.003-24.171 48.284-47.821 11.412-42.867 11.412-132.305 11.412-132.305s0-89.438-11.412-132.305zm-317.51 213.508V175.185l142.739 81.205-142.739 81.201z\" class=\"\"><\/path><\/svg><\/div>\n            <img loading=\"lazy\" decoding=\"async\" src=\"https:\/\/yt3.ggpht.com\/18YD4bTMdrAgp3LU79gDdamc9dpP8pLNaWdO3YARF9FiONOxexcrhN01-ptRLe3cmIKdB7HTjXc=s88-c-k-c0x00ffffff-no-rj\" alt=\"BROTHEROOTZ\" width=\"50\" height=\"50\">\n        <\/div>\n    <\/a>\n<\/div>        <div class=\"sby_items_wrap\" style=\"padding: 5px;\">\n\t\t<div class=\"sby_item  sby_new sby_transition\" id=\"sby_VVV5dUhDTjFBcEFJNDNhMjRiM3JJczZBLkRsa2JQcjJ0eDFr\" data-date=\"1751384120\" data-video-id=\"DlkbPr2tx1k\">\n    <div class=\"sby_inner_item\">\n        <div class=\"sby_video_thumbnail_wrap sby_item_video_thumbnail_wrap\">\n            <a class=\"sby_video_thumbnail sby_item_video_thumbnail\" href=\"https:\/\/www.youtube.com\/watch?v=DlkbPr2tx1k\" target=\"_blank\" rel=\"noopener\" data-full-res=\"https:\/\/i.ytimg.com\/vi\/DlkbPr2tx1k\/maxresdefault.jpg\" data-img-src-set=\"{&quot;120&quot;:&quot;https:\\\/\\\/i.ytimg.com\\\/vi\\\/DlkbPr2tx1k\\\/default.jpg&quot;,&quot;320&quot;:&quot;https:\\\/\\\/i.ytimg.com\\\/vi\\\/DlkbPr2tx1k\\\/mqdefault.jpg&quot;,&quot;480&quot;:&quot;https:\\\/\\\/i.ytimg.com\\\/vi\\\/DlkbPr2tx1k\\\/hqdefault.jpg&quot;,&quot;640&quot;:&quot;https:\\\/\\\/i.ytimg.com\\\/vi\\\/DlkbPr2tx1k\\\/sddefault.jpg&quot;}\" data-video-id=\"DlkbPr2tx1k\" data-video-title=\"\ud83c\udf0cGruta Secreta no Algarve (21s de Magia)\">\n                <img decoding=\"async\" src=\"https:\/\/brotherootzsup.com\/wp-content\/plugins\/feeds-for-youtube\/img\/placeholder.png\" alt=\"Um ref\u00fagio natural, silencioso, e sagrado. Este \u00e9 o tipo de lugar que a Brotherootz partilha contigo em cada aventura.\n\ud83c\udf9f\ufe0f Explora com inten\u00e7\u00e3o \u2192 brotherootzsup.com\">\n\n                <div class=\"sby_thumbnail_hover sby_item_video_thumbnail_hover\">\n                    <div class=\"sby_thumbnail_hover_inner\">\n                                                    <span class=\"sby_video_title\" >\ud83c\udf0cGruta Secreta no Algarve (21s de Magia)<\/span>\n                                            <\/div>\n                <\/div>\n\n                                    <div class=\"sby_play_btn\" >\n                        <span class=\"sby_play_btn_bg\"><\/span>\n                        <svg aria-hidden=\"true\" focusable=\"false\" data-prefix=\"fab\" data-icon=\"youtube\" role=\"img\" xmlns=\"http:\/\/www.w3.org\/2000\/svg\" viewBox=\"0 0 576 512\" class=\"svg-inline--fa fa-youtube fa-w-18\"><path fill=\"currentColor\" d=\"M549.655 124.083c-6.281-23.65-24.787-42.276-48.284-48.597C458.781 64 288 64 288 64S117.22 64 74.629 75.486c-23.497 6.322-42.003 24.947-48.284 48.597-11.412 42.867-11.412 132.305-11.412 132.305s0 89.438 11.412 132.305c6.281 23.65 24.787 41.5 48.284 47.821C117.22 448 288 448 288 448s170.78 0 213.371-11.486c23.497-6.321 42.003-24.171 48.284-47.821 11.412-42.867 11.412-132.305 11.412-132.305s0-89.438-11.412-132.305zm-317.51 213.508V175.185l142.739 81.205-142.739 81.201z\" class=\"\"><\/path><\/svg>                    <\/div>\n                                <span class=\"sby_loader sby_hidden\" style=\"background-color: rgb(255, 255, 255);\"><\/span>\n            <\/a>\n\n                    <\/div>\n    <\/div>\n<\/div><div class=\"sby_item  sby_new sby_transition\" id=\"sby_VVV5dUhDTjFBcEFJNDNhMjRiM3JJczZBLnd6a05obkhGd2sw\" data-date=\"1751384113\" data-video-id=\"wzkNhnHFwk0\">\n    <div class=\"sby_inner_item\">\n        <div class=\"sby_video_thumbnail_wrap sby_item_video_thumbnail_wrap\">\n            <a class=\"sby_video_thumbnail sby_item_video_thumbnail\" href=\"https:\/\/www.youtube.com\/watch?v=wzkNhnHFwk0\" target=\"_blank\" rel=\"noopener\" data-full-res=\"https:\/\/i.ytimg.com\/vi\/wzkNhnHFwk0\/maxresdefault.jpg\" data-img-src-set=\"{&quot;120&quot;:&quot;https:\\\/\\\/i.ytimg.com\\\/vi\\\/wzkNhnHFwk0\\\/default.jpg&quot;,&quot;320&quot;:&quot;https:\\\/\\\/i.ytimg.com\\\/vi\\\/wzkNhnHFwk0\\\/mqdefault.jpg&quot;,&quot;480&quot;:&quot;https:\\\/\\\/i.ytimg.com\\\/vi\\\/wzkNhnHFwk0\\\/hqdefault.jpg&quot;,&quot;640&quot;:&quot;https:\\\/\\\/i.ytimg.com\\\/vi\\\/wzkNhnHFwk0\\\/sddefault.jpg&quot;}\" data-video-id=\"wzkNhnHFwk0\" data-video-title=\"Brotherootz \u2013 Experi\u00eancia Completa (94s)\">\n                <img decoding=\"async\" src=\"https:\/\/brotherootzsup.com\/wp-content\/plugins\/feeds-for-youtube\/img\/placeholder.png\" alt=\"Este \u00e9 o resumo do que somos: natureza, conex\u00e3o, movimento e alma.\nSe queres viver o Algarve de forma verdadeira, vem com a Brotherootz.\n\ud83d\udcf2 Marca a tua experi\u00eancia: brotherootzsup.com\">\n\n                <div class=\"sby_thumbnail_hover sby_item_video_thumbnail_hover\">\n                    <div class=\"sby_thumbnail_hover_inner\">\n                                                    <span class=\"sby_video_title\" >Brotherootz \u2013 Experi\u00eancia Completa (94s)<\/span>\n                                            <\/div>\n                <\/div>\n\n                                    <div class=\"sby_play_btn\" >\n                        <span class=\"sby_play_btn_bg\"><\/span>\n                        <svg aria-hidden=\"true\" focusable=\"false\" data-prefix=\"fab\" data-icon=\"youtube\" role=\"img\" xmlns=\"http:\/\/www.w3.org\/2000\/svg\" viewBox=\"0 0 576 512\" class=\"svg-inline--fa fa-youtube fa-w-18\"><path fill=\"currentColor\" d=\"M549.655 124.083c-6.281-23.65-24.787-42.276-48.284-48.597C458.781 64 288 64 288 64S117.22 64 74.629 75.486c-23.497 6.322-42.003 24.947-48.284 48.597-11.412 42.867-11.412 132.305-11.412 132.305s0 89.438 11.412 132.305c6.281 23.65 24.787 41.5 48.284 47.821C117.22 448 288 448 288 448s170.78 0 213.371-11.486c23.497-6.321 42.003-24.171 48.284-47.821 11.412-42.867 11.412-132.305 11.412-132.305s0-89.438-11.412-132.305zm-317.51 213.508V175.185l142.739 81.205-142.739 81.201z\" class=\"\"><\/path><\/svg>                    <\/div>\n                                <span class=\"sby_loader sby_hidden\" style=\"background-color: rgb(255, 255, 255);\"><\/span>\n            <\/a>\n\n                    <\/div>\n    <\/div>\n<\/div><div class=\"sby_item  sby_new sby_transition\" id=\"sby_VVV5dUhDTjFBcEFJNDNhMjRiM3JJczZBLjJlRHc5al8wMWxZ\" data-date=\"1751379110\" data-video-id=\"2eDw9j_01lY\">\n    <div class=\"sby_inner_item\">\n        <div class=\"sby_video_thumbnail_wrap sby_item_video_thumbnail_wrap\">\n            <a class=\"sby_video_thumbnail sby_item_video_thumbnail\" href=\"https:\/\/www.youtube.com\/watch?v=2eDw9j_01lY\" target=\"_blank\" rel=\"noopener\" data-full-res=\"https:\/\/i.ytimg.com\/vi\/2eDw9j_01lY\/hqdefault.jpg\" data-img-src-set=\"{&quot;120&quot;:&quot;https:\\\/\\\/i.ytimg.com\\\/vi\\\/2eDw9j_01lY\\\/default.jpg&quot;,&quot;320&quot;:&quot;https:\\\/\\\/i.ytimg.com\\\/vi\\\/2eDw9j_01lY\\\/mqdefault.jpg&quot;,&quot;480&quot;:&quot;https:\\\/\\\/i.ytimg.com\\\/vi\\\/2eDw9j_01lY\\\/hqdefault.jpg&quot;,&quot;640&quot;:&quot;https:\\\/\\\/i.ytimg.com\\\/vi\\\/2eDw9j_01lY\\\/sddefault.jpg&quot;}\" data-video-id=\"2eDw9j_01lY\" data-video-title=\"Harmonia e Passeio na Natureza no Algarve\">\n                <img decoding=\"async\" src=\"https:\/\/brotherootzsup.com\/wp-content\/plugins\/feeds-for-youtube\/img\/placeholder.png\" alt=\"Mais que um passeio: \u00e9 uma comunh\u00e3o com a natureza.\nDescobre como o stand-up paddle pode ser uma forma de medita\u00e7\u00e3o em movimento.\n\ud83c\udf0a Junta-te a n\u00f3s: brotherootzsup.com\">\n\n                <div class=\"sby_thumbnail_hover sby_item_video_thumbnail_hover\">\n                    <div class=\"sby_thumbnail_hover_inner\">\n                                                    <span class=\"sby_video_title\" >Harmonia e Passeio na Natureza no Algarve<\/span>\n                                            <\/div>\n                <\/div>\n\n                                    <div class=\"sby_play_btn\" >\n                        <span class=\"sby_play_btn_bg\"><\/span>\n                        <svg aria-hidden=\"true\" focusable=\"false\" data-prefix=\"fab\" data-icon=\"youtube\" role=\"img\" xmlns=\"http:\/\/www.w3.org\/2000\/svg\" viewBox=\"0 0 576 512\" class=\"svg-inline--fa fa-youtube fa-w-18\"><path fill=\"currentColor\" d=\"M549.655 124.083c-6.281-23.65-24.787-42.276-48.284-48.597C458.781 64 288 64 288 64S117.22 64 74.629 75.486c-23.497 6.322-42.003 24.947-48.284 48.597-11.412 42.867-11.412 132.305-11.412 132.305s0 89.438 11.412 132.305c6.281 23.65 24.787 41.5 48.284 47.821C117.22 448 288 448 288 448s170.78 0 213.371-11.486c23.497-6.321 42.003-24.171 48.284-47.821 11.412-42.867 11.412-132.305 11.412-132.305s0-89.438-11.412-132.305zm-317.51 213.508V175.185l142.739 81.205-142.739 81.201z\" class=\"\"><\/path><\/svg>                    <\/div>\n                                <span class=\"sby_loader sby_hidden\" style=\"background-color: rgb(255, 255, 255);\"><\/span>\n            <\/a>\n\n                    <\/div>\n    <\/div>\n<\/div><div class=\"sby_item  sby_new sby_transition\" id=\"sby_VVV5dUhDTjFBcEFJNDNhMjRiM3JJczZBLkxhckEzZkx5aTQ0\" data-date=\"1751379004\" data-video-id=\"LarA3fLyi44\">\n    <div class=\"sby_inner_item\">\n        <div class=\"sby_video_thumbnail_wrap sby_item_video_thumbnail_wrap\">\n            <a class=\"sby_video_thumbnail sby_item_video_thumbnail\" href=\"https:\/\/www.youtube.com\/watch?v=LarA3fLyi44\" target=\"_blank\" rel=\"noopener\" data-full-res=\"https:\/\/i.ytimg.com\/vi\/LarA3fLyi44\/maxresdefault.jpg\" data-img-src-set=\"{&quot;120&quot;:&quot;https:\\\/\\\/i.ytimg.com\\\/vi\\\/LarA3fLyi44\\\/default.jpg&quot;,&quot;320&quot;:&quot;https:\\\/\\\/i.ytimg.com\\\/vi\\\/LarA3fLyi44\\\/mqdefault.jpg&quot;,&quot;480&quot;:&quot;https:\\\/\\\/i.ytimg.com\\\/vi\\\/LarA3fLyi44\\\/hqdefault.jpg&quot;,&quot;640&quot;:&quot;https:\\\/\\\/i.ytimg.com\\\/vi\\\/LarA3fLyi44\\\/sddefault.jpg&quot;}\" data-video-id=\"LarA3fLyi44\" data-video-title=\"\u27a1\ufe0f Explore as Grutas Secretas do Algarve | Brotherootz SUP Magic \ud83c\udf0a\u2728\">\n                <img decoding=\"async\" src=\"https:\/\/brotherootzsup.com\/wp-content\/plugins\/feeds-for-youtube\/img\/placeholder.png\" alt=\"Descobre as maravilhas escondidas da costa do Algarve com a Brotherootz SUP! Um passeio pelas grutas e \u00e1guas cristalinas de cortar a respira\u00e7\u00e3o.\n\u2693 Vem viver esta experi\u00eancia: brotherootzsup.com\">\n\n                <div class=\"sby_thumbnail_hover sby_item_video_thumbnail_hover\">\n                    <div class=\"sby_thumbnail_hover_inner\">\n                                                    <span class=\"sby_video_title\" >\u27a1\ufe0f Explore as Grutas Secretas do Algarve | Brotherootz SUP Magic \ud83c\udf0a\u2728<\/span>\n                                            <\/div>\n                <\/div>\n\n                                    <div class=\"sby_play_btn\" >\n                        <span class=\"sby_play_btn_bg\"><\/span>\n                        <svg aria-hidden=\"true\" focusable=\"false\" data-prefix=\"fab\" data-icon=\"youtube\" role=\"img\" xmlns=\"http:\/\/www.w3.org\/2000\/svg\" viewBox=\"0 0 576 512\" class=\"svg-inline--fa fa-youtube fa-w-18\"><path fill=\"currentColor\" d=\"M549.655 124.083c-6.281-23.65-24.787-42.276-48.284-48.597C458.781 64 288 64 288 64S117.22 64 74.629 75.486c-23.497 6.322-42.003 24.947-48.284 48.597-11.412 42.867-11.412 132.305-11.412 132.305s0 89.438 11.412 132.305c6.281 23.65 24.787 41.5 48.284 47.821C117.22 448 288 448 288 448s170.78 0 213.371-11.486c23.497-6.321 42.003-24.171 48.284-47.821 11.412-42.867 11.412-132.305 11.412-132.305s0-89.438-11.412-132.305zm-317.51 213.508V175.185l142.739 81.205-142.739 81.201z\" class=\"\"><\/path><\/svg>                    <\/div>\n                                <span class=\"sby_loader sby_hidden\" style=\"background-color: rgb(255, 255, 255);\"><\/span>\n            <\/a>\n\n                    <\/div>\n    <\/div>\n<\/div><div class=\"sby_item  sby_new sby_transition\" id=\"sby_VVV5dUhDTjFBcEFJNDNhMjRiM3JJczZBLmppWXd5XzFWeFJn\" data-date=\"1716857599\" data-video-id=\"jiYwy_1VxRg\">\n    <div class=\"sby_inner_item\">\n        <div class=\"sby_video_thumbnail_wrap sby_item_video_thumbnail_wrap\">\n            <a class=\"sby_video_thumbnail sby_item_video_thumbnail\" href=\"https:\/\/www.youtube.com\/watch?v=jiYwy_1VxRg\" target=\"_blank\" rel=\"noopener\" data-full-res=\"https:\/\/i.ytimg.com\/vi\/jiYwy_1VxRg\/maxresdefault.jpg\" data-img-src-set=\"{&quot;120&quot;:&quot;https:\\\/\\\/i.ytimg.com\\\/vi\\\/jiYwy_1VxRg\\\/default.jpg&quot;,&quot;320&quot;:&quot;https:\\\/\\\/i.ytimg.com\\\/vi\\\/jiYwy_1VxRg\\\/mqdefault.jpg&quot;,&quot;480&quot;:&quot;https:\\\/\\\/i.ytimg.com\\\/vi\\\/jiYwy_1VxRg\\\/hqdefault.jpg&quot;,&quot;640&quot;:&quot;https:\\\/\\\/i.ytimg.com\\\/vi\\\/jiYwy_1VxRg\\\/sddefault.jpg&quot;}\" data-video-id=\"jiYwy_1VxRg\" data-video-title=\"Eco-friendly Kayak tour to Benagil cave and its surroundings in Algarve - Portugal - Brotherootz\">\n                <img decoding=\"async\" src=\"https:\/\/brotherootzsup.com\/wp-content\/plugins\/feeds-for-youtube\/img\/placeholder.png\" alt=\"Make the best of your stay in Algarve by having an eco-friendly kayak tour with us! Start this adventure at the magical Carvalho\u2019s beach, from where we will guide you for 2 hours along the breathtaking coastline of Benagil. Our guides, a team of young but experienced locals, will make your day entertaining and smooth even if it\u2019s your first time on a kayak.\n\n#algarve #algarveportugal #algarvetourism #benagil #kayaktour #caiaque\">\n\n                <div class=\"sby_thumbnail_hover sby_item_video_thumbnail_hover\">\n                    <div class=\"sby_thumbnail_hover_inner\">\n                                                    <span class=\"sby_video_title\" >Eco-friendly Kayak tour to Benagil cave and its surroundings in Algarve - Portugal - Brotherootz<\/span>\n                                            <\/div>\n                <\/div>\n\n                                    <div class=\"sby_play_btn\" >\n                        <span class=\"sby_play_btn_bg\"><\/span>\n                        <svg aria-hidden=\"true\" focusable=\"false\" data-prefix=\"fab\" data-icon=\"youtube\" role=\"img\" xmlns=\"http:\/\/www.w3.org\/2000\/svg\" viewBox=\"0 0 576 512\" class=\"svg-inline--fa fa-youtube fa-w-18\"><path fill=\"currentColor\" d=\"M549.655 124.083c-6.281-23.65-24.787-42.276-48.284-48.597C458.781 64 288 64 288 64S117.22 64 74.629 75.486c-23.497 6.322-42.003 24.947-48.284 48.597-11.412 42.867-11.412 132.305-11.412 132.305s0 89.438 11.412 132.305c6.281 23.65 24.787 41.5 48.284 47.821C117.22 448 288 448 288 448s170.78 0 213.371-11.486c23.497-6.321 42.003-24.171 48.284-47.821 11.412-42.867 11.412-132.305 11.412-132.305s0-89.438-11.412-132.305zm-317.51 213.508V175.185l142.739 81.205-142.739 81.201z\" class=\"\"><\/path><\/svg>                    <\/div>\n                                <span class=\"sby_loader sby_hidden\" style=\"background-color: rgb(255, 255, 255);\"><\/span>\n            <\/a>\n\n                    <\/div>\n    <\/div>\n<\/div>    <\/div>\n    \n\t<div class=\"sby_footer\">\n\n\n    <span \n        class=\"sby_follow_btn\" \n            >\n        <a href=\"https:\/\/www.youtube.com\/channel\/UCyuHCN1ApAI43a24b3rIs6A\/\" target=\"_blank\" rel=\"noopener\">\n            <svg aria-hidden=\"true\" focusable=\"false\" data-prefix=\"fab\" data-icon=\"youtube\" role=\"img\" xmlns=\"http:\/\/www.w3.org\/2000\/svg\" viewBox=\"0 0 576 512\" class=\"svg-inline--fa fa-youtube fa-w-18\"><path fill=\"currentColor\" d=\"M549.655 124.083c-6.281-23.65-24.787-42.276-48.284-48.597C458.781 64 288 64 288 64S117.22 64 74.629 75.486c-23.497 6.322-42.003 24.947-48.284 48.597-11.412 42.867-11.412 132.305-11.412 132.305s0 89.438 11.412 132.305c6.281 23.65 24.787 41.5 48.284 47.821C117.22 448 288 448 288 448s170.78 0 213.371-11.486c23.497-6.321 42.003-24.171 48.284-47.821 11.412-42.867 11.412-132.305 11.412-132.305s0-89.438-11.412-132.305zm-317.51 213.508V175.185l142.739 81.205-142.739 81.201z\" class=\"\"><\/path><\/svg>            <span  >\n                Subscribe            <\/span>\n        <\/a>\n    <\/span>\n<\/div>\n    \n\t\n<\/div>\n\n<style type=\"text\/css\">body #sb_youtube_sbyUCyuHCN1ApAI43a24b3rIs6A9 .sby_caption_wrap .sby_caption { font-size: 13px !important}body #sb_youtube_sbyUCyuHCN1ApAI43a24b3rIs6A9 .sby_follow_btn a:hover { box-shadow:inset 0 0 10px 20px rgb(255, 255, 255, .25) !important}body #sb_youtube_sbyUCyuHCN1ApAI43a24b3rIs6A9[data-videostyle=boxed] .sby_items_wrap .sby_item .sby_inner_item { background-color: #ffffff !important}<\/style>[\/vc_column_text][\/vc_column][\/vc_row]<\/p>\n<\/div>","protected":false},"excerpt":{"rendered":"<p>[vc_row][vc_column][vc_custom_heading text=&#8220;Schauen Sie sich unsere Videos an und abonnieren Sie unseren YouTube-Kanal&#8220; font_container=&#8220;tag:h1|text_align:center&#8220; use_theme_fonts=&#8220;yes&#8220; css_params=&#8220;&#8220;][vc_column_text][\/vc_column_text][\/vc_column][\/vc_row]<\/p>\n","protected":false},"author":116,"featured_media":4124,"parent":0,"menu_order":0,"comment_status":"closed","ping_status":"closed","template":"","meta":{"inline_featured_image":false,"footnotes":""},"class_list":["post-4129","page","type-page","status-publish","has-post-thumbnail","hentry"],"_links":{"self":[{"href":"https:\/\/brotherootzsup.com\/de\/wp-json\/wp\/v2\/pages\/4129","targetHints":{"allow":["GET"]}}],"collection":[{"href":"https:\/\/brotherootzsup.com\/de\/wp-json\/wp\/v2\/pages"}],"about":[{"href":"https:\/\/brotherootzsup.com\/de\/wp-json\/wp\/v2\/types\/page"}],"author":[{"embeddable":true,"href":"https:\/\/brotherootzsup.com\/de\/wp-json\/wp\/v2\/users\/116"}],"replies":[{"embeddable":true,"href":"https:\/\/brotherootzsup.com\/de\/wp-json\/wp\/v2\/comments?post=4129"}],"version-history":[{"count":0,"href":"https:\/\/brotherootzsup.com\/de\/wp-json\/wp\/v2\/pages\/4129\/revisions"}],"wp:featuredmedia":[{"embeddable":true,"href":"https:\/\/brotherootzsup.com\/de\/wp-json\/wp\/v2\/media\/4124"}],"wp:attachment":[{"href":"https:\/\/brotherootzsup.com\/de\/wp-json\/wp\/v2\/media?parent=4129"}],"curies":[{"name":"wp","href":"https:\/\/api.w.org\/{rel}","templated":true}]}}