{"id":364,"date":"2022-02-28T16:37:27","date_gmt":"2022-02-28T16:37:27","guid":{"rendered":"https:\/\/brotherootzsup.com\/privacy-and-cookies-policy\/"},"modified":"2023-06-14T11:56:25","modified_gmt":"2023-06-14T11:56:25","slug":"datenschutz-und-cookies","status":"publish","type":"page","link":"https:\/\/brotherootzsup.com\/de\/datenschutz-und-cookies\/","title":{"rendered":"Datenschutz und Cookies"},"content":{"rendered":"\r\n<h1 class=\"wp-block-heading\">\u00a0<\/h1>\r\n<h1>Pol\u00edtica de Privacidade<\/h1>\r\n<p>O site brotherootzsup.com \u00e9 propriedade de Albatross Dimension Lda, com sede em Quinta das Parreiras, Alfanzina Carvoeiro, 8400-550, sendo esta a entidade respons\u00e1vel pelo tratamento de dados pessoais que sejam fornecidos diretamente pelo utilizador ou recolhidos durante o acesso e navega\u00e7\u00e3o do utilizador neste website.<br \/>A presente Pol\u00edtica de Privacidade visa esclarecer os utilizadores relativamente aos dados que recolhemos e motivo dessa recolha, assim como medidas que os titulares destes dados podem adotar de modo a retificar ou eliminar a informa\u00e7\u00e3o sobre os dados recolhidos.<\/p>\r\n<p><strong><span style=\"font-size: 18px;\">UTILIZA\u00c7\u00c3O DOS DADOS PESSOAIS<\/span><\/strong><\/p>\r\n<p>O site Brotherootzsup.com recolhe dados dos utilizadores que nele navegam quando estes acedem ao referido site, enviam uma mensagem atrav\u00e9s do formul\u00e1rio de contacto presente no site ou efectuam a compra de um servi\u00e7o.<br \/>O site Brotherootzsup recolhe ainda informa\u00e7\u00e3o atrav\u00e9s da utiliza\u00e7\u00e3o de Cookies.<br \/>O site Brotherootzsup garante que os seus dados pessoais n\u00e3o ser\u00e3o reutilizados para outras finalidades que n\u00e3o sejam aquelas para os quais foram recolhidos.<br \/>Os dados pessoais recolhidos ser\u00e3o conservados apenas durante o per\u00edodo necess\u00e1rio \u00e0 execu\u00e7\u00e3o da finalidade a que se destina, findo o qual os mesmos ser\u00e3o definitivamente eliminados.<br \/>O Brotherootzsup assume que o utilizador, ao navegar no site, autoriza a recolha destes dados.<\/p>\r\n<p><strong><span style=\"font-size: 18px;\">DADOS PESSOAIS RECOLHIDOS<\/span><\/strong><br \/>O site Brotherootzsup recolhe informa\u00e7\u00f5es t\u00e9cnicas do dispositivo do utilizador sempre que este visita o site. As informa\u00e7\u00f5es s\u00e3o obtidas atrav\u00e9s do browser da Internet e dizem respeito ao endere\u00e7o IP, sistema operativo e motor de busca utilizado, resolu\u00e7\u00e3o do ecr\u00e3 e sites de refer\u00eancia.<br \/>O site Brotherootzsup pode ainda recolher dados referentes \u00e0 localiza\u00e7\u00e3o dos Utilizadores \u2013 sinal GPS do dispositivo m\u00f3vel, com o respetivo consentimento.<br \/>Os dados pessoais do Utilizador podem ainda ser recolhidos atrav\u00e9s do formul\u00e1rio de contacto do site.<br \/>O Brotherootzsup n\u00e3o vende, nem aluga ou partilha os seus dados pessoais com terceiros.<br \/>Os servi\u00e7os do site n\u00e3o s\u00e3o dirigidos a menores, n\u00e3o sendo tratados dados pessoais de menores de forma intencional.<\/p>\r\n<h1><br \/>Pol\u00edtica de Cookies<\/h1>\r\n<p>O Brotherootzsup recolhe automaticamente informa\u00e7\u00f5es do computador de quem visita o site por via da utiliza\u00e7\u00e3o de Cookies.<br \/>Cookies s\u00e3o pequenos peda\u00e7os de informa\u00e7\u00f5es que podem ajudar a identificar o seu browser e que podem armazenar informa\u00e7\u00f5es, por exemplo, configura\u00e7\u00f5es e prefer\u00eancias do Utilizador.<br \/>O Brotherootzsup poder\u00e1 armazenar cookies no seu dispositivo para personalizar e facilitar ao m\u00e1ximo a navega\u00e7\u00e3o, bem como para efeitos estat\u00edsticos, n\u00e3o fornecendo esses mesmos Cookies, refer\u00eancias ou dados pessoais do Utilizador.<br \/>O site Brotherootzsup utiliza tr\u00eas tipos de cookies:<\/p>\r\n<ul>\r\n<li>Cookies simples: Estes cookies s\u00e3o necess\u00e1rias para o site funcionar eficientemente, registam o percurso do utilizador durante a sua visita sem o identificar e s\u00e3o automaticamente eliminados quando sair do site.<\/li>\r\n<li>Cookies persistentes: Estes Cookies n\u00e3o s\u00e3o essenciais para o funcionamento do site mas permitem identificar os utilizadores sempre que estes acedem \u00e0s p\u00e1ginas, otimizando a sua experi\u00eancia de navega\u00e7\u00e3o. Os cookies persistentes mant\u00eam-se no computador at\u00e9 serem eliminados pelo utilizador.<\/li>\r\n<li>Cookies anal\u00edticos: Estes Cookies s\u00e3o usados para analisar a forma como os utilizadores usam o site e monitorar a performance deste. Estes cookies s\u00e3o utilizados apenas para efeitos de cria\u00e7\u00e3o e an\u00e1lise estat\u00edstica, sem nunca recolher informa\u00e7\u00e3o de car\u00e1ter pessoal. O browser do seu dispositivo permite-lhe restringir a utiliza\u00e7\u00e3o de Cookies simples, Cookies persistentes ou qualquer outro tipo de Cookie. Se optar por n\u00e3o permitir a utiliza\u00e7\u00e3o de Cookies simples, poder\u00e1 n\u00e3o conseguir utilizar o nosso site ou certas funcionalidades.<br \/>Al\u00e9m dos cookies, podemos ainda utilizar etiquetas de pix\u00e9is (pixel tags) que nos permitem seguir os passos dos utilizadores do nosso site. Estes marcadores n\u00e3o recolhem informa\u00e7\u00f5es pessoais e s\u00e3o utilizados para recolher dados para fins estat\u00edsticos.<\/li>\r\n<\/ul>\r\n<p><br \/>O browser do seu dispositivo permite-lhe restringir a utiliza\u00e7\u00e3o de Cookies simples, Cookies persistentes ou qualquer outro tipo de Cookie. Se optar por n\u00e3o permitir a utiliza\u00e7\u00e3o de Cookies simples, poder\u00e1 n\u00e3o conseguir utilizar o nosso site ou certas funcionalidades.<br \/>Al\u00e9m dos cookies, podemos ainda utilizar etiquetas de pix\u00e9is (pixel tags) que nos permitem seguir os passos dos utilizadores do nosso site.<br \/>Estes marcadores n\u00e3o recolhem informa\u00e7\u00f5es pessoais e s\u00e3o utilizados para recolher dados para fins estat\u00edsticos.<\/p>\r\n<p><span style=\"font-size: 18px;\"><strong>UTILIZA\u00c7\u00c3O DOS DADOS RECOLHIDOS<\/strong><\/span><\/p>\r\n<ul>\r\n<li>Otimizar a visita do utilizador;<\/li>\r\n<li>Responder a pedidos dos utilizadores, designadamente mensagens enviadas atrav\u00e9s do formul\u00e1rio de contacto ou subscri\u00e7\u00e3o de newsletters;<\/li>\r\n<li>Fins estat\u00edsticos dos dados de navega\u00e7\u00e3o;<\/li>\r\n<li>Melhorar a experi\u00eancia de navega\u00e7\u00e3o do utilizador por via das informa\u00e7\u00f5es recolhidas atrav\u00e9s de Cookies e outras tecnologias como etiquetas de pix\u00e9is (pixel tags).<\/li>\r\n<\/ul>\r\n<p><span style=\"font-size: 18px;\"><strong>DIREITOS DOS TITULARES DOS DADOS<\/strong><\/span><br \/>O utilizador tem o direito de aceder, atualizar, retificar, eliminar, limitar e opor-se ao tratamento dos seus dados, bem como o direito de solicitar a sua portabilidade, atrav\u00e9s de pedido escrito enviado para o email: <a href=\"mailto:info@brotherootzsup.com\">info@brotherootzsup.com<\/a><br \/>Tem tamb\u00e9m o direito de apresentar reclama\u00e7\u00e3o relativamente ao tratamento dos seus dados, junto da CNPD \u2013 Comiss\u00e3o Nacional de Prote\u00e7\u00e3o de Dados.<\/p>\r\n<p><span style=\"font-size: 18px;\"><strong>PRAZO DE CONSERVA\u00c7\u00c3O DOS DADOS<\/strong><\/span><br \/>Os seus dados pessoais ser\u00e3o conservados apenas pelo tempo necess\u00e1rio \u00e0s finalidades a que se destinam, conforme elencado nesta Pol\u00edtica de Privacidade.<br \/>Todos os dados que nos forem fornecidos ou que por n\u00f3s sejam recolhidos nos termos da presente Pol\u00edtica de Privacidade ser\u00e3o apagados ap\u00f3s um ano da sua recolha.<\/p>\r\n<p><span style=\"font-size: 18px;\"><strong>QUANDO SER\u00c3O COMUNICADOS DADOS PESSOAIS A TERCEIROS<\/strong><\/span><br \/>A Brotherootzsup poder\u00e1 recorrer a outras entidades para a presta\u00e7\u00e3o de determinados servi\u00e7os, a n\u00edvel de manuten\u00e7\u00e3o, apoio t\u00e9cnico, marketing, podendo estes ter acesso a alguns dos dados pessoais necess\u00e1rios \u00e0 presta\u00e7\u00e3o do servi\u00e7o contratado.<\/p>\r\n<p>A Brotherootzsup poder\u00e1 ainda transmitir dados a terceiros no \u00e2mbito de investiga\u00e7\u00f5es, inqu\u00e9ritos e processos judiciais e\/ou administrativos ou de natureza semelhante, desde que para tal seja devidamente ordenada por ordem judicial nesse sentido.<\/p>\r\n<p><span style=\"font-size: 18px;\"><strong>ALTERA\u00c7\u00d5ES \u00c0 POL\u00cdTICA DE PRIVACIDADE<\/strong><\/span><br \/>A Brotherootzsup reserva-se no direito de alterar a sua Pol\u00edtica de Privacidade pelo que aconselhamos a leitura regular da mesma.<\/p>\r\n<p><span style=\"font-size: 18px;\"><strong>DETALHES DE CONTACTO<\/strong><\/span><br \/>Se tiver d\u00favidas ou quest\u00f5es sobre esta Pol\u00edtica de Privacidade ou as pr\u00e1ticas de privacidade de Brotherootzsup, por favor, entre em contacto, atrav\u00e9s do seguinte email: <a href=\"mailto:brotherootz.sup@gmail.com\">brotherootz.sup@gmail.com<\/a><\/p>\r\n","protected":false},"excerpt":{"rendered":"<p>\u00a0 Pol\u00edtica de Privacidade O site brotherootzsup.com \u00e9 propriedade de Albatross Dimension Lda, com sede em Quinta das Parreiras, Alfanzina Carvoeiro, 8400-550, sendo esta a entidade respons\u00e1vel pelo tratamento de dados pessoais que sejam fornecidos diretamente pelo utilizador ou recolhidos durante o acesso e navega\u00e7\u00e3o do utilizador neste website.A presente Pol\u00edtica de Privacidade visa esclarecer [&hellip;]<\/p>\n","protected":false},"author":116,"featured_media":0,"parent":0,"menu_order":0,"comment_status":"closed","ping_status":"closed","template":"","meta":{"inline_featured_image":false,"footnotes":""},"class_list":["post-364","page","type-page","status-publish","hentry"],"_links":{"self":[{"href":"https:\/\/brotherootzsup.com\/de\/wp-json\/wp\/v2\/pages\/364","targetHints":{"allow":["GET"]}}],"collection":[{"href":"https:\/\/brotherootzsup.com\/de\/wp-json\/wp\/v2\/pages"}],"about":[{"href":"https:\/\/brotherootzsup.com\/de\/wp-json\/wp\/v2\/types\/page"}],"author":[{"embeddable":true,"href":"https:\/\/brotherootzsup.com\/de\/wp-json\/wp\/v2\/users\/116"}],"replies":[{"embeddable":true,"href":"https:\/\/brotherootzsup.com\/de\/wp-json\/wp\/v2\/comments?post=364"}],"version-history":[{"count":0,"href":"https:\/\/brotherootzsup.com\/de\/wp-json\/wp\/v2\/pages\/364\/revisions"}],"wp:attachment":[{"href":"https:\/\/brotherootzsup.com\/de\/wp-json\/wp\/v2\/media?parent=364"}],"curies":[{"name":"wp","href":"https:\/\/api.w.org\/{rel}","templated":true}]}}